{"id":1565,"date":"2022-01-27T11:55:15","date_gmt":"2022-01-27T11:55:15","guid":{"rendered":"https:\/\/renatefrotscher.art\/?page_id=1565"},"modified":"2025-11-17T15:14:33","modified_gmt":"2025-11-17T15:14:33","slug":"bio-renate-frotscher","status":"publish","type":"page","link":"https:\/\/renatefrotscher.art\/en_gb\/bio-renate-frotscher","title":{"rendered":"Bio Renate Frotscher"},"content":{"rendered":"\n<div class=\"wp-block-group alignwide is-layout-grid wp-container-core-group-is-layout-b757edec wp-block-group-is-layout-grid\">\n<figure class=\"wp-block-image size-large\"><img loading=\"lazy\" decoding=\"async\" width=\"768\" height=\"1024\" src=\"https:\/\/renatefrotscher.art\/wp-content\/uploads\/2025\/03\/Renate-salon-1-768x1024.webp\" alt=\"\" class=\"wp-image-7671\" srcset=\"https:\/\/renatefrotscher.art\/wp-content\/uploads\/2025\/03\/Renate-salon-1-768x1024.webp 768w, https:\/\/renatefrotscher.art\/wp-content\/uploads\/2025\/03\/Renate-salon-1-225x300.webp 225w, https:\/\/renatefrotscher.art\/wp-content\/uploads\/2025\/03\/Renate-salon-1-1152x1536.webp 1152w, https:\/\/renatefrotscher.art\/wp-content\/uploads\/2025\/03\/Renate-salon-1-1535x2048.webp 1535w, https:\/\/renatefrotscher.art\/wp-content\/uploads\/2025\/03\/Renate-salon-1-1200x1601.webp 1200w, https:\/\/renatefrotscher.art\/wp-content\/uploads\/2025\/03\/Renate-salon-1.webp 1881w\" sizes=\"auto, (max-width: 768px) 100vw, 768px\" \/><\/figure>\n\n\n\n<div class=\"wp-block-group\"><div class=\"wp-block-group__inner-container is-layout-constrained wp-block-group-is-layout-constrained\">\n<p>Renate Frotscher is a Dutch ceramic artist and designer based in France. Trained in graphic and multimedia design in Rotterdam, she spent two decades working in digital creativity before shifting her focus to clay. She established her studio in the Cantal region in 2019, developing a practice that merges sculptural form with functional design.<\/p>\n\n\n\n<p>Her work is known for its raw stoneware surfaces, porcelain elements and precise handbuilt construction. Drawing on references from baroque ornament to geological textures, she creates contemporary ceramic pieces that sit between sculpture and collectible design. Each work is built entirely by hand, with visible traces of the process intentionally preserved.<\/p>\n\n\n\n<p>Frotscher presents her work through two complementary branches: <strong>RenateFrotscher.Art<\/strong>, dedicated to sculptural and conceptual pieces, and <strong>Studio Renate<\/strong>, focused on collectible ceramic lighting, tables and mirrors. Her practice bridges the worlds of art, craft and design while maintaining a strong emphasis on material honesty and formal tension.<\/p>\n\n\n\n<p>She lives and works in the Cantal, where she produces all pieces in small series or as unique works.<\/p>\n<\/div><\/div>\n<\/div>\n","protected":false},"excerpt":{"rendered":"<p>Renate Frotscher is a Dutch ceramic artist and designer based in France. Trained in graphic and multimedia design in Rotterdam, she spent two decades working in digital creativity before shifting her focus to clay. She established her studio in the Cantal region in 2019, developing a practice that merges sculptural form with functional design. Her&hellip;<\/p>\n","protected":false},"author":1,"featured_media":0,"parent":0,"menu_order":0,"comment_status":"closed","ping_status":"closed","template":"tw-no-title.php","meta":{"footnotes":""},"class_list":["post-1565","page","type-page","status-publish","hentry"],"yoast_head":"<!-- This site is optimized with the Yoast SEO plugin v27.3 - https:\/\/yoast.com\/product\/yoast-seo-wordpress\/ -->\n<title>Bio Renate Frotscher - Renate Frotscher<\/title>\n<meta name=\"description\" content=\"Artiste c\u00e9ramiste bas\u00e9 en France cr\u00e9ant des jouets d&#039;art fantastiques et uniques pour d\u00e9corer votre espace r\u00e9el et virtuel.\" \/>\n<meta name=\"robots\" content=\"index, follow, max-snippet:-1, max-image-preview:large, max-video-preview:-1\" \/>\n<link rel=\"canonical\" href=\"https:\/\/renatefrotscher.art\/en_gb\/bio-renate-frotscher\/\" \/>\n<meta property=\"og:locale\" content=\"en_GB\" \/>\n<meta property=\"og:type\" content=\"article\" \/>\n<meta property=\"og:title\" content=\"Bio Renate Frotscher - Renate Frotscher\" \/>\n<meta property=\"og:description\" content=\"Artiste c\u00e9ramiste bas\u00e9 en France cr\u00e9ant des jouets d&#039;art fantastiques et uniques pour d\u00e9corer votre espace r\u00e9el et virtuel.\" \/>\n<meta property=\"og:url\" content=\"https:\/\/renatefrotscher.art\/en_gb\/bio-renate-frotscher\/\" \/>\n<meta property=\"og:site_name\" content=\"Renate Frotscher\" \/>\n<meta property=\"article:publisher\" content=\"https:\/\/www.facebook.com\/studiorenate\" \/>\n<meta property=\"article:modified_time\" content=\"2025-11-17T15:14:33+00:00\" \/>\n<meta property=\"og:image\" content=\"https:\/\/renatefrotscher.art\/wp-content\/uploads\/2025\/03\/Renate-salon-1.webp\" \/>\n\t<meta property=\"og:image:width\" content=\"1881\" \/>\n\t<meta property=\"og:image:height\" content=\"2509\" \/>\n\t<meta property=\"og:image:type\" content=\"image\/webp\" \/>\n<meta name=\"twitter:label1\" content=\"Estimated reading time\" \/>\n\t<meta name=\"twitter:data1\" content=\"1 minute\" \/>\n<script type=\"application\/ld+json\" class=\"yoast-schema-graph\">{\"@context\":\"https:\\\/\\\/schema.org\",\"@graph\":[{\"@type\":\"WebPage\",\"@id\":\"https:\\\/\\\/renatefrotscher.art\\\/bio-renate-frotscher\",\"url\":\"https:\\\/\\\/renatefrotscher.art\\\/bio-renate-frotscher\",\"name\":\"Bio Renate Frotscher - Renate Frotscher\",\"isPartOf\":{\"@id\":\"https:\\\/\\\/renatefrotscher.art\\\/#website\"},\"primaryImageOfPage\":{\"@id\":\"https:\\\/\\\/renatefrotscher.art\\\/bio-renate-frotscher#primaryimage\"},\"image\":{\"@id\":\"https:\\\/\\\/renatefrotscher.art\\\/bio-renate-frotscher#primaryimage\"},\"thumbnailUrl\":\"https:\\\/\\\/renatefrotscher.art\\\/wp-content\\\/uploads\\\/2025\\\/03\\\/Renate-salon-1-768x1024.webp\",\"datePublished\":\"2022-01-27T11:55:15+00:00\",\"dateModified\":\"2025-11-17T15:14:33+00:00\",\"description\":\"Artiste c\u00e9ramiste bas\u00e9 en France cr\u00e9ant des jouets d'art fantastiques et uniques pour d\u00e9corer votre espace r\u00e9el et virtuel.\",\"breadcrumb\":{\"@id\":\"https:\\\/\\\/renatefrotscher.art\\\/bio-renate-frotscher#breadcrumb\"},\"inLanguage\":\"en-GB\",\"potentialAction\":[{\"@type\":\"ReadAction\",\"target\":[\"https:\\\/\\\/renatefrotscher.art\\\/bio-renate-frotscher\"]}]},{\"@type\":\"ImageObject\",\"inLanguage\":\"en-GB\",\"@id\":\"https:\\\/\\\/renatefrotscher.art\\\/bio-renate-frotscher#primaryimage\",\"url\":\"https:\\\/\\\/renatefrotscher.art\\\/wp-content\\\/uploads\\\/2025\\\/03\\\/Renate-salon-1-768x1024.webp\",\"contentUrl\":\"https:\\\/\\\/renatefrotscher.art\\\/wp-content\\\/uploads\\\/2025\\\/03\\\/Renate-salon-1-768x1024.webp\"},{\"@type\":\"BreadcrumbList\",\"@id\":\"https:\\\/\\\/renatefrotscher.art\\\/bio-renate-frotscher#breadcrumb\",\"itemListElement\":[{\"@type\":\"ListItem\",\"position\":1,\"name\":\"Home\",\"item\":\"https:\\\/\\\/renatefrotscher.art\\\/\"},{\"@type\":\"ListItem\",\"position\":2,\"name\":\"Bio Renate Frotscher\"}]},{\"@type\":\"WebSite\",\"@id\":\"https:\\\/\\\/renatefrotscher.art\\\/#website\",\"url\":\"https:\\\/\\\/renatefrotscher.art\\\/\",\"name\":\"Renate Frotscher Artiste C\u00e9ramiste\",\"description\":\"ARTIST C\u00c9RAMIST\",\"publisher\":{\"@id\":\"https:\\\/\\\/renatefrotscher.art\\\/#\\\/schema\\\/person\\\/2df712b6d2d9cd5cf6de91832d12ed2d\"},\"alternateName\":\"Studio Renate\",\"potentialAction\":[{\"@type\":\"SearchAction\",\"target\":{\"@type\":\"EntryPoint\",\"urlTemplate\":\"https:\\\/\\\/renatefrotscher.art\\\/?s={search_term_string}\"},\"query-input\":{\"@type\":\"PropertyValueSpecification\",\"valueRequired\":true,\"valueName\":\"search_term_string\"}}],\"inLanguage\":\"en-GB\"},{\"@type\":[\"Person\",\"Organization\"],\"@id\":\"https:\\\/\\\/renatefrotscher.art\\\/#\\\/schema\\\/person\\\/2df712b6d2d9cd5cf6de91832d12ed2d\",\"name\":\"Renate Frotscher\",\"image\":{\"@type\":\"ImageObject\",\"inLanguage\":\"en-GB\",\"@id\":\"https:\\\/\\\/renatefrotscher.art\\\/wp-content\\\/uploads\\\/2022\\\/10\\\/RF-logo-rond.png\",\"url\":\"https:\\\/\\\/renatefrotscher.art\\\/wp-content\\\/uploads\\\/2022\\\/10\\\/RF-logo-rond.png\",\"contentUrl\":\"https:\\\/\\\/renatefrotscher.art\\\/wp-content\\\/uploads\\\/2022\\\/10\\\/RF-logo-rond.png\",\"width\":300,\"height\":300,\"caption\":\"Renate Frotscher\"},\"logo\":{\"@id\":\"https:\\\/\\\/renatefrotscher.art\\\/wp-content\\\/uploads\\\/2022\\\/10\\\/RF-logo-rond.png\"},\"sameAs\":[\"https:\\\/\\\/www.facebook.com\\\/studiorenate\",\"https:\\\/\\\/www.instagram.com\\\/studiorenate\\\/\",\"https:\\\/\\\/www.linkedin.com\\\/in\\\/renatefrotscher\\\/\",\"https:\\\/\\\/www.pinterest.fr\\\/renatefr\\\/renate-frotscher-ceramics\\\/\",\"https:\\\/\\\/x.com\\\/https:\\\/\\\/twitter.com\\\/renatefrotscher\"]}]}<\/script>\n<!-- \/ Yoast SEO plugin. -->","yoast_head_json":{"title":"Bio Renate Frotscher - Renate Frotscher","description":"Artiste c\u00e9ramiste bas\u00e9 en France cr\u00e9ant des jouets d'art fantastiques et uniques pour d\u00e9corer votre espace r\u00e9el et virtuel.","robots":{"index":"index","follow":"follow","max-snippet":"max-snippet:-1","max-image-preview":"max-image-preview:large","max-video-preview":"max-video-preview:-1"},"canonical":"https:\/\/renatefrotscher.art\/en_gb\/bio-renate-frotscher\/","og_locale":"en_GB","og_type":"article","og_title":"Bio Renate Frotscher - Renate Frotscher","og_description":"Artiste c\u00e9ramiste bas\u00e9 en France cr\u00e9ant des jouets d'art fantastiques et uniques pour d\u00e9corer votre espace r\u00e9el et virtuel.","og_url":"https:\/\/renatefrotscher.art\/en_gb\/bio-renate-frotscher\/","og_site_name":"Renate Frotscher","article_publisher":"https:\/\/www.facebook.com\/studiorenate","article_modified_time":"2025-11-17T15:14:33+00:00","og_image":[{"width":1881,"height":2509,"url":"https:\/\/renatefrotscher.art\/wp-content\/uploads\/2025\/03\/Renate-salon-1.webp","type":"image\/webp"}],"twitter_misc":{"Estimated reading time":"1 minute"},"schema":{"@context":"https:\/\/schema.org","@graph":[{"@type":"WebPage","@id":"https:\/\/renatefrotscher.art\/bio-renate-frotscher","url":"https:\/\/renatefrotscher.art\/bio-renate-frotscher","name":"Bio Renate Frotscher - Renate Frotscher","isPartOf":{"@id":"https:\/\/renatefrotscher.art\/#website"},"primaryImageOfPage":{"@id":"https:\/\/renatefrotscher.art\/bio-renate-frotscher#primaryimage"},"image":{"@id":"https:\/\/renatefrotscher.art\/bio-renate-frotscher#primaryimage"},"thumbnailUrl":"https:\/\/renatefrotscher.art\/wp-content\/uploads\/2025\/03\/Renate-salon-1-768x1024.webp","datePublished":"2022-01-27T11:55:15+00:00","dateModified":"2025-11-17T15:14:33+00:00","description":"Artiste c\u00e9ramiste bas\u00e9 en France cr\u00e9ant des jouets d'art fantastiques et uniques pour d\u00e9corer votre espace r\u00e9el et virtuel.","breadcrumb":{"@id":"https:\/\/renatefrotscher.art\/bio-renate-frotscher#breadcrumb"},"inLanguage":"en-GB","potentialAction":[{"@type":"ReadAction","target":["https:\/\/renatefrotscher.art\/bio-renate-frotscher"]}]},{"@type":"ImageObject","inLanguage":"en-GB","@id":"https:\/\/renatefrotscher.art\/bio-renate-frotscher#primaryimage","url":"https:\/\/renatefrotscher.art\/wp-content\/uploads\/2025\/03\/Renate-salon-1-768x1024.webp","contentUrl":"https:\/\/renatefrotscher.art\/wp-content\/uploads\/2025\/03\/Renate-salon-1-768x1024.webp"},{"@type":"BreadcrumbList","@id":"https:\/\/renatefrotscher.art\/bio-renate-frotscher#breadcrumb","itemListElement":[{"@type":"ListItem","position":1,"name":"Home","item":"https:\/\/renatefrotscher.art\/"},{"@type":"ListItem","position":2,"name":"Bio Renate Frotscher"}]},{"@type":"WebSite","@id":"https:\/\/renatefrotscher.art\/#website","url":"https:\/\/renatefrotscher.art\/","name":"Renate Frotscher Artiste C\u00e9ramiste","description":"ARTIST C\u00c9RAMIST","publisher":{"@id":"https:\/\/renatefrotscher.art\/#\/schema\/person\/2df712b6d2d9cd5cf6de91832d12ed2d"},"alternateName":"Studio Renate","potentialAction":[{"@type":"SearchAction","target":{"@type":"EntryPoint","urlTemplate":"https:\/\/renatefrotscher.art\/?s={search_term_string}"},"query-input":{"@type":"PropertyValueSpecification","valueRequired":true,"valueName":"search_term_string"}}],"inLanguage":"en-GB"},{"@type":["Person","Organization"],"@id":"https:\/\/renatefrotscher.art\/#\/schema\/person\/2df712b6d2d9cd5cf6de91832d12ed2d","name":"Renate Frotscher","image":{"@type":"ImageObject","inLanguage":"en-GB","@id":"https:\/\/renatefrotscher.art\/wp-content\/uploads\/2022\/10\/RF-logo-rond.png","url":"https:\/\/renatefrotscher.art\/wp-content\/uploads\/2022\/10\/RF-logo-rond.png","contentUrl":"https:\/\/renatefrotscher.art\/wp-content\/uploads\/2022\/10\/RF-logo-rond.png","width":300,"height":300,"caption":"Renate Frotscher"},"logo":{"@id":"https:\/\/renatefrotscher.art\/wp-content\/uploads\/2022\/10\/RF-logo-rond.png"},"sameAs":["https:\/\/www.facebook.com\/studiorenate","https:\/\/www.instagram.com\/studiorenate\/","https:\/\/www.linkedin.com\/in\/renatefrotscher\/","https:\/\/www.pinterest.fr\/renatefr\/renate-frotscher-ceramics\/","https:\/\/x.com\/https:\/\/twitter.com\/renatefrotscher"]}]}},"_links":{"self":[{"href":"https:\/\/renatefrotscher.art\/en_gb\/wp-json\/wp\/v2\/pages\/1565","targetHints":{"allow":["GET"]}}],"collection":[{"href":"https:\/\/renatefrotscher.art\/en_gb\/wp-json\/wp\/v2\/pages"}],"about":[{"href":"https:\/\/renatefrotscher.art\/en_gb\/wp-json\/wp\/v2\/types\/page"}],"author":[{"embeddable":true,"href":"https:\/\/renatefrotscher.art\/en_gb\/wp-json\/wp\/v2\/users\/1"}],"replies":[{"embeddable":true,"href":"https:\/\/renatefrotscher.art\/en_gb\/wp-json\/wp\/v2\/comments?post=1565"}],"version-history":[{"count":3,"href":"https:\/\/renatefrotscher.art\/en_gb\/wp-json\/wp\/v2\/pages\/1565\/revisions"}],"predecessor-version":[{"id":8990,"href":"https:\/\/renatefrotscher.art\/en_gb\/wp-json\/wp\/v2\/pages\/1565\/revisions\/8990"}],"wp:attachment":[{"href":"https:\/\/renatefrotscher.art\/en_gb\/wp-json\/wp\/v2\/media?parent=1565"}],"curies":[{"name":"wp","href":"https:\/\/api.w.org\/{rel}","templated":true}]}}