{"id":693,"date":"2021-11-01T10:36:21","date_gmt":"2021-11-01T10:36:21","guid":{"rendered":"https:\/\/renatefrotscher.art\/?page_id=693"},"modified":"2025-11-17T16:39:55","modified_gmt":"2025-11-17T16:39:55","slug":"pica-lou","status":"publish","type":"page","link":"https:\/\/renatefrotscher.art\/en_gb\/archive\/pica-lou","title":{"rendered":"2020 Dresseur de pok\u00e9mon"},"content":{"rendered":"\n<p class=\"has-text-align-center has-small-font-size\">N\u00e9(e): septembre 2021<br>Taille: H20cm x L15cm x P15cm<\/p>\n\n\n\n<p class=\"has-primary-color has-background-background-color has-text-color has-background has-small-font-size\"><a href=\"https:\/\/renatefrotscher.art\/ceramic-objects\">&lt; Gallery<\/a><\/p>\n\n\n\n<blockquote class=\"wp-block-quote is-style-tw-large-icon is-layout-flow wp-block-quote-is-layout-flow\">\n<p>Je veux devenir dresseur de pok\u00e9mon<\/p>\n<cite>Lou<\/cite><\/blockquote>\n\n\n\n<div class=\"wp-block-media-text is-stacked-on-mobile is-vertically-aligned-top is-image-fill is-style-tw-shadow tw-stack-md has-background\" style=\"background-color:#c7c7c7\"><figure class=\"wp-block-media-text__media\" style=\"background-image:url(https:\/\/renatefrotscher.art\/wp-content\/uploads\/2021\/11\/lou-pica-4_1920-1.jpg);background-position:55% 27%\"><img loading=\"lazy\" decoding=\"async\" width=\"1440\" height=\"1920\" src=\"https:\/\/renatefrotscher.art\/wp-content\/uploads\/2021\/11\/lou-pica-4_1920-1.jpg\" alt=\"\" class=\"wp-image-694 size-full\" srcset=\"https:\/\/renatefrotscher.art\/wp-content\/uploads\/2021\/11\/lou-pica-4_1920-1.jpg 1440w, https:\/\/renatefrotscher.art\/wp-content\/uploads\/2021\/11\/lou-pica-4_1920-1-600x800.jpg 600w, https:\/\/renatefrotscher.art\/wp-content\/uploads\/2021\/11\/lou-pica-4_1920-1-225x300.jpg 225w, https:\/\/renatefrotscher.art\/wp-content\/uploads\/2021\/11\/lou-pica-4_1920-1-768x1024.jpg 768w, https:\/\/renatefrotscher.art\/wp-content\/uploads\/2021\/11\/lou-pica-4_1920-1-1152x1536.jpg 1152w, https:\/\/renatefrotscher.art\/wp-content\/uploads\/2021\/11\/lou-pica-4_1920-1-1200x1600.jpg 1200w\" sizes=\"auto, (max-width: 1440px) 100vw, 1440px\" \/><\/figure><div class=\"wp-block-media-text__content\">\n<p class=\"has-text-align-left tw-mb-0 tw-mt-0\"><br>Sculpture c\u00e9ramique en gr\u00e8s chamott\u00e9 gris, engob\u00e9e. <br>R\u00e9siste au conditions ext\u00e9rieures<br><br><strong>Technique<\/strong>&nbsp;: sculpture r\u00e9alis\u00e9e en colombins<\/p>\n\n\n\n<p class=\"has-text-align-left tw-mb-0 tw-mt-0\">les engobes color\u00e9 sont pos\u00e9es \u00e0 crues et\/ou sur bisque en plusieurs passages au four<\/p>\n\n\n\n<p class=\"has-text-align-left tw-mb-0 tw-mt-0\">Cuisson final haute T\u00b0 (1240 \u00b0c) en four \u00e9lectrique<\/p>\n\n\n\n<p class=\"has-text-align-left tw-mb-0 tw-mt-0\">Pi\u00e8ce unique.<\/p>\n\n\n\n<p class=\"has-text-align-left tw-mb-0 tw-mt-0\"><\/p>\n\n\n<!-- Ecwid shopping cart plugin v 7.0.8 --><!--noptimize--><script data-cfasync=\"false\" data-no-optimize=\"1\">if (typeof jQuery !== undefined && jQuery.mobile) { jQuery.mobile.hashListeningEnabled = false; jQuery.mobile.pushStateEnabled=false; }<\/script><!--\/noptimize--><div class=\"ecwid ecwid-SingleProduct-v2 ecwid-Product ecwid-Product-531160999 ecwid-SingleProduct-v2-bordered ecwid-SingleProduct-v2-centered\" itemscope itemtype=\"http:\/\/schema.org\/Product\" data-single-product-id=\"531160999\" id=\"ecwid-shopping-cart-ecwid_product-1\"><div itemtype=\"http:\/\/schema.org\/Offer\" itemscope itemprop=\"offers\"><div class=\"ecwid-productBrowser-price ecwid-price\" itemprop=\"price\"  data-spw-price-location=\"button\" content=\"0\"><div itemprop=\"priceCurrency\"><\/div><\/div><\/div><div customprop=\"addtobag\"><\/div><\/div> \t\t\t<!--noptimize-->\n\t\t\t<script data-cfasync=\"false\" data-no-optimize=\"1\" type=\"text\/javascript\">\n\t\t\twindow._xnext_initialization_scripts = window._xnext_initialization_scripts || [];\n\t\t\twindow._xnext_initialization_scripts.push({widgetType: 'Product', id: 'ecwid-shopping-cart-ecwid_product-1', arg: [\"display= price addtobag\",\"link=yes\",\"version=2\",\"show_border=\",\"show_price_on_button=1\",\"center_align=1\"]});\n\t\t\t<\/script>\n\t\t\t<!--\/noptimize-->\n\t\t\t<!-- END Ecwid Shopping Cart v 7.0.8 --><\/div><\/div>\n\n\n\n<div class=\"wp-block-cb-carousel\" data-slick=\"{&quot;slidesToShow&quot;:3,&quot;slidesToScroll&quot;:1,&quot;speed&quot;:300,&quot;arrows&quot;:true,&quot;dots&quot;:true,&quot;autoplay&quot;:true,&quot;autoplaySpeed&quot;:3000,&quot;infinite&quot;:true,&quot;responsive&quot;:[{&quot;breakpoint&quot;:1921,&quot;settings&quot;:{&quot;slidesToShow&quot;:1,&quot;slidesToScroll&quot;:1}}]}\">\n<div class=\"wp-block-cb-slide\">\n<figure class=\"wp-block-image size-large\"><img loading=\"lazy\" decoding=\"async\" width=\"1024\" height=\"1024\" src=\"https:\/\/renatefrotscher.art\/wp-content\/uploads\/2021\/11\/lou-pica-6-1920-1024x1024.jpg\" alt=\"\" class=\"wp-image-682\" srcset=\"https:\/\/renatefrotscher.art\/wp-content\/uploads\/2021\/11\/lou-pica-6-1920-1024x1024.jpg 1024w, https:\/\/renatefrotscher.art\/wp-content\/uploads\/2021\/11\/lou-pica-6-1920-450x450.jpg 450w, https:\/\/renatefrotscher.art\/wp-content\/uploads\/2021\/11\/lou-pica-6-1920-100x100.jpg 100w, https:\/\/renatefrotscher.art\/wp-content\/uploads\/2021\/11\/lou-pica-6-1920-600x600.jpg 600w, https:\/\/renatefrotscher.art\/wp-content\/uploads\/2021\/11\/lou-pica-6-1920-300x300.jpg 300w, https:\/\/renatefrotscher.art\/wp-content\/uploads\/2021\/11\/lou-pica-6-1920-150x150.jpg 150w, https:\/\/renatefrotscher.art\/wp-content\/uploads\/2021\/11\/lou-pica-6-1920-768x768.jpg 768w, https:\/\/renatefrotscher.art\/wp-content\/uploads\/2021\/11\/lou-pica-6-1920-1536x1536.jpg 1536w, https:\/\/renatefrotscher.art\/wp-content\/uploads\/2021\/11\/lou-pica-6-1920-1200x1200.jpg 1200w, https:\/\/renatefrotscher.art\/wp-content\/uploads\/2021\/11\/lou-pica-6-1920.jpg 1920w\" sizes=\"auto, (max-width: 1024px) 100vw, 1024px\" \/><\/figure>\n<\/div>\n\n\n\n<div class=\"wp-block-cb-slide\">\n<figure class=\"wp-block-image size-large\"><img decoding=\"async\" src=\"https:\/\/renatefrotscher.art\/wp-content\/uploads\/2021\/11\/lou-pica-5-_1920.pg_-1024x1024.jpg\" alt=\"\" class=\"wp-image-681\"\/><\/figure>\n<\/div>\n\n\n\n<div class=\"wp-block-cb-slide\">\n<figure class=\"wp-block-image size-large\"><img decoding=\"async\" src=\"https:\/\/renatefrotscher.art\/wp-content\/uploads\/2021\/11\/lou-pica-2_1920-1024x1024.jpg\" alt=\"\" class=\"wp-image-679\"\/><\/figure>\n<\/div>\n\n\n\n<div class=\"wp-block-cb-slide\">\n<figure class=\"wp-block-image size-large\"><img decoding=\"async\" src=\"https:\/\/renatefrotscher.art\/wp-content\/uploads\/2021\/11\/lou-pica-1_1920-1024x1024.jpg\" alt=\"\" class=\"wp-image-678\"\/><\/figure>\n<\/div>\n<\/div>\n\n\n\n        <div class=\"modelViewerBlock\" data-attributes='{&quot;align&quot;:&quot;center&quot;,&quot;uniqueId&quot;:&quot;model1871&quot;,&quot;currentViewer&quot;:&quot;modelViewer&quot;,&quot;multiple&quot;:false,&quot;O3DVSettings&quot;:{&quot;isFullscreen&quot;:true,&quot;isPagination&quot;:false,&quot;isNavigation&quot;:false,&quot;camera&quot;:null,&quot;mouseControl&quot;:true},&quot;environmentImage&quot;:null,&quot;lazyLoad&quot;:false,&quot;loading&quot;:&quot;auto&quot;,&quot;autoplay&quot;:false,&quot;shadow&quot;:&quot;1&quot;,&quot;autoRotate&quot;:true,&quot;zoomLevel&quot;:null,&quot;zoom&quot;:true,&quot;isPagination&quot;:false,&quot;isNavigation&quot;:false,&quot;hotspotStyle&quot;:&quot;style-1&quot;,&quot;preload&quot;:&quot;auto&quot;,&quot;rotationPerSecond&quot;:&quot;30&quot;,&quot;mouseControl&quot;:true,&quot;lockXAxisRotation&quot;:false,&quot;lockYAxisRotation&quot;:false,&quot;fullscreen&quot;:true,&quot;zoomInOutBtn&quot;:false,&quot;cameraBtn&quot;:false,&quot;variant&quot;:false,&quot;loadingPercentage&quot;:false,&quot;progressBar&quot;:true,&quot;rotate&quot;:false,&quot;rotateDelay&quot;:3000,&quot;rotateAlongX&quot;:&quot;0&quot;,&quot;rotateAlongY&quot;:&quot;75&quot;,&quot;exposure&quot;:null,&quot;stylesheet&quot;:null,&quot;additional&quot;:{&quot;ID&quot;:&quot;&quot;,&quot;Class&quot;:&quot;&quot;,&quot;CSS&quot;:null},&quot;animation&quot;:false,&quot;woo&quot;:false,&quot;selectedAnimation&quot;:&quot;&quot;,&quot;placement&quot;:&quot;shortcode&quot;,&quot;styles&quot;:{&quot;width&quot;:&quot;100%&quot;,&quot;height&quot;:&quot;320px&quot;,&quot;bgColor&quot;:&quot;transparent&quot;,&quot;progressBarColor&quot;:null},&quot;model&quot;:{&quot;modelUrl&quot;:&quot;https:\\\/\\\/renatefrotscher.art\\\/wp-content\\\/uploads\\\/2022\\\/03\\\/pokemon.glb&quot;,&quot;poster&quot;:&quot;&quot;},&quot;models&quot;:[]}'>\n            <div class=\"bp3d_backup_view\" style=\"display: none;height:350px;\">\n                    <model-viewer camera-controls src=\"https:\/\/renatefrotscher.art\/wp-content\/uploads\/2022\/03\/pokemon.glb\" style=\"height: 350px;\"><\/model-viewer>\n            <\/div>\n            <script>\n                setTimeout(() => {\n                    let backupModels = document.querySelectorAll('.bp3d_backup_view');\n                    if(backupModels.length > 0){\n                        backupModels.forEach(element => {\n                            if(element){\n                                element.style.display = 'block';\n                                setTimeout(() => {\n                                    let adminMessages = document.querySelectorAll('.bp3d_admin_message');\n                                    if(adminMessages.length > 0){\n                                        adminMessages.forEach(adminMessage => {\n                                            if(adminMessage){\n                                                adminMessage.style.display = 'block';\n                                            }\n                                        });\n                                    }\n                                }, 5000);\n                            }\n                        });\n                    }\n                }, 5000);\n            <\/script>\n        <\/div>\n\n\n\n\n\n<p><strong>Entretien<\/strong>&nbsp;: passer la sculpture sous un filet d&#8217;eau pour la d\u00e9poussi\u00e9rer.<\/p>\n","protected":false},"excerpt":{"rendered":"<p>N\u00e9(e): septembre 2021Taille: H20cm x L15cm x P15cm &lt; Gallery Je veux devenir dresseur de pok\u00e9mon Lou Entretien&nbsp;: passer la sculpture sous un filet d&#8217;eau pour la d\u00e9poussi\u00e9rer.<\/p>\n","protected":false},"author":1,"featured_media":0,"parent":9017,"menu_order":0,"comment_status":"closed","ping_status":"closed","template":"","meta":{"footnotes":""},"class_list":["post-693","page","type-page","status-publish","hentry"],"yoast_head":"<!-- This site is optimized with the Yoast SEO plugin v27.3 - https:\/\/yoast.com\/product\/yoast-seo-wordpress\/ -->\n<title>2020 Dresseur de pok\u00e9mon - Renate Frotscher<\/title>\n<meta name=\"description\" content=\"Artiste c\u00e9ramiste bas\u00e9 en France cr\u00e9ant des jouets d&#039;art fantastiques et uniques pour d\u00e9corer votre espace r\u00e9el et virtuel.\" \/>\n<meta name=\"robots\" content=\"index, follow, max-snippet:-1, max-image-preview:large, max-video-preview:-1\" \/>\n<link rel=\"canonical\" href=\"https:\/\/renatefrotscher.art\/en_gb\/archive\/pica-lou\/\" \/>\n<meta property=\"og:locale\" content=\"en_GB\" \/>\n<meta property=\"og:type\" content=\"article\" \/>\n<meta property=\"og:title\" content=\"2020 Dresseur de pok\u00e9mon - Renate Frotscher\" \/>\n<meta property=\"og:description\" content=\"Artiste c\u00e9ramiste bas\u00e9 en France cr\u00e9ant des jouets d&#039;art fantastiques et uniques pour d\u00e9corer votre espace r\u00e9el et virtuel.\" \/>\n<meta property=\"og:url\" content=\"https:\/\/renatefrotscher.art\/en_gb\/archive\/pica-lou\/\" \/>\n<meta property=\"og:site_name\" content=\"Renate Frotscher\" \/>\n<meta property=\"article:publisher\" content=\"https:\/\/www.facebook.com\/studiorenate\" \/>\n<meta property=\"article:modified_time\" content=\"2025-11-17T16:39:55+00:00\" \/>\n<meta property=\"og:image\" content=\"https:\/\/renatefrotscher.art\/wp-content\/uploads\/2021\/11\/lou-pica-4_1920-1.jpg\" \/>\n\t<meta property=\"og:image:width\" content=\"1440\" \/>\n\t<meta property=\"og:image:height\" content=\"1920\" \/>\n\t<meta property=\"og:image:type\" content=\"image\/jpeg\" \/>\n<meta name=\"twitter:label1\" content=\"Estimated reading time\" \/>\n\t<meta name=\"twitter:data1\" content=\"2 minutes\" \/>\n<script type=\"application\/ld+json\" class=\"yoast-schema-graph\">{\"@context\":\"https:\\\/\\\/schema.org\",\"@graph\":[{\"@type\":\"WebPage\",\"@id\":\"https:\\\/\\\/renatefrotscher.art\\\/archive\\\/pica-lou\",\"url\":\"https:\\\/\\\/renatefrotscher.art\\\/archive\\\/pica-lou\",\"name\":\"2020 Dresseur de pok\u00e9mon - Renate Frotscher\",\"isPartOf\":{\"@id\":\"https:\\\/\\\/renatefrotscher.art\\\/#website\"},\"primaryImageOfPage\":{\"@id\":\"https:\\\/\\\/renatefrotscher.art\\\/archive\\\/pica-lou#primaryimage\"},\"image\":{\"@id\":\"https:\\\/\\\/renatefrotscher.art\\\/archive\\\/pica-lou#primaryimage\"},\"thumbnailUrl\":\"https:\\\/\\\/renatefrotscher.art\\\/wp-content\\\/uploads\\\/2021\\\/11\\\/lou-pica-4_1920-1.jpg\",\"datePublished\":\"2021-11-01T10:36:21+00:00\",\"dateModified\":\"2025-11-17T16:39:55+00:00\",\"description\":\"Artiste c\u00e9ramiste bas\u00e9 en France cr\u00e9ant des jouets d'art fantastiques et uniques pour d\u00e9corer votre espace r\u00e9el et virtuel.\",\"breadcrumb\":{\"@id\":\"https:\\\/\\\/renatefrotscher.art\\\/archive\\\/pica-lou#breadcrumb\"},\"inLanguage\":\"en-GB\",\"potentialAction\":[{\"@type\":\"ReadAction\",\"target\":[\"https:\\\/\\\/renatefrotscher.art\\\/archive\\\/pica-lou\"]}]},{\"@type\":\"ImageObject\",\"inLanguage\":\"en-GB\",\"@id\":\"https:\\\/\\\/renatefrotscher.art\\\/archive\\\/pica-lou#primaryimage\",\"url\":\"https:\\\/\\\/renatefrotscher.art\\\/wp-content\\\/uploads\\\/2021\\\/11\\\/lou-pica-4_1920-1.jpg\",\"contentUrl\":\"https:\\\/\\\/renatefrotscher.art\\\/wp-content\\\/uploads\\\/2021\\\/11\\\/lou-pica-4_1920-1.jpg\"},{\"@type\":\"BreadcrumbList\",\"@id\":\"https:\\\/\\\/renatefrotscher.art\\\/archive\\\/pica-lou#breadcrumb\",\"itemListElement\":[{\"@type\":\"ListItem\",\"position\":1,\"name\":\"Home\",\"item\":\"https:\\\/\\\/renatefrotscher.art\\\/\"},{\"@type\":\"ListItem\",\"position\":2,\"name\":\"Archive\",\"item\":\"https:\\\/\\\/renatefrotscher.art\\\/archive\"},{\"@type\":\"ListItem\",\"position\":3,\"name\":\"2020 Dresseur de pok\u00e9mon\"}]},{\"@type\":\"WebSite\",\"@id\":\"https:\\\/\\\/renatefrotscher.art\\\/#website\",\"url\":\"https:\\\/\\\/renatefrotscher.art\\\/\",\"name\":\"Renate Frotscher Artiste C\u00e9ramiste\",\"description\":\"ARTIST C\u00c9RAMIST\",\"publisher\":{\"@id\":\"https:\\\/\\\/renatefrotscher.art\\\/#\\\/schema\\\/person\\\/2df712b6d2d9cd5cf6de91832d12ed2d\"},\"alternateName\":\"Studio Renate\",\"potentialAction\":[{\"@type\":\"SearchAction\",\"target\":{\"@type\":\"EntryPoint\",\"urlTemplate\":\"https:\\\/\\\/renatefrotscher.art\\\/?s={search_term_string}\"},\"query-input\":{\"@type\":\"PropertyValueSpecification\",\"valueRequired\":true,\"valueName\":\"search_term_string\"}}],\"inLanguage\":\"en-GB\"},{\"@type\":[\"Person\",\"Organization\"],\"@id\":\"https:\\\/\\\/renatefrotscher.art\\\/#\\\/schema\\\/person\\\/2df712b6d2d9cd5cf6de91832d12ed2d\",\"name\":\"Renate Frotscher\",\"image\":{\"@type\":\"ImageObject\",\"inLanguage\":\"en-GB\",\"@id\":\"https:\\\/\\\/renatefrotscher.art\\\/wp-content\\\/uploads\\\/2022\\\/10\\\/RF-logo-rond.png\",\"url\":\"https:\\\/\\\/renatefrotscher.art\\\/wp-content\\\/uploads\\\/2022\\\/10\\\/RF-logo-rond.png\",\"contentUrl\":\"https:\\\/\\\/renatefrotscher.art\\\/wp-content\\\/uploads\\\/2022\\\/10\\\/RF-logo-rond.png\",\"width\":300,\"height\":300,\"caption\":\"Renate Frotscher\"},\"logo\":{\"@id\":\"https:\\\/\\\/renatefrotscher.art\\\/wp-content\\\/uploads\\\/2022\\\/10\\\/RF-logo-rond.png\"},\"sameAs\":[\"https:\\\/\\\/www.facebook.com\\\/studiorenate\",\"https:\\\/\\\/www.instagram.com\\\/studiorenate\\\/\",\"https:\\\/\\\/www.linkedin.com\\\/in\\\/renatefrotscher\\\/\",\"https:\\\/\\\/www.pinterest.fr\\\/renatefr\\\/renate-frotscher-ceramics\\\/\",\"https:\\\/\\\/x.com\\\/https:\\\/\\\/twitter.com\\\/renatefrotscher\"]}]}<\/script>\n<!-- \/ Yoast SEO plugin. -->","yoast_head_json":{"title":"2020 Dresseur de pok\u00e9mon - Renate Frotscher","description":"Artiste c\u00e9ramiste bas\u00e9 en France cr\u00e9ant des jouets d'art fantastiques et uniques pour d\u00e9corer votre espace r\u00e9el et virtuel.","robots":{"index":"index","follow":"follow","max-snippet":"max-snippet:-1","max-image-preview":"max-image-preview:large","max-video-preview":"max-video-preview:-1"},"canonical":"https:\/\/renatefrotscher.art\/en_gb\/archive\/pica-lou\/","og_locale":"en_GB","og_type":"article","og_title":"2020 Dresseur de pok\u00e9mon - Renate Frotscher","og_description":"Artiste c\u00e9ramiste bas\u00e9 en France cr\u00e9ant des jouets d'art fantastiques et uniques pour d\u00e9corer votre espace r\u00e9el et virtuel.","og_url":"https:\/\/renatefrotscher.art\/en_gb\/archive\/pica-lou\/","og_site_name":"Renate Frotscher","article_publisher":"https:\/\/www.facebook.com\/studiorenate","article_modified_time":"2025-11-17T16:39:55+00:00","og_image":[{"width":1440,"height":1920,"url":"https:\/\/renatefrotscher.art\/wp-content\/uploads\/2021\/11\/lou-pica-4_1920-1.jpg","type":"image\/jpeg"}],"twitter_misc":{"Estimated reading time":"2 minutes"},"schema":{"@context":"https:\/\/schema.org","@graph":[{"@type":"WebPage","@id":"https:\/\/renatefrotscher.art\/archive\/pica-lou","url":"https:\/\/renatefrotscher.art\/archive\/pica-lou","name":"2020 Dresseur de pok\u00e9mon - Renate Frotscher","isPartOf":{"@id":"https:\/\/renatefrotscher.art\/#website"},"primaryImageOfPage":{"@id":"https:\/\/renatefrotscher.art\/archive\/pica-lou#primaryimage"},"image":{"@id":"https:\/\/renatefrotscher.art\/archive\/pica-lou#primaryimage"},"thumbnailUrl":"https:\/\/renatefrotscher.art\/wp-content\/uploads\/2021\/11\/lou-pica-4_1920-1.jpg","datePublished":"2021-11-01T10:36:21+00:00","dateModified":"2025-11-17T16:39:55+00:00","description":"Artiste c\u00e9ramiste bas\u00e9 en France cr\u00e9ant des jouets d'art fantastiques et uniques pour d\u00e9corer votre espace r\u00e9el et virtuel.","breadcrumb":{"@id":"https:\/\/renatefrotscher.art\/archive\/pica-lou#breadcrumb"},"inLanguage":"en-GB","potentialAction":[{"@type":"ReadAction","target":["https:\/\/renatefrotscher.art\/archive\/pica-lou"]}]},{"@type":"ImageObject","inLanguage":"en-GB","@id":"https:\/\/renatefrotscher.art\/archive\/pica-lou#primaryimage","url":"https:\/\/renatefrotscher.art\/wp-content\/uploads\/2021\/11\/lou-pica-4_1920-1.jpg","contentUrl":"https:\/\/renatefrotscher.art\/wp-content\/uploads\/2021\/11\/lou-pica-4_1920-1.jpg"},{"@type":"BreadcrumbList","@id":"https:\/\/renatefrotscher.art\/archive\/pica-lou#breadcrumb","itemListElement":[{"@type":"ListItem","position":1,"name":"Home","item":"https:\/\/renatefrotscher.art\/"},{"@type":"ListItem","position":2,"name":"Archive","item":"https:\/\/renatefrotscher.art\/archive"},{"@type":"ListItem","position":3,"name":"2020 Dresseur de pok\u00e9mon"}]},{"@type":"WebSite","@id":"https:\/\/renatefrotscher.art\/#website","url":"https:\/\/renatefrotscher.art\/","name":"Renate Frotscher Artiste C\u00e9ramiste","description":"ARTIST C\u00c9RAMIST","publisher":{"@id":"https:\/\/renatefrotscher.art\/#\/schema\/person\/2df712b6d2d9cd5cf6de91832d12ed2d"},"alternateName":"Studio Renate","potentialAction":[{"@type":"SearchAction","target":{"@type":"EntryPoint","urlTemplate":"https:\/\/renatefrotscher.art\/?s={search_term_string}"},"query-input":{"@type":"PropertyValueSpecification","valueRequired":true,"valueName":"search_term_string"}}],"inLanguage":"en-GB"},{"@type":["Person","Organization"],"@id":"https:\/\/renatefrotscher.art\/#\/schema\/person\/2df712b6d2d9cd5cf6de91832d12ed2d","name":"Renate Frotscher","image":{"@type":"ImageObject","inLanguage":"en-GB","@id":"https:\/\/renatefrotscher.art\/wp-content\/uploads\/2022\/10\/RF-logo-rond.png","url":"https:\/\/renatefrotscher.art\/wp-content\/uploads\/2022\/10\/RF-logo-rond.png","contentUrl":"https:\/\/renatefrotscher.art\/wp-content\/uploads\/2022\/10\/RF-logo-rond.png","width":300,"height":300,"caption":"Renate Frotscher"},"logo":{"@id":"https:\/\/renatefrotscher.art\/wp-content\/uploads\/2022\/10\/RF-logo-rond.png"},"sameAs":["https:\/\/www.facebook.com\/studiorenate","https:\/\/www.instagram.com\/studiorenate\/","https:\/\/www.linkedin.com\/in\/renatefrotscher\/","https:\/\/www.pinterest.fr\/renatefr\/renate-frotscher-ceramics\/","https:\/\/x.com\/https:\/\/twitter.com\/renatefrotscher"]}]}},"_links":{"self":[{"href":"https:\/\/renatefrotscher.art\/en_gb\/wp-json\/wp\/v2\/pages\/693","targetHints":{"allow":["GET"]}}],"collection":[{"href":"https:\/\/renatefrotscher.art\/en_gb\/wp-json\/wp\/v2\/pages"}],"about":[{"href":"https:\/\/renatefrotscher.art\/en_gb\/wp-json\/wp\/v2\/types\/page"}],"author":[{"embeddable":true,"href":"https:\/\/renatefrotscher.art\/en_gb\/wp-json\/wp\/v2\/users\/1"}],"replies":[{"embeddable":true,"href":"https:\/\/renatefrotscher.art\/en_gb\/wp-json\/wp\/v2\/comments?post=693"}],"version-history":[{"count":1,"href":"https:\/\/renatefrotscher.art\/en_gb\/wp-json\/wp\/v2\/pages\/693\/revisions"}],"predecessor-version":[{"id":9050,"href":"https:\/\/renatefrotscher.art\/en_gb\/wp-json\/wp\/v2\/pages\/693\/revisions\/9050"}],"up":[{"embeddable":true,"href":"https:\/\/renatefrotscher.art\/en_gb\/wp-json\/wp\/v2\/pages\/9017"}],"wp:attachment":[{"href":"https:\/\/renatefrotscher.art\/en_gb\/wp-json\/wp\/v2\/media?parent=693"}],"curies":[{"name":"wp","href":"https:\/\/api.w.org\/{rel}","templated":true}]}}