{"id":728,"date":"2021-11-01T12:38:44","date_gmt":"2021-11-01T12:38:44","guid":{"rendered":"https:\/\/renatefrotscher.art\/?page_id=728"},"modified":"2025-11-17T16:40:14","modified_gmt":"2025-11-17T16:40:14","slug":"mea-monstre","status":"publish","type":"page","link":"https:\/\/renatefrotscher.art\/en_gb\/archive\/mea-monstre","title":{"rendered":"2021 Mea Monstre"},"content":{"rendered":"\n<p class=\"has-text-align-center has-small-font-size\">N\u00e9(e): octobre 2021<br>Taille: H22cm x L15cm x P13cm<\/p>\n\n\n\n<p class=\"has-primary-color has-background-background-color has-text-color has-background has-small-font-size\"><a href=\"https:\/\/renatefrotscher.art\/ceramic-objects\">&lt; Gallery<\/a><\/p>\n\n\n\n<div class=\"wp-block-media-text is-stacked-on-mobile is-vertically-aligned-top is-image-fill is-style-tw-shadow has-background tw-stack-md\" style=\"background-color:#c7c7c7\"><figure class=\"wp-block-media-text__media\" style=\"background-image:url(https:\/\/renatefrotscher.art\/wp-content\/uploads\/2021\/11\/mae-monster-1920-1024x1024.jpg);background-position:49% 23%\"><img loading=\"lazy\" decoding=\"async\" width=\"1024\" height=\"1024\" src=\"https:\/\/renatefrotscher.art\/wp-content\/uploads\/2021\/11\/mae-monster-1920-1024x1024.jpg\" alt=\"\" class=\"wp-image-686 size-full\" srcset=\"https:\/\/renatefrotscher.art\/wp-content\/uploads\/2021\/11\/mae-monster-1920-1024x1024.jpg 1024w, https:\/\/renatefrotscher.art\/wp-content\/uploads\/2021\/11\/mae-monster-1920-450x450.jpg 450w, https:\/\/renatefrotscher.art\/wp-content\/uploads\/2021\/11\/mae-monster-1920-100x100.jpg 100w, https:\/\/renatefrotscher.art\/wp-content\/uploads\/2021\/11\/mae-monster-1920-600x600.jpg 600w, https:\/\/renatefrotscher.art\/wp-content\/uploads\/2021\/11\/mae-monster-1920-300x300.jpg 300w, https:\/\/renatefrotscher.art\/wp-content\/uploads\/2021\/11\/mae-monster-1920-150x150.jpg 150w, https:\/\/renatefrotscher.art\/wp-content\/uploads\/2021\/11\/mae-monster-1920-768x768.jpg 768w, https:\/\/renatefrotscher.art\/wp-content\/uploads\/2021\/11\/mae-monster-1920-1536x1536.jpg 1536w, https:\/\/renatefrotscher.art\/wp-content\/uploads\/2021\/11\/mae-monster-1920-1200x1200.jpg 1200w, https:\/\/renatefrotscher.art\/wp-content\/uploads\/2021\/11\/mae-monster-1920.jpg 1920w\" sizes=\"auto, (max-width: 1024px) 100vw, 1024px\" \/><\/figure><div class=\"wp-block-media-text__content\">\n<p class=\"has-text-align-left tw-mb-0 tw-mt-0\"><br>Sculpture c\u00e9ramique en gr\u00e8s chamott\u00e9 gris, engob\u00e9e. <br>R\u00e9siste au conditions ext\u00e9rieures<br><br><strong>Technique<\/strong>&nbsp;: sculpture r\u00e9alis\u00e9e en colombins<\/p>\n\n\n\n<p class=\"has-text-align-left tw-mb-0 tw-mt-0\">les engobes color\u00e9 sont pos\u00e9es \u00e0 crues et\/ou sur bisque en plusieurs passages au four<\/p>\n\n\n\n<p class=\"has-text-align-left tw-mb-0 tw-mt-0\">Cuisson final haute T\u00b0 (1240 \u00b0c) en four \u00e9lectrique<\/p>\n\n\n\n<p class=\"has-text-align-left tw-mb-0 tw-mt-0\">Pi\u00e8ce unique.<\/p>\n\n\n\n<p class=\"has-text-align-left tw-mb-0 tw-mt-0\"><strong>\u00e0 adopter \u20ac250<\/strong><\/p>\n<\/div><\/div>\n\n\n\n<div class=\"wp-block-cb-carousel\" data-slick=\"{&quot;slidesToShow&quot;:3,&quot;slidesToScroll&quot;:1,&quot;speed&quot;:300,&quot;arrows&quot;:true,&quot;dots&quot;:true,&quot;autoplay&quot;:true,&quot;autoplaySpeed&quot;:3000,&quot;infinite&quot;:true,&quot;responsive&quot;:[{&quot;breakpoint&quot;:1921,&quot;settings&quot;:{&quot;slidesToShow&quot;:1}}]}\">\n<div class=\"wp-block-cb-slide\">\n<figure class=\"wp-block-image size-large\"><img loading=\"lazy\" decoding=\"async\" width=\"1024\" height=\"1024\" src=\"https:\/\/renatefrotscher.art\/wp-content\/uploads\/2021\/11\/mae-monster-1920-1024x1024.jpg\" alt=\"\" class=\"wp-image-686\" srcset=\"https:\/\/renatefrotscher.art\/wp-content\/uploads\/2021\/11\/mae-monster-1920-1024x1024.jpg 1024w, https:\/\/renatefrotscher.art\/wp-content\/uploads\/2021\/11\/mae-monster-1920-450x450.jpg 450w, https:\/\/renatefrotscher.art\/wp-content\/uploads\/2021\/11\/mae-monster-1920-100x100.jpg 100w, https:\/\/renatefrotscher.art\/wp-content\/uploads\/2021\/11\/mae-monster-1920-600x600.jpg 600w, https:\/\/renatefrotscher.art\/wp-content\/uploads\/2021\/11\/mae-monster-1920-300x300.jpg 300w, https:\/\/renatefrotscher.art\/wp-content\/uploads\/2021\/11\/mae-monster-1920-150x150.jpg 150w, https:\/\/renatefrotscher.art\/wp-content\/uploads\/2021\/11\/mae-monster-1920-768x768.jpg 768w, https:\/\/renatefrotscher.art\/wp-content\/uploads\/2021\/11\/mae-monster-1920-1536x1536.jpg 1536w, https:\/\/renatefrotscher.art\/wp-content\/uploads\/2021\/11\/mae-monster-1920-1200x1200.jpg 1200w, https:\/\/renatefrotscher.art\/wp-content\/uploads\/2021\/11\/mae-monster-1920.jpg 1920w\" sizes=\"auto, (max-width: 1024px) 100vw, 1024px\" \/><\/figure>\n<\/div>\n\n\n\n<div class=\"wp-block-cb-slide\">\n<figure class=\"wp-block-image size-large\"><img loading=\"lazy\" decoding=\"async\" width=\"1024\" height=\"1024\" src=\"https:\/\/renatefrotscher.art\/wp-content\/uploads\/2021\/11\/mae-monster-2_1920-1024x1024.jpg\" alt=\"\" class=\"wp-image-683\" srcset=\"https:\/\/renatefrotscher.art\/wp-content\/uploads\/2021\/11\/mae-monster-2_1920-1024x1024.jpg 1024w, https:\/\/renatefrotscher.art\/wp-content\/uploads\/2021\/11\/mae-monster-2_1920-450x450.jpg 450w, https:\/\/renatefrotscher.art\/wp-content\/uploads\/2021\/11\/mae-monster-2_1920-100x100.jpg 100w, https:\/\/renatefrotscher.art\/wp-content\/uploads\/2021\/11\/mae-monster-2_1920-600x600.jpg 600w, https:\/\/renatefrotscher.art\/wp-content\/uploads\/2021\/11\/mae-monster-2_1920-300x300.jpg 300w, https:\/\/renatefrotscher.art\/wp-content\/uploads\/2021\/11\/mae-monster-2_1920-150x150.jpg 150w, https:\/\/renatefrotscher.art\/wp-content\/uploads\/2021\/11\/mae-monster-2_1920-768x768.jpg 768w, https:\/\/renatefrotscher.art\/wp-content\/uploads\/2021\/11\/mae-monster-2_1920-1536x1536.jpg 1536w, https:\/\/renatefrotscher.art\/wp-content\/uploads\/2021\/11\/mae-monster-2_1920-1200x1200.jpg 1200w, https:\/\/renatefrotscher.art\/wp-content\/uploads\/2021\/11\/mae-monster-2_1920.jpg 1920w\" sizes=\"auto, (max-width: 1024px) 100vw, 1024px\" \/><\/figure>\n<\/div>\n\n\n\n<div class=\"wp-block-cb-slide\">\n<figure class=\"wp-block-image size-large\"><img loading=\"lazy\" decoding=\"async\" width=\"768\" height=\"1024\" src=\"https:\/\/renatefrotscher.art\/wp-content\/uploads\/2021\/11\/mae-monster-3_1920-768x1024.jpg\" alt=\"\" class=\"wp-image-684\" srcset=\"https:\/\/renatefrotscher.art\/wp-content\/uploads\/2021\/11\/mae-monster-3_1920-768x1024.jpg 768w, https:\/\/renatefrotscher.art\/wp-content\/uploads\/2021\/11\/mae-monster-3_1920-600x800.jpg 600w, https:\/\/renatefrotscher.art\/wp-content\/uploads\/2021\/11\/mae-monster-3_1920-225x300.jpg 225w, https:\/\/renatefrotscher.art\/wp-content\/uploads\/2021\/11\/mae-monster-3_1920-1152x1536.jpg 1152w, https:\/\/renatefrotscher.art\/wp-content\/uploads\/2021\/11\/mae-monster-3_1920-1200x1600.jpg 1200w, https:\/\/renatefrotscher.art\/wp-content\/uploads\/2021\/11\/mae-monster-3_1920.jpg 1440w\" sizes=\"auto, (max-width: 768px) 100vw, 768px\" \/><\/figure>\n<\/div>\n\n\n\n<div class=\"wp-block-cb-slide\">\n<figure class=\"wp-block-image size-large\"><img loading=\"lazy\" decoding=\"async\" width=\"1024\" height=\"1024\" src=\"https:\/\/renatefrotscher.art\/wp-content\/uploads\/2021\/10\/3FBA4148-2C83-4985-A6C7-AB3A9490C23A-1024x1024.jpeg\" alt=\"\" class=\"wp-image-673\" srcset=\"https:\/\/renatefrotscher.art\/wp-content\/uploads\/2021\/10\/3FBA4148-2C83-4985-A6C7-AB3A9490C23A-1024x1024.jpeg 1024w, https:\/\/renatefrotscher.art\/wp-content\/uploads\/2021\/10\/3FBA4148-2C83-4985-A6C7-AB3A9490C23A-scaled-450x450.jpeg 450w, https:\/\/renatefrotscher.art\/wp-content\/uploads\/2021\/10\/3FBA4148-2C83-4985-A6C7-AB3A9490C23A-scaled-100x100.jpeg 100w, https:\/\/renatefrotscher.art\/wp-content\/uploads\/2021\/10\/3FBA4148-2C83-4985-A6C7-AB3A9490C23A-scaled-600x600.jpeg 600w, https:\/\/renatefrotscher.art\/wp-content\/uploads\/2021\/10\/3FBA4148-2C83-4985-A6C7-AB3A9490C23A-300x300.jpeg 300w, https:\/\/renatefrotscher.art\/wp-content\/uploads\/2021\/10\/3FBA4148-2C83-4985-A6C7-AB3A9490C23A-150x150.jpeg 150w, https:\/\/renatefrotscher.art\/wp-content\/uploads\/2021\/10\/3FBA4148-2C83-4985-A6C7-AB3A9490C23A-768x768.jpeg 768w, https:\/\/renatefrotscher.art\/wp-content\/uploads\/2021\/10\/3FBA4148-2C83-4985-A6C7-AB3A9490C23A-1536x1536.jpeg 1536w, https:\/\/renatefrotscher.art\/wp-content\/uploads\/2021\/10\/3FBA4148-2C83-4985-A6C7-AB3A9490C23A-2048x2048.jpeg 2048w, https:\/\/renatefrotscher.art\/wp-content\/uploads\/2021\/10\/3FBA4148-2C83-4985-A6C7-AB3A9490C23A-1200x1200.jpeg 1200w, https:\/\/renatefrotscher.art\/wp-content\/uploads\/2021\/10\/3FBA4148-2C83-4985-A6C7-AB3A9490C23A-1980x1980.jpeg 1980w\" sizes=\"auto, (max-width: 1024px) 100vw, 1024px\" \/><\/figure>\n<\/div>\n<\/div>\n\n\n\n<p><strong>Entretien<\/strong>&nbsp;: passer la sculpture sous un filet d&#8217;eau pour la d\u00e9poussi\u00e9rer.<\/p>\n","protected":false},"excerpt":{"rendered":"<p>N\u00e9(e): octobre 2021Taille: H22cm x L15cm x P13cm &lt; Gallery Sculpture c\u00e9ramique en gr\u00e8s chamott\u00e9 gris, engob\u00e9e. R\u00e9siste au conditions ext\u00e9rieures Technique&nbsp;: sculpture r\u00e9alis\u00e9e en colombins les engobes color\u00e9 sont pos\u00e9es \u00e0 crues et\/ou sur bisque en plusieurs passages au four Cuisson final haute T\u00b0 (1240 \u00b0c) en four \u00e9lectrique Pi\u00e8ce unique. \u00e0 adopter \u20ac250&hellip;<\/p>\n","protected":false},"author":1,"featured_media":0,"parent":9017,"menu_order":0,"comment_status":"closed","ping_status":"closed","template":"","meta":{"footnotes":""},"class_list":["post-728","page","type-page","status-publish","hentry"],"yoast_head":"<!-- This site is optimized with the Yoast SEO plugin v27.3 - https:\/\/yoast.com\/product\/yoast-seo-wordpress\/ -->\n<title>2021 Mea Monstre - Renate Frotscher<\/title>\n<meta name=\"description\" content=\"Artiste c\u00e9ramiste bas\u00e9 en France cr\u00e9ant des jouets d&#039;art fantastiques et uniques pour d\u00e9corer votre espace r\u00e9el et virtuel.\" \/>\n<meta name=\"robots\" content=\"index, follow, max-snippet:-1, max-image-preview:large, max-video-preview:-1\" \/>\n<link rel=\"canonical\" href=\"https:\/\/renatefrotscher.art\/en_gb\/archive\/mea-monstre\/\" \/>\n<meta property=\"og:locale\" content=\"en_GB\" \/>\n<meta property=\"og:type\" content=\"article\" \/>\n<meta property=\"og:title\" content=\"2021 Mea Monstre - Renate Frotscher\" \/>\n<meta property=\"og:description\" content=\"Artiste c\u00e9ramiste bas\u00e9 en France cr\u00e9ant des jouets d&#039;art fantastiques et uniques pour d\u00e9corer votre espace r\u00e9el et virtuel.\" \/>\n<meta property=\"og:url\" content=\"https:\/\/renatefrotscher.art\/en_gb\/archive\/mea-monstre\/\" \/>\n<meta property=\"og:site_name\" content=\"Renate Frotscher\" \/>\n<meta property=\"article:publisher\" content=\"https:\/\/www.facebook.com\/studiorenate\" \/>\n<meta property=\"article:modified_time\" content=\"2025-11-17T16:40:14+00:00\" \/>\n<meta property=\"og:image\" content=\"https:\/\/renatefrotscher.art\/wp-content\/uploads\/2021\/11\/mae-monster-1920.jpg\" \/>\n\t<meta property=\"og:image:width\" content=\"1920\" \/>\n\t<meta property=\"og:image:height\" content=\"1920\" \/>\n\t<meta property=\"og:image:type\" content=\"image\/jpeg\" \/>\n<script type=\"application\/ld+json\" class=\"yoast-schema-graph\">{\"@context\":\"https:\\\/\\\/schema.org\",\"@graph\":[{\"@type\":\"WebPage\",\"@id\":\"https:\\\/\\\/renatefrotscher.art\\\/archive\\\/mea-monstre\",\"url\":\"https:\\\/\\\/renatefrotscher.art\\\/archive\\\/mea-monstre\",\"name\":\"2021 Mea Monstre - Renate Frotscher\",\"isPartOf\":{\"@id\":\"https:\\\/\\\/renatefrotscher.art\\\/#website\"},\"primaryImageOfPage\":{\"@id\":\"https:\\\/\\\/renatefrotscher.art\\\/archive\\\/mea-monstre#primaryimage\"},\"image\":{\"@id\":\"https:\\\/\\\/renatefrotscher.art\\\/archive\\\/mea-monstre#primaryimage\"},\"thumbnailUrl\":\"https:\\\/\\\/renatefrotscher.art\\\/wp-content\\\/uploads\\\/2021\\\/11\\\/mae-monster-1920-1024x1024.jpg\",\"datePublished\":\"2021-11-01T12:38:44+00:00\",\"dateModified\":\"2025-11-17T16:40:14+00:00\",\"description\":\"Artiste c\u00e9ramiste bas\u00e9 en France cr\u00e9ant des jouets d'art fantastiques et uniques pour d\u00e9corer votre espace r\u00e9el et virtuel.\",\"breadcrumb\":{\"@id\":\"https:\\\/\\\/renatefrotscher.art\\\/archive\\\/mea-monstre#breadcrumb\"},\"inLanguage\":\"en-GB\",\"potentialAction\":[{\"@type\":\"ReadAction\",\"target\":[\"https:\\\/\\\/renatefrotscher.art\\\/archive\\\/mea-monstre\"]}]},{\"@type\":\"ImageObject\",\"inLanguage\":\"en-GB\",\"@id\":\"https:\\\/\\\/renatefrotscher.art\\\/archive\\\/mea-monstre#primaryimage\",\"url\":\"https:\\\/\\\/renatefrotscher.art\\\/wp-content\\\/uploads\\\/2021\\\/11\\\/mae-monster-1920-1024x1024.jpg\",\"contentUrl\":\"https:\\\/\\\/renatefrotscher.art\\\/wp-content\\\/uploads\\\/2021\\\/11\\\/mae-monster-1920-1024x1024.jpg\"},{\"@type\":\"BreadcrumbList\",\"@id\":\"https:\\\/\\\/renatefrotscher.art\\\/archive\\\/mea-monstre#breadcrumb\",\"itemListElement\":[{\"@type\":\"ListItem\",\"position\":1,\"name\":\"Home\",\"item\":\"https:\\\/\\\/renatefrotscher.art\\\/\"},{\"@type\":\"ListItem\",\"position\":2,\"name\":\"Archive\",\"item\":\"https:\\\/\\\/renatefrotscher.art\\\/archive\"},{\"@type\":\"ListItem\",\"position\":3,\"name\":\"2021 Mea Monstre\"}]},{\"@type\":\"WebSite\",\"@id\":\"https:\\\/\\\/renatefrotscher.art\\\/#website\",\"url\":\"https:\\\/\\\/renatefrotscher.art\\\/\",\"name\":\"Renate Frotscher Artiste C\u00e9ramiste\",\"description\":\"ARTIST C\u00c9RAMIST\",\"publisher\":{\"@id\":\"https:\\\/\\\/renatefrotscher.art\\\/#\\\/schema\\\/person\\\/2df712b6d2d9cd5cf6de91832d12ed2d\"},\"alternateName\":\"Studio Renate\",\"potentialAction\":[{\"@type\":\"SearchAction\",\"target\":{\"@type\":\"EntryPoint\",\"urlTemplate\":\"https:\\\/\\\/renatefrotscher.art\\\/?s={search_term_string}\"},\"query-input\":{\"@type\":\"PropertyValueSpecification\",\"valueRequired\":true,\"valueName\":\"search_term_string\"}}],\"inLanguage\":\"en-GB\"},{\"@type\":[\"Person\",\"Organization\"],\"@id\":\"https:\\\/\\\/renatefrotscher.art\\\/#\\\/schema\\\/person\\\/2df712b6d2d9cd5cf6de91832d12ed2d\",\"name\":\"Renate Frotscher\",\"image\":{\"@type\":\"ImageObject\",\"inLanguage\":\"en-GB\",\"@id\":\"https:\\\/\\\/renatefrotscher.art\\\/wp-content\\\/uploads\\\/2022\\\/10\\\/RF-logo-rond.png\",\"url\":\"https:\\\/\\\/renatefrotscher.art\\\/wp-content\\\/uploads\\\/2022\\\/10\\\/RF-logo-rond.png\",\"contentUrl\":\"https:\\\/\\\/renatefrotscher.art\\\/wp-content\\\/uploads\\\/2022\\\/10\\\/RF-logo-rond.png\",\"width\":300,\"height\":300,\"caption\":\"Renate Frotscher\"},\"logo\":{\"@id\":\"https:\\\/\\\/renatefrotscher.art\\\/wp-content\\\/uploads\\\/2022\\\/10\\\/RF-logo-rond.png\"},\"sameAs\":[\"https:\\\/\\\/www.facebook.com\\\/studiorenate\",\"https:\\\/\\\/www.instagram.com\\\/studiorenate\\\/\",\"https:\\\/\\\/www.linkedin.com\\\/in\\\/renatefrotscher\\\/\",\"https:\\\/\\\/www.pinterest.fr\\\/renatefr\\\/renate-frotscher-ceramics\\\/\",\"https:\\\/\\\/x.com\\\/https:\\\/\\\/twitter.com\\\/renatefrotscher\"]}]}<\/script>\n<!-- \/ Yoast SEO plugin. -->","yoast_head_json":{"title":"2021 Mea Monstre - Renate Frotscher","description":"Artiste c\u00e9ramiste bas\u00e9 en France cr\u00e9ant des jouets d'art fantastiques et uniques pour d\u00e9corer votre espace r\u00e9el et virtuel.","robots":{"index":"index","follow":"follow","max-snippet":"max-snippet:-1","max-image-preview":"max-image-preview:large","max-video-preview":"max-video-preview:-1"},"canonical":"https:\/\/renatefrotscher.art\/en_gb\/archive\/mea-monstre\/","og_locale":"en_GB","og_type":"article","og_title":"2021 Mea Monstre - Renate Frotscher","og_description":"Artiste c\u00e9ramiste bas\u00e9 en France cr\u00e9ant des jouets d'art fantastiques et uniques pour d\u00e9corer votre espace r\u00e9el et virtuel.","og_url":"https:\/\/renatefrotscher.art\/en_gb\/archive\/mea-monstre\/","og_site_name":"Renate Frotscher","article_publisher":"https:\/\/www.facebook.com\/studiorenate","article_modified_time":"2025-11-17T16:40:14+00:00","og_image":[{"width":1920,"height":1920,"url":"https:\/\/renatefrotscher.art\/wp-content\/uploads\/2021\/11\/mae-monster-1920.jpg","type":"image\/jpeg"}],"schema":{"@context":"https:\/\/schema.org","@graph":[{"@type":"WebPage","@id":"https:\/\/renatefrotscher.art\/archive\/mea-monstre","url":"https:\/\/renatefrotscher.art\/archive\/mea-monstre","name":"2021 Mea Monstre - Renate Frotscher","isPartOf":{"@id":"https:\/\/renatefrotscher.art\/#website"},"primaryImageOfPage":{"@id":"https:\/\/renatefrotscher.art\/archive\/mea-monstre#primaryimage"},"image":{"@id":"https:\/\/renatefrotscher.art\/archive\/mea-monstre#primaryimage"},"thumbnailUrl":"https:\/\/renatefrotscher.art\/wp-content\/uploads\/2021\/11\/mae-monster-1920-1024x1024.jpg","datePublished":"2021-11-01T12:38:44+00:00","dateModified":"2025-11-17T16:40:14+00:00","description":"Artiste c\u00e9ramiste bas\u00e9 en France cr\u00e9ant des jouets d'art fantastiques et uniques pour d\u00e9corer votre espace r\u00e9el et virtuel.","breadcrumb":{"@id":"https:\/\/renatefrotscher.art\/archive\/mea-monstre#breadcrumb"},"inLanguage":"en-GB","potentialAction":[{"@type":"ReadAction","target":["https:\/\/renatefrotscher.art\/archive\/mea-monstre"]}]},{"@type":"ImageObject","inLanguage":"en-GB","@id":"https:\/\/renatefrotscher.art\/archive\/mea-monstre#primaryimage","url":"https:\/\/renatefrotscher.art\/wp-content\/uploads\/2021\/11\/mae-monster-1920-1024x1024.jpg","contentUrl":"https:\/\/renatefrotscher.art\/wp-content\/uploads\/2021\/11\/mae-monster-1920-1024x1024.jpg"},{"@type":"BreadcrumbList","@id":"https:\/\/renatefrotscher.art\/archive\/mea-monstre#breadcrumb","itemListElement":[{"@type":"ListItem","position":1,"name":"Home","item":"https:\/\/renatefrotscher.art\/"},{"@type":"ListItem","position":2,"name":"Archive","item":"https:\/\/renatefrotscher.art\/archive"},{"@type":"ListItem","position":3,"name":"2021 Mea Monstre"}]},{"@type":"WebSite","@id":"https:\/\/renatefrotscher.art\/#website","url":"https:\/\/renatefrotscher.art\/","name":"Renate Frotscher Artiste C\u00e9ramiste","description":"ARTIST C\u00c9RAMIST","publisher":{"@id":"https:\/\/renatefrotscher.art\/#\/schema\/person\/2df712b6d2d9cd5cf6de91832d12ed2d"},"alternateName":"Studio Renate","potentialAction":[{"@type":"SearchAction","target":{"@type":"EntryPoint","urlTemplate":"https:\/\/renatefrotscher.art\/?s={search_term_string}"},"query-input":{"@type":"PropertyValueSpecification","valueRequired":true,"valueName":"search_term_string"}}],"inLanguage":"en-GB"},{"@type":["Person","Organization"],"@id":"https:\/\/renatefrotscher.art\/#\/schema\/person\/2df712b6d2d9cd5cf6de91832d12ed2d","name":"Renate Frotscher","image":{"@type":"ImageObject","inLanguage":"en-GB","@id":"https:\/\/renatefrotscher.art\/wp-content\/uploads\/2022\/10\/RF-logo-rond.png","url":"https:\/\/renatefrotscher.art\/wp-content\/uploads\/2022\/10\/RF-logo-rond.png","contentUrl":"https:\/\/renatefrotscher.art\/wp-content\/uploads\/2022\/10\/RF-logo-rond.png","width":300,"height":300,"caption":"Renate Frotscher"},"logo":{"@id":"https:\/\/renatefrotscher.art\/wp-content\/uploads\/2022\/10\/RF-logo-rond.png"},"sameAs":["https:\/\/www.facebook.com\/studiorenate","https:\/\/www.instagram.com\/studiorenate\/","https:\/\/www.linkedin.com\/in\/renatefrotscher\/","https:\/\/www.pinterest.fr\/renatefr\/renate-frotscher-ceramics\/","https:\/\/x.com\/https:\/\/twitter.com\/renatefrotscher"]}]}},"_links":{"self":[{"href":"https:\/\/renatefrotscher.art\/en_gb\/wp-json\/wp\/v2\/pages\/728","targetHints":{"allow":["GET"]}}],"collection":[{"href":"https:\/\/renatefrotscher.art\/en_gb\/wp-json\/wp\/v2\/pages"}],"about":[{"href":"https:\/\/renatefrotscher.art\/en_gb\/wp-json\/wp\/v2\/types\/page"}],"author":[{"embeddable":true,"href":"https:\/\/renatefrotscher.art\/en_gb\/wp-json\/wp\/v2\/users\/1"}],"replies":[{"embeddable":true,"href":"https:\/\/renatefrotscher.art\/en_gb\/wp-json\/wp\/v2\/comments?post=728"}],"version-history":[{"count":1,"href":"https:\/\/renatefrotscher.art\/en_gb\/wp-json\/wp\/v2\/pages\/728\/revisions"}],"predecessor-version":[{"id":9051,"href":"https:\/\/renatefrotscher.art\/en_gb\/wp-json\/wp\/v2\/pages\/728\/revisions\/9051"}],"up":[{"embeddable":true,"href":"https:\/\/renatefrotscher.art\/en_gb\/wp-json\/wp\/v2\/pages\/9017"}],"wp:attachment":[{"href":"https:\/\/renatefrotscher.art\/en_gb\/wp-json\/wp\/v2\/media?parent=728"}],"curies":[{"name":"wp","href":"https:\/\/api.w.org\/{rel}","templated":true}]}}