{"id":7916,"date":"2025-06-26T09:34:50","date_gmt":"2025-06-26T09:34:50","guid":{"rendered":"https:\/\/renatefrotscher.art\/?page_id=7916"},"modified":"2025-06-27T15:14:30","modified_gmt":"2025-06-27T15:14:30","slug":"printed-portfolio-request","status":"publish","type":"page","link":"https:\/\/renatefrotscher.art\/en_gb\/printed-portfolio-request","title":{"rendered":"Printed portfolio request"},"content":{"rendered":"\n<div class=\"wp-block-group alignfull has-background\" style=\"border-style:none;border-width:0px;background-color:#000000;padding-top:0px;padding-right:0px;padding-bottom:0px;padding-left:0px\"><div class=\"wp-block-group__inner-container is-layout-constrained wp-container-core-group-is-layout-d22ff40a wp-block-group-is-layout-constrained\">\n<div class=\"wp-block-media-text alignwide is-stacked-on-mobile is-image-fill-element has-primary-background-color has-background\"><figure  class=\"wp-block-media-text__media\"><img loading=\"lazy\" decoding=\"async\" width=\"1200\" height=\"1200\" alt=\"\" src=\"https:\/\/renatefrotscher.art\/wp-content\/uploads\/2025\/06\/494487751_18371441230121970_145835506447134871_n-1200x1200.webp\" style=\"object-position:50% 50%;\" class=\"wp-image-7925 size-full\" srcset=\"https:\/\/renatefrotscher.art\/wp-content\/uploads\/2025\/06\/494487751_18371441230121970_145835506447134871_n-1200x1200.webp 1200w, https:\/\/renatefrotscher.art\/wp-content\/uploads\/2025\/06\/494487751_18371441230121970_145835506447134871_n-300x300.webp 300w, https:\/\/renatefrotscher.art\/wp-content\/uploads\/2025\/06\/494487751_18371441230121970_145835506447134871_n-1024x1024.webp 1024w, https:\/\/renatefrotscher.art\/wp-content\/uploads\/2025\/06\/494487751_18371441230121970_145835506447134871_n-150x150.webp 150w, https:\/\/renatefrotscher.art\/wp-content\/uploads\/2025\/06\/494487751_18371441230121970_145835506447134871_n-768x768.webp 768w, https:\/\/renatefrotscher.art\/wp-content\/uploads\/2025\/06\/494487751_18371441230121970_145835506447134871_n.webp 1440w\" sizes=\"auto, (max-width: 1200px) 100vw, 1200px\" \/><\/figure><div class=\"wp-block-media-text__content\">\n<div class=\"wp-block-group alignfull has-primary-background-color has-background\"><div class=\"wp-block-group__inner-container is-layout-constrained wp-block-group-is-layout-constrained\">\n<h2 class=\"wp-block-heading\">Printed portfolio request<\/h2>\n\n\n\n<p>I\u2019m preparing a small print edition of my portfolio, featuring a selection of recent works.<\/p>\n\n\n\n<p>If you\u2019d like to receive a printed copy, you can request one below.<\/p>\n\n\n<style id=\"wpforms-css-vars-7913-block-e266d5c9-cf2a-48c9-a13a-9b7e4ecca104\">\n\t\t\t\t#wpforms-7913.wpforms-block-e266d5c9-cf2a-48c9-a13a-9b7e4ecca104 {\n\t\t\t\t--wpforms-label-sublabel-color: #61c9c6;\n--wpforms-button-background-color: #61c9c6;\n--wpforms-field-size-input-height: 43px;\n--wpforms-field-size-input-spacing: 15px;\n--wpforms-field-size-font-size: 16px;\n--wpforms-field-size-line-height: 19px;\n--wpforms-field-size-padding-h: 14px;\n--wpforms-field-size-checkbox-size: 16px;\n--wpforms-field-size-sublabel-spacing: 5px;\n--wpforms-field-size-icon-size: 1;\n--wpforms-label-size-font-size: 16px;\n--wpforms-label-size-line-height: 19px;\n--wpforms-label-size-sublabel-font-size: 14px;\n--wpforms-label-size-sublabel-line-height: 17px;\n--wpforms-button-size-font-size: 17px;\n--wpforms-button-size-height: 41px;\n--wpforms-button-size-padding-h: 15px;\n--wpforms-button-size-margin-top: 10px;\n\t\t\t}\n\t\t\t<\/style><div class=\"wpforms-container wpforms-container-full wpforms-block wpforms-block-e266d5c9-cf2a-48c9-a13a-9b7e4ecca104 wpforms-render-modern\" id=\"wpforms-7913\"><form id=\"wpforms-form-7913\" class=\"wpforms-validate wpforms-form wpforms-ajax-form\" data-formid=\"7913\" method=\"post\" enctype=\"multipart\/form-data\" action=\"\/en_gb\/wp-json\/wp\/v2\/pages\/7916\" data-token=\"3a7c689faabef37d76bb43f3ab86abb2\" data-token-time=\"1775574063\"><noscript class=\"wpforms-error-noscript\">Please enable JavaScript in your browser to complete this form.<\/noscript><div id=\"wpforms-error-noscript\" style=\"display: none;\">Please enable JavaScript in your browser to complete this form.<\/div><div class=\"wpforms-field-container\"><div id=\"wpforms-7913-field_1-container\" class=\"wpforms-field wpforms-field-name\" data-field-id=\"1\"><fieldset><legend class=\"wpforms-field-label\">Full Name <span class=\"wpforms-required-label\" aria-hidden=\"true\">*<\/span><\/legend><div class=\"wpforms-field-row wpforms-field-medium\"><div class=\"wpforms-field-row-block wpforms-first wpforms-one-half\"><input type=\"text\" id=\"wpforms-7913-field_1\" class=\"wpforms-field-name-first wpforms-field-required\" name=\"wpforms[fields][1][first]\" placeholder=\"prenom\" aria-errormessage=\"wpforms-7913-field_1-error\" required><label for=\"wpforms-7913-field_1\" class=\"wpforms-field-sublabel after\">First<\/label><\/div><div class=\"wpforms-field-row-block wpforms-one-half\"><input type=\"text\" id=\"wpforms-7913-field_1-last\" class=\"wpforms-field-name-last wpforms-field-required\" name=\"wpforms[fields][1][last]\" placeholder=\"nom\" aria-errormessage=\"wpforms-7913-field_1-last-error\" required><label for=\"wpforms-7913-field_1-last\" class=\"wpforms-field-sublabel after\">Last<\/label><\/div><\/div><\/fieldset><\/div><div id=\"wpforms-7913-field_2-container\" class=\"wpforms-field wpforms-field-email\" data-field-id=\"2\"><label class=\"wpforms-field-label\" for=\"wpforms-7913-field_2\">Email Address <span class=\"wpforms-required-label\" aria-hidden=\"true\">*<\/span><\/label><input type=\"email\" id=\"wpforms-7913-field_2\" class=\"wpforms-field-medium wpforms-field-required\" name=\"wpforms[fields][2]\" spellcheck=\"false\" aria-errormessage=\"wpforms-7913-field_2-error\" required><\/div><div id=\"wpforms-7913-field_3-container\" class=\"wpforms-field wpforms-field-text\" data-field-id=\"3\"><label class=\"wpforms-field-label\" for=\"wpforms-7913-field_3\">Gallery \/ Company Name<\/label><input type=\"text\" id=\"wpforms-7913-field_3\" class=\"wpforms-field-medium\" name=\"wpforms[fields][3]\" aria-errormessage=\"wpforms-7913-field_3-error\" ><\/div><div id=\"wpforms-7913-field_4-container\" class=\"wpforms-field wpforms-field-select wpforms-field-select-style-classic\" data-field-id=\"4\"><label class=\"wpforms-field-label\" for=\"wpforms-7913-field_4\">Role or Profession<\/label><select id=\"wpforms-7913-field_4\" class=\"wpforms-field-medium\" name=\"wpforms[fields][4]\"><option value=\"Art lover\"  class=\"choice-6 depth-1\"  >Art lover<\/option><option value=\"Gallerist\"  class=\"choice-1 depth-1\"  >Gallerist<\/option><option value=\"Curator\"  class=\"choice-2 depth-1\"  >Curator<\/option><option value=\"Interior Designer\"  class=\"choice-3 depth-1\"  >Interior Designer<\/option><option value=\"Collector\"  class=\"choice-4 depth-1\"  >Collector<\/option><option value=\"Other\"  class=\"choice-5 depth-1\"  >Other<\/option><\/select><\/div>\t\t<div id=\"wpforms-7913-field_7-container\"\n\t\t\tclass=\"wpforms-field wpforms-field-text\"\n\t\t\tdata-field-type=\"text\"\n\t\t\tdata-field-id=\"7\"\n\t\t\t>\n\t\t\t<label class=\"wpforms-field-label\" for=\"wpforms-7913-field_7\" >Short Message Profession<\/label>\n\t\t\t<input type=\"text\" id=\"wpforms-7913-field_7\" class=\"wpforms-field-medium\" name=\"wpforms[fields][7]\" >\n\t\t<\/div>\n\t\t<div id=\"wpforms-7913-field_5-container\" class=\"wpforms-field wpforms-field-textarea\" data-field-id=\"5\"><label class=\"wpforms-field-label\" for=\"wpforms-7913-field_5\">Shipping Address <span class=\"wpforms-required-label\" aria-hidden=\"true\">*<\/span><\/label><textarea id=\"wpforms-7913-field_5\" class=\"wpforms-field-medium wpforms-field-required\" name=\"wpforms[fields][5]\" aria-errormessage=\"wpforms-7913-field_5-error\" required><\/textarea><\/div><div id=\"wpforms-7913-field_6-container\" class=\"wpforms-field wpforms-field-textarea\" data-field-id=\"6\"><label class=\"wpforms-field-label\" for=\"wpforms-7913-field_6\">Short Message or Note<\/label><textarea id=\"wpforms-7913-field_6\" class=\"wpforms-field-medium\" name=\"wpforms[fields][6]\" aria-errormessage=\"wpforms-7913-field_6-error\" ><\/textarea><\/div><script>\n\t\t\t\t( function() {\n\t\t\t\t\tconst style = document.createElement( 'style' );\n\t\t\t\t\tstyle.appendChild( document.createTextNode( '#wpforms-7913-field_7-container { position: absolute !important; overflow: hidden !important; display: inline !important; height: 1px !important; width: 1px !important; z-index: -1000 !important; padding: 0 !important; } #wpforms-7913-field_7-container input { visibility: hidden; } #wpforms-conversational-form-page #wpforms-7913-field_7-container label { counter-increment: none; }' ) );\n\t\t\t\t\tdocument.head.appendChild( style );\n\t\t\t\t\tdocument.currentScript?.remove();\n\t\t\t\t} )();\n\t\t\t<\/script><\/div><!-- .wpforms-field-container --><div class=\"wpforms-submit-container\" ><input type=\"hidden\" name=\"wpforms[id]\" value=\"7913\"><input type=\"hidden\" name=\"page_title\" value=\"\"><input type=\"hidden\" name=\"page_url\" value=\"https:\/\/renatefrotscher.art\/en_gb\/wp-json\/wp\/v2\/pages\/7916\"><input type=\"hidden\" name=\"url_referer\" value=\"\"><button type=\"submit\" name=\"wpforms[submit]\" id=\"wpforms-submit-7913\" class=\"wpforms-submit\" data-alt-text=\"Sending...\" data-submit-text=\"Request Portfolio\" aria-live=\"assertive\" value=\"wpforms-submit\">Request Portfolio<\/button><img loading=\"lazy\" decoding=\"async\" src=\"https:\/\/renatefrotscher.art\/wp-content\/plugins\/wpforms-lite\/assets\/images\/submit-spin.svg\" class=\"wpforms-submit-spinner\" style=\"display: none;\" width=\"26\" height=\"26\" alt=\"Loading\"><\/div><\/form><\/div>  <!-- .wpforms-container --><\/div><\/div>\n<\/div><\/div>\n<\/div><\/div>\n","protected":false},"excerpt":{"rendered":"<p>Printed portfolio request I\u2019m preparing a small print edition of my portfolio, featuring a selection of recent works. If you\u2019d like to receive a printed copy, you can request one below.<\/p>\n","protected":false},"author":1,"featured_media":7925,"parent":0,"menu_order":0,"comment_status":"closed","ping_status":"closed","template":"tw-header-transparent.php","meta":{"footnotes":""},"class_list":["post-7916","page","type-page","status-publish","has-post-thumbnail","hentry"],"yoast_head":"<!-- This site is optimized with the Yoast SEO plugin v27.3 - https:\/\/yoast.com\/product\/yoast-seo-wordpress\/ -->\n<title>Printed portfolio request - Renate Frotscher<\/title>\n<meta name=\"description\" content=\"Artiste c\u00e9ramiste bas\u00e9 en France cr\u00e9ant des jouets d&#039;art fantastiques et uniques pour d\u00e9corer votre espace r\u00e9el et virtuel.\" \/>\n<meta name=\"robots\" content=\"index, follow, max-snippet:-1, max-image-preview:large, max-video-preview:-1\" \/>\n<link rel=\"canonical\" href=\"https:\/\/renatefrotscher.art\/en_gb\/printed-portfolio-request\/\" \/>\n<meta property=\"og:locale\" content=\"en_GB\" \/>\n<meta property=\"og:type\" content=\"article\" \/>\n<meta property=\"og:title\" content=\"Printed portfolio request - Renate Frotscher\" \/>\n<meta property=\"og:description\" content=\"Artiste c\u00e9ramiste bas\u00e9 en France cr\u00e9ant des jouets d&#039;art fantastiques et uniques pour d\u00e9corer votre espace r\u00e9el et virtuel.\" \/>\n<meta property=\"og:url\" content=\"https:\/\/renatefrotscher.art\/en_gb\/printed-portfolio-request\/\" \/>\n<meta property=\"og:site_name\" content=\"Renate Frotscher\" \/>\n<meta property=\"article:publisher\" content=\"https:\/\/www.facebook.com\/studiorenate\" \/>\n<meta property=\"article:modified_time\" content=\"2025-06-27T15:14:30+00:00\" \/>\n<meta property=\"og:image\" content=\"https:\/\/renatefrotscher.art\/wp-content\/uploads\/2025\/06\/494487751_18371441230121970_145835506447134871_n.webp\" \/>\n\t<meta property=\"og:image:width\" content=\"1440\" \/>\n\t<meta property=\"og:image:height\" content=\"1440\" \/>\n\t<meta property=\"og:image:type\" content=\"image\/webp\" \/>\n<meta name=\"twitter:label1\" content=\"Estimated reading time\" \/>\n\t<meta name=\"twitter:data1\" content=\"1 minute\" \/>\n<script type=\"application\/ld+json\" class=\"yoast-schema-graph\">{\"@context\":\"https:\\\/\\\/schema.org\",\"@graph\":[{\"@type\":\"WebPage\",\"@id\":\"https:\\\/\\\/renatefrotscher.art\\\/printed-portfolio-request\",\"url\":\"https:\\\/\\\/renatefrotscher.art\\\/printed-portfolio-request\",\"name\":\"Printed portfolio request - Renate Frotscher\",\"isPartOf\":{\"@id\":\"https:\\\/\\\/renatefrotscher.art\\\/#website\"},\"primaryImageOfPage\":{\"@id\":\"https:\\\/\\\/renatefrotscher.art\\\/printed-portfolio-request#primaryimage\"},\"image\":{\"@id\":\"https:\\\/\\\/renatefrotscher.art\\\/printed-portfolio-request#primaryimage\"},\"thumbnailUrl\":\"https:\\\/\\\/renatefrotscher.art\\\/wp-content\\\/uploads\\\/2025\\\/06\\\/494487751_18371441230121970_145835506447134871_n.webp\",\"datePublished\":\"2025-06-26T09:34:50+00:00\",\"dateModified\":\"2025-06-27T15:14:30+00:00\",\"description\":\"Artiste c\u00e9ramiste bas\u00e9 en France cr\u00e9ant des jouets d'art fantastiques et uniques pour d\u00e9corer votre espace r\u00e9el et virtuel.\",\"breadcrumb\":{\"@id\":\"https:\\\/\\\/renatefrotscher.art\\\/printed-portfolio-request#breadcrumb\"},\"inLanguage\":\"en-GB\",\"potentialAction\":[{\"@type\":\"ReadAction\",\"target\":[\"https:\\\/\\\/renatefrotscher.art\\\/printed-portfolio-request\"]}]},{\"@type\":\"ImageObject\",\"inLanguage\":\"en-GB\",\"@id\":\"https:\\\/\\\/renatefrotscher.art\\\/printed-portfolio-request#primaryimage\",\"url\":\"https:\\\/\\\/renatefrotscher.art\\\/wp-content\\\/uploads\\\/2025\\\/06\\\/494487751_18371441230121970_145835506447134871_n.webp\",\"contentUrl\":\"https:\\\/\\\/renatefrotscher.art\\\/wp-content\\\/uploads\\\/2025\\\/06\\\/494487751_18371441230121970_145835506447134871_n.webp\",\"width\":1440,\"height\":1440,\"caption\":\"For the Brave - 50 x 24 x 24 cm\"},{\"@type\":\"BreadcrumbList\",\"@id\":\"https:\\\/\\\/renatefrotscher.art\\\/printed-portfolio-request#breadcrumb\",\"itemListElement\":[{\"@type\":\"ListItem\",\"position\":1,\"name\":\"Home\",\"item\":\"https:\\\/\\\/renatefrotscher.art\\\/\"},{\"@type\":\"ListItem\",\"position\":2,\"name\":\"Printed portfolio request\"}]},{\"@type\":\"WebSite\",\"@id\":\"https:\\\/\\\/renatefrotscher.art\\\/#website\",\"url\":\"https:\\\/\\\/renatefrotscher.art\\\/\",\"name\":\"Renate Frotscher Artiste C\u00e9ramiste\",\"description\":\"ARTIST C\u00c9RAMIST\",\"publisher\":{\"@id\":\"https:\\\/\\\/renatefrotscher.art\\\/#\\\/schema\\\/person\\\/2df712b6d2d9cd5cf6de91832d12ed2d\"},\"alternateName\":\"Studio Renate\",\"potentialAction\":[{\"@type\":\"SearchAction\",\"target\":{\"@type\":\"EntryPoint\",\"urlTemplate\":\"https:\\\/\\\/renatefrotscher.art\\\/?s={search_term_string}\"},\"query-input\":{\"@type\":\"PropertyValueSpecification\",\"valueRequired\":true,\"valueName\":\"search_term_string\"}}],\"inLanguage\":\"en-GB\"},{\"@type\":[\"Person\",\"Organization\"],\"@id\":\"https:\\\/\\\/renatefrotscher.art\\\/#\\\/schema\\\/person\\\/2df712b6d2d9cd5cf6de91832d12ed2d\",\"name\":\"Renate Frotscher\",\"image\":{\"@type\":\"ImageObject\",\"inLanguage\":\"en-GB\",\"@id\":\"https:\\\/\\\/renatefrotscher.art\\\/wp-content\\\/uploads\\\/2022\\\/10\\\/RF-logo-rond.png\",\"url\":\"https:\\\/\\\/renatefrotscher.art\\\/wp-content\\\/uploads\\\/2022\\\/10\\\/RF-logo-rond.png\",\"contentUrl\":\"https:\\\/\\\/renatefrotscher.art\\\/wp-content\\\/uploads\\\/2022\\\/10\\\/RF-logo-rond.png\",\"width\":300,\"height\":300,\"caption\":\"Renate Frotscher\"},\"logo\":{\"@id\":\"https:\\\/\\\/renatefrotscher.art\\\/wp-content\\\/uploads\\\/2022\\\/10\\\/RF-logo-rond.png\"},\"sameAs\":[\"https:\\\/\\\/www.facebook.com\\\/studiorenate\",\"https:\\\/\\\/www.instagram.com\\\/studiorenate\\\/\",\"https:\\\/\\\/www.linkedin.com\\\/in\\\/renatefrotscher\\\/\",\"https:\\\/\\\/www.pinterest.fr\\\/renatefr\\\/renate-frotscher-ceramics\\\/\",\"https:\\\/\\\/x.com\\\/https:\\\/\\\/twitter.com\\\/renatefrotscher\"]}]}<\/script>\n<!-- \/ Yoast SEO plugin. -->","yoast_head_json":{"title":"Printed portfolio request - Renate Frotscher","description":"Artiste c\u00e9ramiste bas\u00e9 en France cr\u00e9ant des jouets d'art fantastiques et uniques pour d\u00e9corer votre espace r\u00e9el et virtuel.","robots":{"index":"index","follow":"follow","max-snippet":"max-snippet:-1","max-image-preview":"max-image-preview:large","max-video-preview":"max-video-preview:-1"},"canonical":"https:\/\/renatefrotscher.art\/en_gb\/printed-portfolio-request\/","og_locale":"en_GB","og_type":"article","og_title":"Printed portfolio request - Renate Frotscher","og_description":"Artiste c\u00e9ramiste bas\u00e9 en France cr\u00e9ant des jouets d'art fantastiques et uniques pour d\u00e9corer votre espace r\u00e9el et virtuel.","og_url":"https:\/\/renatefrotscher.art\/en_gb\/printed-portfolio-request\/","og_site_name":"Renate Frotscher","article_publisher":"https:\/\/www.facebook.com\/studiorenate","article_modified_time":"2025-06-27T15:14:30+00:00","og_image":[{"width":1440,"height":1440,"url":"https:\/\/renatefrotscher.art\/wp-content\/uploads\/2025\/06\/494487751_18371441230121970_145835506447134871_n.webp","type":"image\/webp"}],"twitter_misc":{"Estimated reading time":"1 minute"},"schema":{"@context":"https:\/\/schema.org","@graph":[{"@type":"WebPage","@id":"https:\/\/renatefrotscher.art\/printed-portfolio-request","url":"https:\/\/renatefrotscher.art\/printed-portfolio-request","name":"Printed portfolio request - Renate Frotscher","isPartOf":{"@id":"https:\/\/renatefrotscher.art\/#website"},"primaryImageOfPage":{"@id":"https:\/\/renatefrotscher.art\/printed-portfolio-request#primaryimage"},"image":{"@id":"https:\/\/renatefrotscher.art\/printed-portfolio-request#primaryimage"},"thumbnailUrl":"https:\/\/renatefrotscher.art\/wp-content\/uploads\/2025\/06\/494487751_18371441230121970_145835506447134871_n.webp","datePublished":"2025-06-26T09:34:50+00:00","dateModified":"2025-06-27T15:14:30+00:00","description":"Artiste c\u00e9ramiste bas\u00e9 en France cr\u00e9ant des jouets d'art fantastiques et uniques pour d\u00e9corer votre espace r\u00e9el et virtuel.","breadcrumb":{"@id":"https:\/\/renatefrotscher.art\/printed-portfolio-request#breadcrumb"},"inLanguage":"en-GB","potentialAction":[{"@type":"ReadAction","target":["https:\/\/renatefrotscher.art\/printed-portfolio-request"]}]},{"@type":"ImageObject","inLanguage":"en-GB","@id":"https:\/\/renatefrotscher.art\/printed-portfolio-request#primaryimage","url":"https:\/\/renatefrotscher.art\/wp-content\/uploads\/2025\/06\/494487751_18371441230121970_145835506447134871_n.webp","contentUrl":"https:\/\/renatefrotscher.art\/wp-content\/uploads\/2025\/06\/494487751_18371441230121970_145835506447134871_n.webp","width":1440,"height":1440,"caption":"For the Brave - 50 x 24 x 24 cm"},{"@type":"BreadcrumbList","@id":"https:\/\/renatefrotscher.art\/printed-portfolio-request#breadcrumb","itemListElement":[{"@type":"ListItem","position":1,"name":"Home","item":"https:\/\/renatefrotscher.art\/"},{"@type":"ListItem","position":2,"name":"Printed portfolio request"}]},{"@type":"WebSite","@id":"https:\/\/renatefrotscher.art\/#website","url":"https:\/\/renatefrotscher.art\/","name":"Renate Frotscher Artiste C\u00e9ramiste","description":"ARTIST C\u00c9RAMIST","publisher":{"@id":"https:\/\/renatefrotscher.art\/#\/schema\/person\/2df712b6d2d9cd5cf6de91832d12ed2d"},"alternateName":"Studio Renate","potentialAction":[{"@type":"SearchAction","target":{"@type":"EntryPoint","urlTemplate":"https:\/\/renatefrotscher.art\/?s={search_term_string}"},"query-input":{"@type":"PropertyValueSpecification","valueRequired":true,"valueName":"search_term_string"}}],"inLanguage":"en-GB"},{"@type":["Person","Organization"],"@id":"https:\/\/renatefrotscher.art\/#\/schema\/person\/2df712b6d2d9cd5cf6de91832d12ed2d","name":"Renate Frotscher","image":{"@type":"ImageObject","inLanguage":"en-GB","@id":"https:\/\/renatefrotscher.art\/wp-content\/uploads\/2022\/10\/RF-logo-rond.png","url":"https:\/\/renatefrotscher.art\/wp-content\/uploads\/2022\/10\/RF-logo-rond.png","contentUrl":"https:\/\/renatefrotscher.art\/wp-content\/uploads\/2022\/10\/RF-logo-rond.png","width":300,"height":300,"caption":"Renate Frotscher"},"logo":{"@id":"https:\/\/renatefrotscher.art\/wp-content\/uploads\/2022\/10\/RF-logo-rond.png"},"sameAs":["https:\/\/www.facebook.com\/studiorenate","https:\/\/www.instagram.com\/studiorenate\/","https:\/\/www.linkedin.com\/in\/renatefrotscher\/","https:\/\/www.pinterest.fr\/renatefr\/renate-frotscher-ceramics\/","https:\/\/x.com\/https:\/\/twitter.com\/renatefrotscher"]}]}},"_links":{"self":[{"href":"https:\/\/renatefrotscher.art\/en_gb\/wp-json\/wp\/v2\/pages\/7916","targetHints":{"allow":["GET"]}}],"collection":[{"href":"https:\/\/renatefrotscher.art\/en_gb\/wp-json\/wp\/v2\/pages"}],"about":[{"href":"https:\/\/renatefrotscher.art\/en_gb\/wp-json\/wp\/v2\/types\/page"}],"author":[{"embeddable":true,"href":"https:\/\/renatefrotscher.art\/en_gb\/wp-json\/wp\/v2\/users\/1"}],"replies":[{"embeddable":true,"href":"https:\/\/renatefrotscher.art\/en_gb\/wp-json\/wp\/v2\/comments?post=7916"}],"version-history":[{"count":0,"href":"https:\/\/renatefrotscher.art\/en_gb\/wp-json\/wp\/v2\/pages\/7916\/revisions"}],"wp:featuredmedia":[{"embeddable":true,"href":"https:\/\/renatefrotscher.art\/en_gb\/wp-json\/wp\/v2\/media\/7925"}],"wp:attachment":[{"href":"https:\/\/renatefrotscher.art\/en_gb\/wp-json\/wp\/v2\/media?parent=7916"}],"curies":[{"name":"wp","href":"https:\/\/api.w.org\/{rel}","templated":true}]}}