{"id":9017,"date":"2025-11-17T16:16:58","date_gmt":"2025-11-17T16:16:58","guid":{"rendered":"https:\/\/renatefrotscher.art\/?page_id=9017"},"modified":"2025-11-17T16:47:12","modified_gmt":"2025-11-17T16:47:12","slug":"archive","status":"publish","type":"page","link":"https:\/\/renatefrotscher.art\/en_gb\/archive","title":{"rendered":"Archive"},"content":{"rendered":"\n<div class=\"wp-block-query alignwide is-layout-flow wp-block-query-is-layout-flow\"><ul class=\"columns-2 wp-block-post-template is-layout-grid wp-container-core-post-template-is-layout-bc42f68f wp-block-post-template-is-layout-grid\"><li class=\"wp-block-post post-10030 portfolio type-portfolio status-publish has-post-thumbnail hentry portfolio_category-clstr portfolio_tag-gstr portfolio_tag-featured portfolio_tag-ivory portfolio_tag-stoneware\">\n\n<div class=\"wp-block-group tw-mb-4 tw-stretched-link\"><div class=\"wp-block-group__inner-container is-layout-flow wp-block-group-is-layout-flow\"><figure style=\"aspect-ratio:4\/3;\" class=\"tw-mb-4 wp-block-post-featured-image\"><img loading=\"lazy\" decoding=\"async\" width=\"580\" height=\"604\" src=\"https:\/\/renatefrotscher.art\/wp-content\/uploads\/2026\/02\/GSTR-15-Front-transp-983x1024.webp\" class=\"attachment-large size-large wp-post-image\" alt=\"\" style=\"width:100%;height:100%;object-fit:cover;\" srcset=\"https:\/\/renatefrotscher.art\/wp-content\/uploads\/2026\/02\/GSTR-15-Front-transp-983x1024.webp 983w, https:\/\/renatefrotscher.art\/wp-content\/uploads\/2026\/02\/GSTR-15-Front-transp-288x300.webp 288w, https:\/\/renatefrotscher.art\/wp-content\/uploads\/2026\/02\/GSTR-15-Front-transp-768x800.webp 768w, https:\/\/renatefrotscher.art\/wp-content\/uploads\/2026\/02\/GSTR-15-Front-transp-1475x1536.webp 1475w, https:\/\/renatefrotscher.art\/wp-content\/uploads\/2026\/02\/GSTR-15-Front-transp-1200x1250.webp 1200w, https:\/\/renatefrotscher.art\/wp-content\/uploads\/2026\/02\/GSTR-15-Front-transp.webp 1709w\" sizes=\"auto, (max-width: 580px) 100vw, 580px\" \/><\/figure>\n\n<h2 class=\"tw-mt-0 wp-block-post-title has-h-5-font-size\"><a href=\"https:\/\/renatefrotscher.art\/en_gb\/collection\/00015\" target=\"_self\" >GSTR 00015<\/a><\/h2><\/div><\/div>\n\n<\/li><li class=\"wp-block-post post-10025 portfolio type-portfolio status-publish has-post-thumbnail hentry portfolio_category-clstr portfolio_tag-gstr portfolio_tag-ivory portfolio_tag-stoneware\">\n\n<div class=\"wp-block-group tw-mb-4 tw-stretched-link\"><div class=\"wp-block-group__inner-container is-layout-flow wp-block-group-is-layout-flow\"><figure style=\"aspect-ratio:4\/3;\" class=\"tw-mb-4 wp-block-post-featured-image\"><img loading=\"lazy\" decoding=\"async\" width=\"580\" height=\"557\" src=\"https:\/\/renatefrotscher.art\/wp-content\/uploads\/2026\/02\/GSTR-13-front-transp.webp\" class=\"attachment-large size-large wp-post-image\" alt=\"\" style=\"width:100%;height:100%;object-fit:cover;\" srcset=\"https:\/\/renatefrotscher.art\/wp-content\/uploads\/2026\/02\/GSTR-13-front-transp.webp 908w, https:\/\/renatefrotscher.art\/wp-content\/uploads\/2026\/02\/GSTR-13-front-transp-300x288.webp 300w, https:\/\/renatefrotscher.art\/wp-content\/uploads\/2026\/02\/GSTR-13-front-transp-768x738.webp 768w\" sizes=\"auto, (max-width: 580px) 100vw, 580px\" \/><\/figure>\n\n<h2 class=\"tw-mt-0 wp-block-post-title has-h-5-font-size\"><a href=\"https:\/\/renatefrotscher.art\/en_gb\/collection\/00013\" target=\"_self\" >GSTR 00013<\/a><\/h2><\/div><\/div>\n\n<\/li><li class=\"wp-block-post post-10021 portfolio type-portfolio status-publish has-post-thumbnail hentry portfolio_category-clstr portfolio_tag-gstr portfolio_tag-ivory portfolio_tag-stoneware\">\n\n<div class=\"wp-block-group tw-mb-4 tw-stretched-link\"><div class=\"wp-block-group__inner-container is-layout-flow wp-block-group-is-layout-flow\"><figure style=\"aspect-ratio:4\/3;\" class=\"tw-mb-4 wp-block-post-featured-image\"><img loading=\"lazy\" decoding=\"async\" width=\"580\" height=\"551\" src=\"https:\/\/renatefrotscher.art\/wp-content\/uploads\/2026\/02\/GSTR-11-front-transp-1024x972.webp\" class=\"attachment-large size-large wp-post-image\" alt=\"\" style=\"width:100%;height:100%;object-fit:cover;\" srcset=\"https:\/\/renatefrotscher.art\/wp-content\/uploads\/2026\/02\/GSTR-11-front-transp-1024x972.webp 1024w, https:\/\/renatefrotscher.art\/wp-content\/uploads\/2026\/02\/GSTR-11-front-transp-300x285.webp 300w, https:\/\/renatefrotscher.art\/wp-content\/uploads\/2026\/02\/GSTR-11-front-transp-768x729.webp 768w, https:\/\/renatefrotscher.art\/wp-content\/uploads\/2026\/02\/GSTR-11-front-transp-1200x1139.webp 1200w, https:\/\/renatefrotscher.art\/wp-content\/uploads\/2026\/02\/GSTR-11-front-transp.webp 1480w\" sizes=\"auto, (max-width: 580px) 100vw, 580px\" \/><\/figure>\n\n<h2 class=\"tw-mt-0 wp-block-post-title has-h-5-font-size\"><a href=\"https:\/\/renatefrotscher.art\/en_gb\/collection\/gstr-00011\" target=\"_self\" >GSTR 00011<\/a><\/h2><\/div><\/div>\n\n<\/li><li class=\"wp-block-post post-9608 portfolio type-portfolio status-publish has-post-thumbnail hentry portfolio_category-clstr portfolio_tag-gstr portfolio_tag-featured portfolio_tag-ivory portfolio_tag-stoneware\">\n\n<div class=\"wp-block-group tw-mb-4 tw-stretched-link\"><div class=\"wp-block-group__inner-container is-layout-flow wp-block-group-is-layout-flow\"><figure style=\"aspect-ratio:4\/3;\" class=\"tw-mb-4 wp-block-post-featured-image\"><img loading=\"lazy\" decoding=\"async\" width=\"580\" height=\"591\" src=\"https:\/\/renatefrotscher.art\/wp-content\/uploads\/2026\/02\/GSTR-10-front-transp.webp\" class=\"attachment-large size-large wp-post-image\" alt=\"\" style=\"width:100%;height:100%;object-fit:cover;\" srcset=\"https:\/\/renatefrotscher.art\/wp-content\/uploads\/2026\/02\/GSTR-10-front-transp.webp 927w, https:\/\/renatefrotscher.art\/wp-content\/uploads\/2026\/02\/GSTR-10-front-transp-295x300.webp 295w, https:\/\/renatefrotscher.art\/wp-content\/uploads\/2026\/02\/GSTR-10-front-transp-768x782.webp 768w\" sizes=\"auto, (max-width: 580px) 100vw, 580px\" \/><\/figure>\n\n<h2 class=\"tw-mt-0 wp-block-post-title has-h-5-font-size\"><a href=\"https:\/\/renatefrotscher.art\/en_gb\/collection\/gstr-00010\" target=\"_self\" >GSTR 00010<\/a><\/h2><\/div><\/div>\n\n<\/li><li class=\"wp-block-post post-9580 portfolio type-portfolio status-publish has-post-thumbnail hentry portfolio_category-clstr portfolio_tag-gstr portfolio_tag-featured portfolio_tag-ivory portfolio_tag-stoneware\">\n\n<div class=\"wp-block-group tw-mb-4 tw-stretched-link\"><div class=\"wp-block-group__inner-container is-layout-flow wp-block-group-is-layout-flow\"><figure style=\"aspect-ratio:4\/3;\" class=\"tw-mb-4 wp-block-post-featured-image\"><img loading=\"lazy\" decoding=\"async\" width=\"580\" height=\"556\" src=\"https:\/\/renatefrotscher.art\/wp-content\/uploads\/2026\/02\/GSTR-08-Front-transparant-1024x982.webp\" class=\"attachment-large size-large wp-post-image\" alt=\"\" style=\"width:100%;height:100%;object-fit:cover;\" srcset=\"https:\/\/renatefrotscher.art\/wp-content\/uploads\/2026\/02\/GSTR-08-Front-transparant-1024x982.webp 1024w, https:\/\/renatefrotscher.art\/wp-content\/uploads\/2026\/02\/GSTR-08-Front-transparant-300x288.webp 300w, https:\/\/renatefrotscher.art\/wp-content\/uploads\/2026\/02\/GSTR-08-Front-transparant-768x737.webp 768w, https:\/\/renatefrotscher.art\/wp-content\/uploads\/2026\/02\/GSTR-08-Front-transparant.webp 1184w\" sizes=\"auto, (max-width: 580px) 100vw, 580px\" \/><\/figure>\n\n<h2 class=\"tw-mt-0 wp-block-post-title has-h-5-font-size\"><a href=\"https:\/\/renatefrotscher.art\/en_gb\/collection\/gstr-00008\" target=\"_self\" >GSTR 00008<\/a><\/h2><\/div><\/div>\n\n<\/li><li class=\"wp-block-post post-9534 portfolio type-portfolio status-publish has-post-thumbnail hentry portfolio_category-clstr portfolio_tag-gstr\">\n\n<div class=\"wp-block-group tw-mb-4 tw-stretched-link\"><div class=\"wp-block-group__inner-container is-layout-flow wp-block-group-is-layout-flow\"><figure style=\"aspect-ratio:4\/3;\" class=\"tw-mb-4 wp-block-post-featured-image\"><img loading=\"lazy\" decoding=\"async\" width=\"580\" height=\"587\" src=\"https:\/\/renatefrotscher.art\/wp-content\/uploads\/2026\/02\/image-4-1012x1024.png\" class=\"attachment-large size-large wp-post-image\" alt=\"GSTR 00001\" style=\"width:100%;height:100%;object-fit:cover;\" srcset=\"https:\/\/renatefrotscher.art\/wp-content\/uploads\/2026\/02\/image-4-1012x1024.png 1012w, https:\/\/renatefrotscher.art\/wp-content\/uploads\/2026\/02\/image-4-296x300.png 296w, https:\/\/renatefrotscher.art\/wp-content\/uploads\/2026\/02\/image-4-768x777.png 768w, https:\/\/renatefrotscher.art\/wp-content\/uploads\/2026\/02\/image-4-1518x1536.png 1518w, https:\/\/renatefrotscher.art\/wp-content\/uploads\/2026\/02\/image-4-1200x1214.png 1200w, https:\/\/renatefrotscher.art\/wp-content\/uploads\/2026\/02\/image-4.png 1910w\" sizes=\"auto, (max-width: 580px) 100vw, 580px\" \/><\/figure>\n\n<h2 class=\"tw-mt-0 wp-block-post-title has-h-5-font-size\"><a href=\"https:\/\/renatefrotscher.art\/en_gb\/collection\/gstr-00001\" target=\"_self\" >GSTR 00001<\/a><\/h2><\/div><\/div>\n\n<\/li><li class=\"wp-block-post post-8890 portfolio type-portfolio status-publish has-post-thumbnail hentry portfolio_category-90 portfolio_category-archive portfolio_category-realistic portfolio_tag-archive portfolio_tag-available\">\n\n<div class=\"wp-block-group tw-mb-4 tw-stretched-link\"><div class=\"wp-block-group__inner-container is-layout-flow wp-block-group-is-layout-flow\"><figure style=\"aspect-ratio:4\/3;\" class=\"tw-mb-4 wp-block-post-featured-image\"><img loading=\"lazy\" decoding=\"async\" width=\"580\" height=\"580\" src=\"https:\/\/renatefrotscher.art\/wp-content\/uploads\/2024\/10\/hand2-1024x1024.webp\" class=\"attachment-large size-large wp-post-image\" alt=\"\" style=\"width:100%;height:100%;object-fit:cover;\" srcset=\"https:\/\/renatefrotscher.art\/wp-content\/uploads\/2024\/10\/hand2-1024x1024.webp 1024w, https:\/\/renatefrotscher.art\/wp-content\/uploads\/2024\/10\/hand2-300x300.webp 300w, https:\/\/renatefrotscher.art\/wp-content\/uploads\/2024\/10\/hand2-150x150.webp 150w, https:\/\/renatefrotscher.art\/wp-content\/uploads\/2024\/10\/hand2-768x768.webp 768w, https:\/\/renatefrotscher.art\/wp-content\/uploads\/2024\/10\/hand2-1536x1536.webp 1536w, https:\/\/renatefrotscher.art\/wp-content\/uploads\/2024\/10\/hand2-2048x2048.webp 2048w, https:\/\/renatefrotscher.art\/wp-content\/uploads\/2024\/10\/hand2-1200x1200.webp 1200w, https:\/\/renatefrotscher.art\/wp-content\/uploads\/2024\/10\/hand2-1980x1980.webp 1980w\" sizes=\"auto, (max-width: 580px) 100vw, 580px\" \/><\/figure>\n\n<h2 class=\"tw-mt-0 wp-block-post-title has-h-5-font-size\"><a href=\"https:\/\/renatefrotscher.art\/en_gb\/collection\/ceramic-study-of-the-hand\" target=\"_self\" >Ceramic Studies of the Hand 2024<\/a><\/h2><\/div><\/div>\n\n<\/li><\/ul>\n\n<\/div>\n\n\n\n<h2 class=\"wp-block-heading\">Collections<\/h2>\n\n\n<ul class=\"wp-block-page-list\"><li class=\"wp-block-pages-list__item\"><a class=\"wp-block-pages-list__item__link\" href=\"https:\/\/renatefrotscher.art\/en_gb\/archive\/ceramic-objects\">2019 Quand je serai grand\u2026<\/a><\/li><li class=\"wp-block-pages-list__item\"><a class=\"wp-block-pages-list__item__link\" href=\"https:\/\/renatefrotscher.art\/en_gb\/archive\/pica-lou\">2020 Dresseur de pok\u00e9mon<\/a><\/li><li class=\"wp-block-pages-list__item\"><a class=\"wp-block-pages-list__item__link\" href=\"https:\/\/renatefrotscher.art\/en_gb\/archive\/mea-monstre\">2021 Mea Monstre<\/a><\/li><li class=\"wp-block-pages-list__item\"><a class=\"wp-block-pages-list__item__link\" href=\"https:\/\/renatefrotscher.art\/en_gb\/archive\/les-boites-en-carton\">2021 R\u00eaves en carton<\/a><\/li><li class=\"wp-block-pages-list__item\"><a class=\"wp-block-pages-list__item__link\" href=\"https:\/\/renatefrotscher.art\/en_gb\/archive\/ceramic-collection-immaculate-machines-monde-fantastique\">2022 Immaculate Machines<\/a><\/li><li class=\"wp-block-pages-list__item\"><a class=\"wp-block-pages-list__item__link\" href=\"https:\/\/renatefrotscher.art\/en_gb\/archive\/les-teddies\">2023 Les Teddies<\/a><\/li><li class=\"wp-block-pages-list__item\"><a class=\"wp-block-pages-list__item__link\" href=\"https:\/\/renatefrotscher.art\/en_gb\/archive\/buckle-up-buttercup\">2024 Buckle up Buttercup<\/a><\/li><li class=\"wp-block-pages-list__item\"><a class=\"wp-block-pages-list__item__link\" href=\"https:\/\/renatefrotscher.art\/en_gb\/archive\/pineco-ceramic-art-toys\">Pin\u00b7e\u00b7co Ceramic Art Toys<\/a><\/li><\/ul>\n\n\n<p><\/p>\n","protected":false},"excerpt":{"rendered":"<p>Collections<\/p>\n","protected":false},"author":1,"featured_media":0,"parent":0,"menu_order":0,"comment_status":"closed","ping_status":"closed","template":"","meta":{"footnotes":""},"class_list":["post-9017","page","type-page","status-publish","hentry"],"yoast_head":"<!-- This site is optimized with the Yoast SEO plugin v27.3 - https:\/\/yoast.com\/product\/yoast-seo-wordpress\/ -->\n<title>Archive - Renate Frotscher<\/title>\n<meta name=\"description\" content=\"Artiste c\u00e9ramiste bas\u00e9 en France cr\u00e9ant des jouets d&#039;art fantastiques et uniques pour d\u00e9corer votre espace r\u00e9el et virtuel.\" \/>\n<meta name=\"robots\" content=\"index, follow, max-snippet:-1, max-image-preview:large, max-video-preview:-1\" \/>\n<link rel=\"canonical\" href=\"https:\/\/renatefrotscher.art\/en_gb\/archive\/\" \/>\n<meta property=\"og:locale\" content=\"en_GB\" \/>\n<meta property=\"og:type\" content=\"article\" \/>\n<meta property=\"og:title\" content=\"Archive - Renate Frotscher\" \/>\n<meta property=\"og:description\" content=\"Artiste c\u00e9ramiste bas\u00e9 en France cr\u00e9ant des jouets d&#039;art fantastiques et uniques pour d\u00e9corer votre espace r\u00e9el et virtuel.\" \/>\n<meta property=\"og:url\" content=\"https:\/\/renatefrotscher.art\/en_gb\/archive\/\" \/>\n<meta property=\"og:site_name\" content=\"Renate Frotscher\" \/>\n<meta property=\"article:publisher\" content=\"https:\/\/www.facebook.com\/studiorenate\" \/>\n<meta property=\"article:modified_time\" content=\"2025-11-17T16:47:12+00:00\" \/>\n<meta property=\"og:image\" content=\"https:\/\/renatefrotscher.art\/wp-content\/uploads\/2023\/12\/Teddie_14_03-scaled.webp\" \/>\n\t<meta property=\"og:image:width\" content=\"2560\" \/>\n\t<meta property=\"og:image:height\" content=\"2560\" \/>\n\t<meta property=\"og:image:type\" content=\"image\/jpeg\" \/>\n<meta name=\"twitter:label1\" content=\"Estimated reading time\" \/>\n\t<meta name=\"twitter:data1\" content=\"1 minute\" \/>\n<script type=\"application\/ld+json\" class=\"yoast-schema-graph\">{\"@context\":\"https:\\\/\\\/schema.org\",\"@graph\":[{\"@type\":\"WebPage\",\"@id\":\"https:\\\/\\\/renatefrotscher.art\\\/archive\",\"url\":\"https:\\\/\\\/renatefrotscher.art\\\/archive\",\"name\":\"Archive - Renate Frotscher\",\"isPartOf\":{\"@id\":\"https:\\\/\\\/renatefrotscher.art\\\/#website\"},\"datePublished\":\"2025-11-17T16:16:58+00:00\",\"dateModified\":\"2025-11-17T16:47:12+00:00\",\"description\":\"Artiste c\u00e9ramiste bas\u00e9 en France cr\u00e9ant des jouets d'art fantastiques et uniques pour d\u00e9corer votre espace r\u00e9el et virtuel.\",\"breadcrumb\":{\"@id\":\"https:\\\/\\\/renatefrotscher.art\\\/archive#breadcrumb\"},\"inLanguage\":\"en-GB\",\"potentialAction\":[{\"@type\":\"ReadAction\",\"target\":[\"https:\\\/\\\/renatefrotscher.art\\\/archive\"]}]},{\"@type\":\"BreadcrumbList\",\"@id\":\"https:\\\/\\\/renatefrotscher.art\\\/archive#breadcrumb\",\"itemListElement\":[{\"@type\":\"ListItem\",\"position\":1,\"name\":\"Home\",\"item\":\"https:\\\/\\\/renatefrotscher.art\\\/\"},{\"@type\":\"ListItem\",\"position\":2,\"name\":\"Archive\"}]},{\"@type\":\"WebSite\",\"@id\":\"https:\\\/\\\/renatefrotscher.art\\\/#website\",\"url\":\"https:\\\/\\\/renatefrotscher.art\\\/\",\"name\":\"Renate Frotscher Artiste C\u00e9ramiste\",\"description\":\"ARTIST C\u00c9RAMIST\",\"publisher\":{\"@id\":\"https:\\\/\\\/renatefrotscher.art\\\/#\\\/schema\\\/person\\\/2df712b6d2d9cd5cf6de91832d12ed2d\"},\"alternateName\":\"Studio Renate\",\"potentialAction\":[{\"@type\":\"SearchAction\",\"target\":{\"@type\":\"EntryPoint\",\"urlTemplate\":\"https:\\\/\\\/renatefrotscher.art\\\/?s={search_term_string}\"},\"query-input\":{\"@type\":\"PropertyValueSpecification\",\"valueRequired\":true,\"valueName\":\"search_term_string\"}}],\"inLanguage\":\"en-GB\"},{\"@type\":[\"Person\",\"Organization\"],\"@id\":\"https:\\\/\\\/renatefrotscher.art\\\/#\\\/schema\\\/person\\\/2df712b6d2d9cd5cf6de91832d12ed2d\",\"name\":\"Renate Frotscher\",\"image\":{\"@type\":\"ImageObject\",\"inLanguage\":\"en-GB\",\"@id\":\"https:\\\/\\\/renatefrotscher.art\\\/wp-content\\\/uploads\\\/2022\\\/10\\\/RF-logo-rond.png\",\"url\":\"https:\\\/\\\/renatefrotscher.art\\\/wp-content\\\/uploads\\\/2022\\\/10\\\/RF-logo-rond.png\",\"contentUrl\":\"https:\\\/\\\/renatefrotscher.art\\\/wp-content\\\/uploads\\\/2022\\\/10\\\/RF-logo-rond.png\",\"width\":300,\"height\":300,\"caption\":\"Renate Frotscher\"},\"logo\":{\"@id\":\"https:\\\/\\\/renatefrotscher.art\\\/wp-content\\\/uploads\\\/2022\\\/10\\\/RF-logo-rond.png\"},\"sameAs\":[\"https:\\\/\\\/www.facebook.com\\\/studiorenate\",\"https:\\\/\\\/www.instagram.com\\\/studiorenate\\\/\",\"https:\\\/\\\/www.linkedin.com\\\/in\\\/renatefrotscher\\\/\",\"https:\\\/\\\/www.pinterest.fr\\\/renatefr\\\/renate-frotscher-ceramics\\\/\",\"https:\\\/\\\/x.com\\\/https:\\\/\\\/twitter.com\\\/renatefrotscher\"]}]}<\/script>\n<!-- \/ Yoast SEO plugin. -->","yoast_head_json":{"title":"Archive - Renate Frotscher","description":"Artiste c\u00e9ramiste bas\u00e9 en France cr\u00e9ant des jouets d'art fantastiques et uniques pour d\u00e9corer votre espace r\u00e9el et virtuel.","robots":{"index":"index","follow":"follow","max-snippet":"max-snippet:-1","max-image-preview":"max-image-preview:large","max-video-preview":"max-video-preview:-1"},"canonical":"https:\/\/renatefrotscher.art\/en_gb\/archive\/","og_locale":"en_GB","og_type":"article","og_title":"Archive - Renate Frotscher","og_description":"Artiste c\u00e9ramiste bas\u00e9 en France cr\u00e9ant des jouets d'art fantastiques et uniques pour d\u00e9corer votre espace r\u00e9el et virtuel.","og_url":"https:\/\/renatefrotscher.art\/en_gb\/archive\/","og_site_name":"Renate Frotscher","article_publisher":"https:\/\/www.facebook.com\/studiorenate","article_modified_time":"2025-11-17T16:47:12+00:00","og_image":[{"width":2560,"height":2560,"url":"https:\/\/renatefrotscher.art\/wp-content\/uploads\/2023\/12\/Teddie_14_03-scaled.webp","type":"image\/jpeg"}],"twitter_misc":{"Estimated reading time":"1 minute"},"schema":{"@context":"https:\/\/schema.org","@graph":[{"@type":"WebPage","@id":"https:\/\/renatefrotscher.art\/archive","url":"https:\/\/renatefrotscher.art\/archive","name":"Archive - Renate Frotscher","isPartOf":{"@id":"https:\/\/renatefrotscher.art\/#website"},"datePublished":"2025-11-17T16:16:58+00:00","dateModified":"2025-11-17T16:47:12+00:00","description":"Artiste c\u00e9ramiste bas\u00e9 en France cr\u00e9ant des jouets d'art fantastiques et uniques pour d\u00e9corer votre espace r\u00e9el et virtuel.","breadcrumb":{"@id":"https:\/\/renatefrotscher.art\/archive#breadcrumb"},"inLanguage":"en-GB","potentialAction":[{"@type":"ReadAction","target":["https:\/\/renatefrotscher.art\/archive"]}]},{"@type":"BreadcrumbList","@id":"https:\/\/renatefrotscher.art\/archive#breadcrumb","itemListElement":[{"@type":"ListItem","position":1,"name":"Home","item":"https:\/\/renatefrotscher.art\/"},{"@type":"ListItem","position":2,"name":"Archive"}]},{"@type":"WebSite","@id":"https:\/\/renatefrotscher.art\/#website","url":"https:\/\/renatefrotscher.art\/","name":"Renate Frotscher Artiste C\u00e9ramiste","description":"ARTIST C\u00c9RAMIST","publisher":{"@id":"https:\/\/renatefrotscher.art\/#\/schema\/person\/2df712b6d2d9cd5cf6de91832d12ed2d"},"alternateName":"Studio Renate","potentialAction":[{"@type":"SearchAction","target":{"@type":"EntryPoint","urlTemplate":"https:\/\/renatefrotscher.art\/?s={search_term_string}"},"query-input":{"@type":"PropertyValueSpecification","valueRequired":true,"valueName":"search_term_string"}}],"inLanguage":"en-GB"},{"@type":["Person","Organization"],"@id":"https:\/\/renatefrotscher.art\/#\/schema\/person\/2df712b6d2d9cd5cf6de91832d12ed2d","name":"Renate Frotscher","image":{"@type":"ImageObject","inLanguage":"en-GB","@id":"https:\/\/renatefrotscher.art\/wp-content\/uploads\/2022\/10\/RF-logo-rond.png","url":"https:\/\/renatefrotscher.art\/wp-content\/uploads\/2022\/10\/RF-logo-rond.png","contentUrl":"https:\/\/renatefrotscher.art\/wp-content\/uploads\/2022\/10\/RF-logo-rond.png","width":300,"height":300,"caption":"Renate Frotscher"},"logo":{"@id":"https:\/\/renatefrotscher.art\/wp-content\/uploads\/2022\/10\/RF-logo-rond.png"},"sameAs":["https:\/\/www.facebook.com\/studiorenate","https:\/\/www.instagram.com\/studiorenate\/","https:\/\/www.linkedin.com\/in\/renatefrotscher\/","https:\/\/www.pinterest.fr\/renatefr\/renate-frotscher-ceramics\/","https:\/\/x.com\/https:\/\/twitter.com\/renatefrotscher"]}]}},"_links":{"self":[{"href":"https:\/\/renatefrotscher.art\/en_gb\/wp-json\/wp\/v2\/pages\/9017","targetHints":{"allow":["GET"]}}],"collection":[{"href":"https:\/\/renatefrotscher.art\/en_gb\/wp-json\/wp\/v2\/pages"}],"about":[{"href":"https:\/\/renatefrotscher.art\/en_gb\/wp-json\/wp\/v2\/types\/page"}],"author":[{"embeddable":true,"href":"https:\/\/renatefrotscher.art\/en_gb\/wp-json\/wp\/v2\/users\/1"}],"replies":[{"embeddable":true,"href":"https:\/\/renatefrotscher.art\/en_gb\/wp-json\/wp\/v2\/comments?post=9017"}],"version-history":[{"count":7,"href":"https:\/\/renatefrotscher.art\/en_gb\/wp-json\/wp\/v2\/pages\/9017\/revisions"}],"predecessor-version":[{"id":9057,"href":"https:\/\/renatefrotscher.art\/en_gb\/wp-json\/wp\/v2\/pages\/9017\/revisions\/9057"}],"wp:attachment":[{"href":"https:\/\/renatefrotscher.art\/en_gb\/wp-json\/wp\/v2\/media?parent=9017"}],"curies":[{"name":"wp","href":"https:\/\/api.w.org\/{rel}","templated":true}]}}