{"id":936,"date":"2021-11-20T13:52:22","date_gmt":"2021-11-20T13:52:22","guid":{"rendered":"https:\/\/renatefrotscher.art\/?page_id=936"},"modified":"2025-11-17T16:25:41","modified_gmt":"2025-11-17T16:25:41","slug":"sculptures-ceramiques-contemporaines","status":"publish","type":"page","link":"https:\/\/renatefrotscher.art\/en_gb\/sculptures-ceramiques-contemporaines","title":{"rendered":"Sculptures c\u00e9ramiques contemporaines"},"content":{"rendered":"\n<div class=\"wp-block-cover alignfull has-parallax has-custom-content-position is-position-bottom-center tw-mb-0 tw-mt-0 tw-hover-show-text-alt tw-ratio-3-2\" style=\"border-width:100px;border-radius:0px;padding-top:var(--wp--preset--spacing--80);padding-right:0;padding-bottom:var(--wp--preset--spacing--80);padding-left:0\"><span aria-hidden=\"true\" class=\"wp-block-cover__background has-background-dim-0 has-background-dim\"><\/span><div class=\"wp-block-cover__image-background wp-image-8347 has-parallax\" style=\"background-position:50% 50%;background-image:url(https:\/\/renatefrotscher.art\/wp-content\/uploads\/2025\/07\/IMG_0404-768x1024.jpeg);\"><\/div><div class=\"wp-block-cover__inner-container is-layout-constrained wp-container-core-cover-is-layout-792f6775 wp-block-cover-is-layout-constrained\">\n<div class=\"wp-block-buttons tw-mb-0 tw-mt-0 is-content-justification-center is-layout-flex wp-container-core-buttons-is-layout-a89b3969 wp-block-buttons-is-layout-flex\">\n<div class=\"wp-block-button is-style-outline is-style-outline--1\"><a class=\"wp-block-button__link has-background-color has-text-color has-link-color has-border-color has-secondary-border-color has-text-align-center wp-element-button\" href=\"https:\/\/renatefrotscher.art\/vulcanic-rococo-sculptures-dart-contemporain\" style=\"border-width:1px;padding-top:var(--wp--preset--spacing--20);padding-right:var(--wp--preset--spacing--80);padding-bottom:var(--wp--preset--spacing--20);padding-left:var(--wp--preset--spacing--80)\">collection 2025<\/a><\/div>\n<\/div>\n<\/div><\/div>\n\n\n\n<div class=\"wp-block-group alignfull\"><div class=\"wp-block-group__inner-container is-layout-constrained wp-block-group-is-layout-constrained\">\n<div class=\"wp-block-media-text alignwide is-stacked-on-mobile is-vertically-aligned-center is-style-default tw-media-bottom tw-block-animation tw-animation-fade-in-up\" style=\"padding-top:0;padding-right:0;padding-bottom:0;padding-left:0;grid-template-columns:25% auto\" id=\"Renate-Frotscher-ceramist\"><figure class=\"wp-block-media-text__media\"><img loading=\"lazy\" decoding=\"async\" width=\"768\" height=\"1024\" src=\"https:\/\/renatefrotscher.art\/wp-content\/uploads\/2025\/03\/Renate-salon-1-768x1024.webp\" alt=\"sculptures ceramiques contemporaines\" class=\"wp-image-7671 size-large\" srcset=\"https:\/\/renatefrotscher.art\/wp-content\/uploads\/2025\/03\/Renate-salon-1-768x1024.webp 768w, https:\/\/renatefrotscher.art\/wp-content\/uploads\/2025\/03\/Renate-salon-1-225x300.webp 225w, https:\/\/renatefrotscher.art\/wp-content\/uploads\/2025\/03\/Renate-salon-1-1152x1536.webp 1152w, https:\/\/renatefrotscher.art\/wp-content\/uploads\/2025\/03\/Renate-salon-1-1535x2048.webp 1535w, https:\/\/renatefrotscher.art\/wp-content\/uploads\/2025\/03\/Renate-salon-1-1200x1601.webp 1200w, https:\/\/renatefrotscher.art\/wp-content\/uploads\/2025\/03\/Renate-salon-1.webp 1881w\" sizes=\"auto, (max-width: 768px) 100vw, 768px\" \/><\/figure><div class=\"wp-block-media-text__content\">\n<p class=\"has-small-font-size\" style=\"padding-right:var(--wp--preset--spacing--80)\">FR<\/p>\n\n\n\n<p class=\"has-text-align-center has-small-font-size\"><em>Les <strong>Troph\u00e9es du non-parfait <\/strong>de Renate Frotscher refl\u00e8tent un rejet de la perfection polie, embrassant la beaut\u00e9 (wabi sabi) et le caract\u00e8re trouv\u00e9s dans le toucher humain : empreintes de pouce, surfaces in\u00e9gales ou formes asym\u00e9triques.<\/em><\/p>\n\n\n\n<p class=\"has-small-font-size\">EN<\/p>\n\n\n\n<p class=\"has-text-align-center has-secondary-color has-text-color has-link-color wp-elements-b0811cdd6171d9a0a6d5b44d109a1a1d\"><strong>Contemporary ceramic sculptures<\/strong><\/p>\n\n\n\n<p class=\"has-text-align-center has-small-font-size\">Renate Frotscher\u2019s <strong>trophies of imperfection<\/strong> reflect a rejection of polished perfection, embracing the beauty (wabi-sabi) and character found in the human touch: thumbprints, uneven surfaces, or asymmetrical forms.<\/p>\n\n\n<div class=\"wp-block-image\">\n<figure class=\"aligncenter size-thumbnail is-resized\"><img loading=\"lazy\" decoding=\"async\" width=\"150\" height=\"150\" src=\"https:\/\/renatefrotscher.art\/wp-content\/uploads\/2022\/10\/RF-logo-rond-150x150.webp\" alt=\"\" class=\"wp-image-6696\" style=\"width:74px;height:auto\" srcset=\"https:\/\/renatefrotscher.art\/wp-content\/uploads\/2022\/10\/RF-logo-rond-150x150.webp 150w, https:\/\/renatefrotscher.art\/wp-content\/uploads\/2022\/10\/RF-logo-rond.webp 300w\" sizes=\"auto, (max-width: 150px) 100vw, 150px\" \/><\/figure>\n<\/div><\/div><\/div>\n<\/div><\/div>\n\n\n\n<div class=\"wp-block-group alignfull has-primary-color has-text-color has-background has-link-color wp-elements-c88c370bc0453c0e2556b010e74c2b75\" id=\"portfolio\" style=\"background-color:#61c9c6\"><div class=\"wp-block-group__inner-container is-layout-constrained wp-block-group-is-layout-constrained\">\n<div class=\"wp-block-columns alignwide tw-mb-4 tw-mt-0 is-layout-flex wp-container-core-columns-is-layout-d0b3c9c8 wp-block-columns-is-layout-flex\">\n<div class=\"wp-block-column is-layout-flow wp-block-column-is-layout-flow\">\n<h1 class=\"wp-block-heading has-text-align-center has-primary-color has-text-color has-link-color has-larger-font-size wp-elements-86f935f44467b78249908bdad03caa72 tw-block-animation tw-animation-fade-in-up\"><br><em>\u201cDans un monde obs\u00e9d\u00e9 par la perfection et le minimalisme, mes pi\u00e8ces sont des rebelles : brutes, imparfaites et r\u00e9solument pr\u00e9sentes.<\/em>\u201c <\/h1>\n\n\n\n<p><em>Je pr\u00e9pare une petite \u00e9dition imprim\u00e9e de mon portfolio, avec une s\u00e9lection de mes \u0153uvres r\u00e9centes.<\/em><\/p>\n<\/div>\n\n\n\n<div class=\"wp-block-column is-layout-flow wp-block-column-is-layout-flow\">\n<h1 class=\"wp-block-heading has-text-align-center has-primary-color has-text-color has-link-color has-larger-font-size wp-elements-6b12e21c5e2761dc1633e1fe02edfac7 tw-block-animation tw-animation-fade-in-up\"><br>\u201cIn a world obsessed with perfection and minimalism, my pieces are rebels: raw, imperfect, and unapologetically present.\u201c<\/h1>\n\n\n\n<p>I\u2019m preparing a small print edition of my portfolio, featuring a selection of recent works.<\/p>\n<\/div>\n<\/div>\n\n\n\n<hr class=\"wp-block-separator has-alpha-channel-opacity is-style-default\"\/>\n\n\n\n<div class=\"wp-block-buttons tw-mb-0 tw-mt-0 is-horizontal is-content-justification-center is-nowrap is-layout-flex wp-container-core-buttons-is-layout-01e1d51f wp-block-buttons-is-layout-flex\">\n<div class=\"wp-block-button is-style-outline is-style-outline--2\"><a class=\"wp-block-button__link has-primary-background-color has-background has-small-font-size has-custom-font-size wp-element-button\" href=\"https:\/\/renatefrotscher.art\/printed-portfolio-request\">Request print version<\/a><\/div>\n\n\n\n<div class=\"wp-block-button is-style-outline is-style-outline--3\"><a class=\"wp-block-button__link has-primary-background-color has-background has-small-font-size has-custom-font-size wp-element-button\" href=\"https:\/\/renatefrotscher.art\/online-portfolio\">Online version<\/a><\/div>\n<\/div>\n<\/div><\/div>\n\n\n\n<div class=\"wp-block-group alignfull\"><div class=\"wp-block-group__inner-container is-layout-constrained wp-block-group-is-layout-constrained\">\n<div class=\"wp-block-media-text alignwide has-media-on-the-right is-stacked-on-mobile is-image-fill-element is-style-default\" style=\"padding-top:0;padding-right:0;padding-bottom:0;padding-left:0;grid-template-columns:auto 25%\"><div class=\"wp-block-media-text__content\">\n<p class=\"has-small-font-size\" style=\"padding-right:var(--wp--preset--spacing--80)\">J\u2019exposerai mon travail lors de la 5\u1d49 \u00e9dition du salon <em>Talents de Femmes<\/em>, organis\u00e9 aux \u00c9curies et \u00e0 l\u2019Auditorium du CPMF \u2013 Jardin des Carmes \u00e0 Aurillac, du 5 au 7 d\u00e9cembre 2025.<\/p>\n\n\n\n<p class=\"has-small-font-size\">\u2e3b<\/p>\n\n\n\n<p class=\"has-small-font-size\">I will be exhibiting my work at the 5th edition of the <em>Talents de Femmes<\/em> fair, held at Les \u00c9curies and the CPMF Auditorium \u2013 Jardin des Carmes in Aurillac, from December 5th to 7th, 2025.<\/p>\n<\/div><figure class=\"wp-block-media-text__media\"><img loading=\"lazy\" decoding=\"async\" width=\"768\" height=\"1024\" src=\"https:\/\/renatefrotscher.art\/wp-content\/uploads\/2025\/07\/IMG_1371-768x1024.jpeg\" alt=\"\" class=\"wp-image-8427 size-full\" style=\"object-position:50% 50%\" srcset=\"https:\/\/renatefrotscher.art\/wp-content\/uploads\/2025\/07\/IMG_1371-768x1024.jpeg 768w, https:\/\/renatefrotscher.art\/wp-content\/uploads\/2025\/07\/IMG_1371-225x300.jpeg 225w, https:\/\/renatefrotscher.art\/wp-content\/uploads\/2025\/07\/IMG_1371-1152x1536.jpeg 1152w, https:\/\/renatefrotscher.art\/wp-content\/uploads\/2025\/07\/IMG_1371-1536x2048.jpeg 1536w, https:\/\/renatefrotscher.art\/wp-content\/uploads\/2025\/07\/IMG_1371-1200x1600.jpeg 1200w, https:\/\/renatefrotscher.art\/wp-content\/uploads\/2025\/07\/IMG_1371-1980x2640.jpeg 1980w, https:\/\/renatefrotscher.art\/wp-content\/uploads\/2025\/07\/IMG_1371-scaled.jpeg 1920w\" sizes=\"auto, (max-width: 768px) 100vw, 768px\" \/><\/figure><\/div>\n<\/div><\/div>\n\n\n\n<div class=\"wp-block-group alignfull tw-mt-0 tw-mb-0 has-primary-background-color has-background tw-bottom-shape-halftone\" style=\"padding-top:0;padding-bottom:0\"><div class=\"wp-block-group__inner-container is-layout-constrained wp-block-group-is-layout-constrained\">\n<div class=\"wp-block-columns alignwide tw-mt-0 tw-mb-0 has-primary-background-color has-background is-layout-flex wp-container-core-columns-is-layout-d0b3c9c8 wp-block-columns-is-layout-flex\">\n<div class=\"wp-block-column tw-mb-0 is-layout-flow wp-block-column-is-layout-flow\" style=\"--col-width:100%;flex-basis:100%\">\n<h4 class=\"wp-block-heading\"><em>Suivez mon univers sur insta<\/em><\/h4>\n\n\n\n<script src=\"https:\/\/static.elfsight.com\/platform\/platform.js\" async><\/script>\n<div class=\"elfsight-app-ad8beeb3-3864-4e35-8655-4c6486603f02\" data-elfsight-app-lazy><\/div>\n<\/div>\n<\/div>\n\n\n\n<hr class=\"wp-block-separator has-alpha-channel-opacity is-style-wide tw-lg-hidden tw-md-hidden tw-sm-hidden\"\/>\n<\/div><\/div>\n\n\n\n<p><\/p>\n","protected":false},"excerpt":{"rendered":"<p>Renate Frotscher est une artiste c\u00e9ramiste n\u00e9erlandaise bas\u00e9e en France, cr\u00e9ant des sculptures contemporaines en gr\u00e8s et porcelaine.<\/p>\n","protected":false},"author":1,"featured_media":8347,"parent":0,"menu_order":0,"comment_status":"closed","ping_status":"closed","template":"tw-header-transparent.php","meta":{"footnotes":""},"class_list":["post-936","page","type-page","status-publish","has-post-thumbnail","hentry"],"yoast_head":"<!-- This site is optimized with the Yoast SEO plugin v27.5 - https:\/\/yoast.com\/product\/yoast-seo-wordpress\/ -->\n<title>Sculptures c\u00e9ramiques contemporaines - Renate Frotscher<\/title>\n<meta name=\"description\" content=\"Renate Frotscher - ARTIST C\u00c9RAMIST r\u00e9alise des sculptures en gr\u00e8s et porcelaine, \u00e0 la fois brutes, \u00e9l\u00e9gantes et r\u00e9solument contemporaines.\" \/>\n<meta name=\"robots\" content=\"index, follow, max-snippet:-1, max-image-preview:large, max-video-preview:-1\" \/>\n<link rel=\"canonical\" href=\"https:\/\/renatefrotscher.art\/en_gb\/sculptures-ceramiques-contemporaines\/\" \/>\n<meta property=\"og:locale\" content=\"en_GB\" \/>\n<meta property=\"og:type\" content=\"article\" \/>\n<meta property=\"og:title\" content=\"Renate Frotscher | Sculptrice c\u00e9ramiste contemporaine\" \/>\n<meta property=\"og:description\" content=\"Renate Frotscher Renate Frotscher creates expressive ceramic sculptures that blend raw baroque aesthetics with the poetry of imperfection. Her work explores the tension between control and spontaneity, embracing traces of the artist\u2019s hand as a resistance to digital perfection. Rooted in her past and present, emotional resonance, and material experimentation, each piece invites a deeper reflection on the beauty of flaws and the art of letting go.\" \/>\n<meta property=\"og:url\" content=\"https:\/\/renatefrotscher.art\/en_gb\/sculptures-ceramiques-contemporaines\/\" \/>\n<meta property=\"og:site_name\" content=\"Renate Frotscher\" \/>\n<meta property=\"article:publisher\" content=\"https:\/\/www.facebook.com\/studiorenate\" \/>\n<meta property=\"article:modified_time\" content=\"2025-11-17T16:25:41+00:00\" \/>\n<meta property=\"og:image\" content=\"https:\/\/renatefrotscher.art\/wp-content\/uploads\/2025\/03\/lart-de-lacher-prise-scaled.webp\" \/>\n\t<meta property=\"og:image:width\" content=\"1920\" \/>\n\t<meta property=\"og:image:height\" content=\"2560\" \/>\n\t<meta property=\"og:image:type\" content=\"image\/webp\" \/>\n<meta name=\"twitter:label1\" content=\"Estimated reading time\" \/>\n\t<meta name=\"twitter:data1\" content=\"2 minutes\" \/>\n<script type=\"application\/ld+json\" class=\"yoast-schema-graph\">{\"@context\":\"https:\\\/\\\/schema.org\",\"@graph\":[{\"@type\":\"WebPage\",\"@id\":\"https:\\\/\\\/renatefrotscher.art\\\/sculptures-ceramiques-contemporaines\",\"url\":\"https:\\\/\\\/renatefrotscher.art\\\/sculptures-ceramiques-contemporaines\",\"name\":\"Sculptures c\u00e9ramiques contemporaines - Renate Frotscher\",\"isPartOf\":{\"@id\":\"https:\\\/\\\/renatefrotscher.art\\\/#website\"},\"primaryImageOfPage\":{\"@id\":\"https:\\\/\\\/renatefrotscher.art\\\/sculptures-ceramiques-contemporaines#primaryimage\"},\"image\":{\"@id\":\"https:\\\/\\\/renatefrotscher.art\\\/sculptures-ceramiques-contemporaines#primaryimage\"},\"thumbnailUrl\":\"https:\\\/\\\/renatefrotscher.art\\\/wp-content\\\/uploads\\\/2025\\\/07\\\/IMG_0404.jpeg\",\"datePublished\":\"2021-11-20T13:52:22+00:00\",\"dateModified\":\"2025-11-17T16:25:41+00:00\",\"description\":\"Renate Frotscher - ARTIST C\u00c9RAMIST r\u00e9alise des sculptures en gr\u00e8s et porcelaine, \u00e0 la fois brutes, \u00e9l\u00e9gantes et r\u00e9solument contemporaines.\",\"breadcrumb\":{\"@id\":\"https:\\\/\\\/renatefrotscher.art\\\/sculptures-ceramiques-contemporaines#breadcrumb\"},\"inLanguage\":\"en-GB\",\"potentialAction\":[{\"@type\":\"ReadAction\",\"target\":[\"https:\\\/\\\/renatefrotscher.art\\\/sculptures-ceramiques-contemporaines\"]}]},{\"@type\":\"ImageObject\",\"inLanguage\":\"en-GB\",\"@id\":\"https:\\\/\\\/renatefrotscher.art\\\/sculptures-ceramiques-contemporaines#primaryimage\",\"url\":\"https:\\\/\\\/renatefrotscher.art\\\/wp-content\\\/uploads\\\/2025\\\/07\\\/IMG_0404.jpeg\",\"contentUrl\":\"https:\\\/\\\/renatefrotscher.art\\\/wp-content\\\/uploads\\\/2025\\\/07\\\/IMG_0404.jpeg\",\"width\":1379,\"height\":1839},{\"@type\":\"BreadcrumbList\",\"@id\":\"https:\\\/\\\/renatefrotscher.art\\\/sculptures-ceramiques-contemporaines#breadcrumb\",\"itemListElement\":[{\"@type\":\"ListItem\",\"position\":1,\"name\":\"Home\",\"item\":\"https:\\\/\\\/renatefrotscher.art\\\/\"},{\"@type\":\"ListItem\",\"position\":2,\"name\":\"Sculptures c\u00e9ramiques contemporaines\"}]},{\"@type\":\"WebSite\",\"@id\":\"https:\\\/\\\/renatefrotscher.art\\\/#website\",\"url\":\"https:\\\/\\\/renatefrotscher.art\\\/\",\"name\":\"Renate Frotscher Artiste C\u00e9ramiste\",\"description\":\"ARTIST C\u00c9RAMIST\",\"publisher\":{\"@id\":\"https:\\\/\\\/renatefrotscher.art\\\/#\\\/schema\\\/person\\\/2df712b6d2d9cd5cf6de91832d12ed2d\"},\"alternateName\":\"Studio Renate\",\"potentialAction\":[{\"@type\":\"SearchAction\",\"target\":{\"@type\":\"EntryPoint\",\"urlTemplate\":\"https:\\\/\\\/renatefrotscher.art\\\/?s={search_term_string}\"},\"query-input\":{\"@type\":\"PropertyValueSpecification\",\"valueRequired\":true,\"valueName\":\"search_term_string\"}}],\"inLanguage\":\"en-GB\"},{\"@type\":[\"Person\",\"Organization\"],\"@id\":\"https:\\\/\\\/renatefrotscher.art\\\/#\\\/schema\\\/person\\\/2df712b6d2d9cd5cf6de91832d12ed2d\",\"name\":\"Renate Frotscher\",\"image\":{\"@type\":\"ImageObject\",\"inLanguage\":\"en-GB\",\"@id\":\"https:\\\/\\\/renatefrotscher.art\\\/wp-content\\\/uploads\\\/2022\\\/10\\\/RF-logo-rond.png\",\"url\":\"https:\\\/\\\/renatefrotscher.art\\\/wp-content\\\/uploads\\\/2022\\\/10\\\/RF-logo-rond.png\",\"contentUrl\":\"https:\\\/\\\/renatefrotscher.art\\\/wp-content\\\/uploads\\\/2022\\\/10\\\/RF-logo-rond.png\",\"width\":300,\"height\":300,\"caption\":\"Renate Frotscher\"},\"logo\":{\"@id\":\"https:\\\/\\\/renatefrotscher.art\\\/wp-content\\\/uploads\\\/2022\\\/10\\\/RF-logo-rond.png\"},\"sameAs\":[\"https:\\\/\\\/www.facebook.com\\\/studiorenate\",\"https:\\\/\\\/www.instagram.com\\\/studiorenate\\\/\",\"https:\\\/\\\/www.linkedin.com\\\/in\\\/renatefrotscher\\\/\",\"https:\\\/\\\/www.pinterest.fr\\\/renatefr\\\/renate-frotscher-ceramics\\\/\",\"https:\\\/\\\/x.com\\\/https:\\\/\\\/twitter.com\\\/renatefrotscher\"]}]}<\/script>\n<!-- \/ Yoast SEO plugin. -->","yoast_head_json":{"title":"Sculptures c\u00e9ramiques contemporaines - Renate Frotscher","description":"Renate Frotscher - ARTIST C\u00c9RAMIST r\u00e9alise des sculptures en gr\u00e8s et porcelaine, \u00e0 la fois brutes, \u00e9l\u00e9gantes et r\u00e9solument contemporaines.","robots":{"index":"index","follow":"follow","max-snippet":"max-snippet:-1","max-image-preview":"max-image-preview:large","max-video-preview":"max-video-preview:-1"},"canonical":"https:\/\/renatefrotscher.art\/en_gb\/sculptures-ceramiques-contemporaines\/","og_locale":"en_GB","og_type":"article","og_title":"Renate Frotscher | Sculptrice c\u00e9ramiste contemporaine","og_description":"Renate Frotscher Renate Frotscher creates expressive ceramic sculptures that blend raw baroque aesthetics with the poetry of imperfection. Her work explores the tension between control and spontaneity, embracing traces of the artist\u2019s hand as a resistance to digital perfection. Rooted in her past and present, emotional resonance, and material experimentation, each piece invites a deeper reflection on the beauty of flaws and the art of letting go.","og_url":"https:\/\/renatefrotscher.art\/en_gb\/sculptures-ceramiques-contemporaines\/","og_site_name":"Renate Frotscher","article_publisher":"https:\/\/www.facebook.com\/studiorenate","article_modified_time":"2025-11-17T16:25:41+00:00","og_image":[{"width":1920,"height":2560,"url":"https:\/\/renatefrotscher.art\/wp-content\/uploads\/2025\/03\/lart-de-lacher-prise-scaled.webp","type":"image\/webp"}],"twitter_misc":{"Estimated reading time":"2 minutes"},"schema":{"@context":"https:\/\/schema.org","@graph":[{"@type":"WebPage","@id":"https:\/\/renatefrotscher.art\/sculptures-ceramiques-contemporaines","url":"https:\/\/renatefrotscher.art\/sculptures-ceramiques-contemporaines","name":"Sculptures c\u00e9ramiques contemporaines - Renate Frotscher","isPartOf":{"@id":"https:\/\/renatefrotscher.art\/#website"},"primaryImageOfPage":{"@id":"https:\/\/renatefrotscher.art\/sculptures-ceramiques-contemporaines#primaryimage"},"image":{"@id":"https:\/\/renatefrotscher.art\/sculptures-ceramiques-contemporaines#primaryimage"},"thumbnailUrl":"https:\/\/renatefrotscher.art\/wp-content\/uploads\/2025\/07\/IMG_0404.jpeg","datePublished":"2021-11-20T13:52:22+00:00","dateModified":"2025-11-17T16:25:41+00:00","description":"Renate Frotscher - ARTIST C\u00c9RAMIST r\u00e9alise des sculptures en gr\u00e8s et porcelaine, \u00e0 la fois brutes, \u00e9l\u00e9gantes et r\u00e9solument contemporaines.","breadcrumb":{"@id":"https:\/\/renatefrotscher.art\/sculptures-ceramiques-contemporaines#breadcrumb"},"inLanguage":"en-GB","potentialAction":[{"@type":"ReadAction","target":["https:\/\/renatefrotscher.art\/sculptures-ceramiques-contemporaines"]}]},{"@type":"ImageObject","inLanguage":"en-GB","@id":"https:\/\/renatefrotscher.art\/sculptures-ceramiques-contemporaines#primaryimage","url":"https:\/\/renatefrotscher.art\/wp-content\/uploads\/2025\/07\/IMG_0404.jpeg","contentUrl":"https:\/\/renatefrotscher.art\/wp-content\/uploads\/2025\/07\/IMG_0404.jpeg","width":1379,"height":1839},{"@type":"BreadcrumbList","@id":"https:\/\/renatefrotscher.art\/sculptures-ceramiques-contemporaines#breadcrumb","itemListElement":[{"@type":"ListItem","position":1,"name":"Home","item":"https:\/\/renatefrotscher.art\/"},{"@type":"ListItem","position":2,"name":"Sculptures c\u00e9ramiques contemporaines"}]},{"@type":"WebSite","@id":"https:\/\/renatefrotscher.art\/#website","url":"https:\/\/renatefrotscher.art\/","name":"Renate Frotscher Artiste C\u00e9ramiste","description":"ARTIST C\u00c9RAMIST","publisher":{"@id":"https:\/\/renatefrotscher.art\/#\/schema\/person\/2df712b6d2d9cd5cf6de91832d12ed2d"},"alternateName":"Studio Renate","potentialAction":[{"@type":"SearchAction","target":{"@type":"EntryPoint","urlTemplate":"https:\/\/renatefrotscher.art\/?s={search_term_string}"},"query-input":{"@type":"PropertyValueSpecification","valueRequired":true,"valueName":"search_term_string"}}],"inLanguage":"en-GB"},{"@type":["Person","Organization"],"@id":"https:\/\/renatefrotscher.art\/#\/schema\/person\/2df712b6d2d9cd5cf6de91832d12ed2d","name":"Renate Frotscher","image":{"@type":"ImageObject","inLanguage":"en-GB","@id":"https:\/\/renatefrotscher.art\/wp-content\/uploads\/2022\/10\/RF-logo-rond.png","url":"https:\/\/renatefrotscher.art\/wp-content\/uploads\/2022\/10\/RF-logo-rond.png","contentUrl":"https:\/\/renatefrotscher.art\/wp-content\/uploads\/2022\/10\/RF-logo-rond.png","width":300,"height":300,"caption":"Renate Frotscher"},"logo":{"@id":"https:\/\/renatefrotscher.art\/wp-content\/uploads\/2022\/10\/RF-logo-rond.png"},"sameAs":["https:\/\/www.facebook.com\/studiorenate","https:\/\/www.instagram.com\/studiorenate\/","https:\/\/www.linkedin.com\/in\/renatefrotscher\/","https:\/\/www.pinterest.fr\/renatefr\/renate-frotscher-ceramics\/","https:\/\/x.com\/https:\/\/twitter.com\/renatefrotscher"]}]}},"_links":{"self":[{"href":"https:\/\/renatefrotscher.art\/en_gb\/wp-json\/wp\/v2\/pages\/936","targetHints":{"allow":["GET"]}}],"collection":[{"href":"https:\/\/renatefrotscher.art\/en_gb\/wp-json\/wp\/v2\/pages"}],"about":[{"href":"https:\/\/renatefrotscher.art\/en_gb\/wp-json\/wp\/v2\/types\/page"}],"author":[{"embeddable":true,"href":"https:\/\/renatefrotscher.art\/en_gb\/wp-json\/wp\/v2\/users\/1"}],"replies":[{"embeddable":true,"href":"https:\/\/renatefrotscher.art\/en_gb\/wp-json\/wp\/v2\/comments?post=936"}],"version-history":[{"count":103,"href":"https:\/\/renatefrotscher.art\/en_gb\/wp-json\/wp\/v2\/pages\/936\/revisions"}],"predecessor-version":[{"id":8490,"href":"https:\/\/renatefrotscher.art\/en_gb\/wp-json\/wp\/v2\/pages\/936\/revisions\/8490"}],"wp:featuredmedia":[{"embeddable":true,"href":"https:\/\/renatefrotscher.art\/en_gb\/wp-json\/wp\/v2\/media\/8347"}],"wp:attachment":[{"href":"https:\/\/renatefrotscher.art\/en_gb\/wp-json\/wp\/v2\/media?parent=936"}],"curies":[{"name":"wp","href":"https:\/\/api.w.org\/{rel}","templated":true}]}}