{"id":9366,"date":"2025-11-20T16:57:35","date_gmt":"2025-11-20T16:57:35","guid":{"rendered":"https:\/\/renatefrotscher.art\/?page_id=9366"},"modified":"2025-11-20T16:58:43","modified_gmt":"2025-11-20T16:58:43","slug":"mirrors","status":"publish","type":"page","link":"https:\/\/renatefrotscher.art\/en_gb\/mirrors","title":{"rendered":"Mirrors"},"content":{"rendered":"\n<h2 class=\"wp-block-heading has-text-align-center\">Medium and Small<\/h2>\n\n\n\n<div class=\"wp-block-query alignwide is-layout-flow wp-block-query-is-layout-flow\"><ul class=\"columns-3 wp-block-post-template is-layout-grid wp-container-core-post-template-is-layout-7e8a4131 wp-block-post-template-is-layout-grid tw-valign-top tw-cols-small\"><li class=\"wp-block-post post-9521 portfolio type-portfolio status-publish has-post-thumbnail hentry portfolio_category-89 portfolio_category-mirrors\">\n<figure style=\"aspect-ratio:9\/16;\" class=\"tw-mb-4 is-style-default wp-block-post-featured-image tw-hover-overlay\"><a href=\"https:\/\/renatefrotscher.art\/en_gb\/collection\/small-rococo-mirror\" target=\"_self\"  ><img loading=\"lazy\" decoding=\"async\" width=\"580\" height=\"580\" src=\"https:\/\/renatefrotscher.art\/wp-content\/uploads\/2025\/11\/vulcanic-rococo-mirror-1024x1024.webp\" class=\"attachment-large size-large wp-post-image\" alt=\"Small rococo mirror\" style=\"width:100%;height:100%;object-fit:cover;\" srcset=\"https:\/\/renatefrotscher.art\/wp-content\/uploads\/2025\/11\/vulcanic-rococo-mirror-1024x1024.webp 1024w, https:\/\/renatefrotscher.art\/wp-content\/uploads\/2025\/11\/vulcanic-rococo-mirror-300x300.webp 300w, https:\/\/renatefrotscher.art\/wp-content\/uploads\/2025\/11\/vulcanic-rococo-mirror-150x150.webp 150w, https:\/\/renatefrotscher.art\/wp-content\/uploads\/2025\/11\/vulcanic-rococo-mirror-768x768.webp 768w, https:\/\/renatefrotscher.art\/wp-content\/uploads\/2025\/11\/vulcanic-rococo-mirror-1536x1536.webp 1536w, https:\/\/renatefrotscher.art\/wp-content\/uploads\/2025\/11\/vulcanic-rococo-mirror-1200x1200.webp 1200w, https:\/\/renatefrotscher.art\/wp-content\/uploads\/2025\/11\/vulcanic-rococo-mirror.webp 1920w\" sizes=\"auto, (max-width: 580px) 100vw, 580px\" \/><span class=\"wp-block-post-featured-image__overlay has-background-dim has-background-dim-50 has-background-background-color\" style=\"\" aria-hidden=\"true\"><\/span><\/a><\/figure>\n<\/li><li class=\"wp-block-post post-9361 portfolio type-portfolio status-publish has-post-thumbnail hentry portfolio_category-89 portfolio_category-design-objects portfolio_category-mirrors\">\n<figure style=\"aspect-ratio:9\/16;\" class=\"tw-mb-4 is-style-default wp-block-post-featured-image tw-hover-overlay\"><a href=\"https:\/\/renatefrotscher.art\/en_gb\/collection\/medium-mirror\" target=\"_self\"  ><img loading=\"lazy\" decoding=\"async\" width=\"580\" height=\"773\" src=\"https:\/\/renatefrotscher.art\/wp-content\/uploads\/2024\/09\/mirror-1-3-768x1024.webp\" class=\"attachment-large size-large wp-post-image\" alt=\"Medium Mirror &#8211; SOLD &#8211;\" style=\"width:100%;height:100%;object-fit:cover;\" srcset=\"https:\/\/renatefrotscher.art\/wp-content\/uploads\/2024\/09\/mirror-1-3-768x1024.webp 768w, https:\/\/renatefrotscher.art\/wp-content\/uploads\/2024\/09\/mirror-1-3-225x300.webp 225w, https:\/\/renatefrotscher.art\/wp-content\/uploads\/2024\/09\/mirror-1-3-1152x1536.webp 1152w, https:\/\/renatefrotscher.art\/wp-content\/uploads\/2024\/09\/mirror-1-3-1536x2048.webp 1536w, https:\/\/renatefrotscher.art\/wp-content\/uploads\/2024\/09\/mirror-1-3-1200x1600.webp 1200w, https:\/\/renatefrotscher.art\/wp-content\/uploads\/2024\/09\/mirror-1-3-1980x2640.webp 1980w, https:\/\/renatefrotscher.art\/wp-content\/uploads\/2024\/09\/mirror-1-3-scaled.webp 1920w\" sizes=\"auto, (max-width: 580px) 100vw, 580px\" \/><span class=\"wp-block-post-featured-image__overlay has-background-dim has-background-dim-50 has-background-background-color\" style=\"\" aria-hidden=\"true\"><\/span><\/a><\/figure>\n<\/li><\/ul><\/div>\n","protected":false},"excerpt":{"rendered":"<p>Medium and Small<\/p>\n","protected":false},"author":1,"featured_media":0,"parent":0,"menu_order":0,"comment_status":"closed","ping_status":"closed","template":"","meta":{"footnotes":""},"class_list":["post-9366","page","type-page","status-publish","hentry"],"yoast_head":"<!-- This site is optimized with the Yoast SEO plugin v27.3 - https:\/\/yoast.com\/product\/yoast-seo-wordpress\/ -->\n<title>Mirrors - Renate Frotscher<\/title>\n<meta name=\"description\" content=\"Artiste c\u00e9ramiste bas\u00e9 en France cr\u00e9ant des jouets d&#039;art fantastiques et uniques pour d\u00e9corer votre espace r\u00e9el et virtuel.\" \/>\n<meta name=\"robots\" content=\"index, follow, max-snippet:-1, max-image-preview:large, max-video-preview:-1\" \/>\n<link rel=\"canonical\" href=\"https:\/\/renatefrotscher.art\/en_gb\/mirrors\/\" \/>\n<meta property=\"og:locale\" content=\"en_GB\" \/>\n<meta property=\"og:type\" content=\"article\" \/>\n<meta property=\"og:title\" content=\"Mirrors - Renate Frotscher\" \/>\n<meta property=\"og:description\" content=\"Artiste c\u00e9ramiste bas\u00e9 en France cr\u00e9ant des jouets d&#039;art fantastiques et uniques pour d\u00e9corer votre espace r\u00e9el et virtuel.\" \/>\n<meta property=\"og:url\" content=\"https:\/\/renatefrotscher.art\/en_gb\/mirrors\/\" \/>\n<meta property=\"og:site_name\" content=\"Renate Frotscher\" \/>\n<meta property=\"article:publisher\" content=\"https:\/\/www.facebook.com\/studiorenate\" \/>\n<meta property=\"article:modified_time\" content=\"2025-11-20T16:58:43+00:00\" \/>\n<meta property=\"og:image\" content=\"https:\/\/renatefrotscher.art\/wp-content\/uploads\/2023\/12\/Teddie_14_03-scaled.webp\" \/>\n\t<meta property=\"og:image:width\" content=\"2560\" \/>\n\t<meta property=\"og:image:height\" content=\"2560\" \/>\n\t<meta property=\"og:image:type\" content=\"image\/jpeg\" \/>\n<meta name=\"twitter:label1\" content=\"Estimated reading time\" \/>\n\t<meta name=\"twitter:data1\" content=\"1 minute\" \/>\n<script type=\"application\/ld+json\" class=\"yoast-schema-graph\">{\"@context\":\"https:\\\/\\\/schema.org\",\"@graph\":[{\"@type\":\"WebPage\",\"@id\":\"https:\\\/\\\/renatefrotscher.art\\\/mirrors\",\"url\":\"https:\\\/\\\/renatefrotscher.art\\\/mirrors\",\"name\":\"Mirrors - Renate Frotscher\",\"isPartOf\":{\"@id\":\"https:\\\/\\\/renatefrotscher.art\\\/#website\"},\"datePublished\":\"2025-11-20T16:57:35+00:00\",\"dateModified\":\"2025-11-20T16:58:43+00:00\",\"description\":\"Artiste c\u00e9ramiste bas\u00e9 en France cr\u00e9ant des jouets d'art fantastiques et uniques pour d\u00e9corer votre espace r\u00e9el et virtuel.\",\"breadcrumb\":{\"@id\":\"https:\\\/\\\/renatefrotscher.art\\\/mirrors#breadcrumb\"},\"inLanguage\":\"en-GB\",\"potentialAction\":[{\"@type\":\"ReadAction\",\"target\":[\"https:\\\/\\\/renatefrotscher.art\\\/mirrors\"]}]},{\"@type\":\"BreadcrumbList\",\"@id\":\"https:\\\/\\\/renatefrotscher.art\\\/mirrors#breadcrumb\",\"itemListElement\":[{\"@type\":\"ListItem\",\"position\":1,\"name\":\"Home\",\"item\":\"https:\\\/\\\/renatefrotscher.art\\\/\"},{\"@type\":\"ListItem\",\"position\":2,\"name\":\"Mirrors\"}]},{\"@type\":\"WebSite\",\"@id\":\"https:\\\/\\\/renatefrotscher.art\\\/#website\",\"url\":\"https:\\\/\\\/renatefrotscher.art\\\/\",\"name\":\"Renate Frotscher Artiste C\u00e9ramiste\",\"description\":\"ARTIST C\u00c9RAMIST\",\"publisher\":{\"@id\":\"https:\\\/\\\/renatefrotscher.art\\\/#\\\/schema\\\/person\\\/2df712b6d2d9cd5cf6de91832d12ed2d\"},\"alternateName\":\"Studio Renate\",\"potentialAction\":[{\"@type\":\"SearchAction\",\"target\":{\"@type\":\"EntryPoint\",\"urlTemplate\":\"https:\\\/\\\/renatefrotscher.art\\\/?s={search_term_string}\"},\"query-input\":{\"@type\":\"PropertyValueSpecification\",\"valueRequired\":true,\"valueName\":\"search_term_string\"}}],\"inLanguage\":\"en-GB\"},{\"@type\":[\"Person\",\"Organization\"],\"@id\":\"https:\\\/\\\/renatefrotscher.art\\\/#\\\/schema\\\/person\\\/2df712b6d2d9cd5cf6de91832d12ed2d\",\"name\":\"Renate Frotscher\",\"image\":{\"@type\":\"ImageObject\",\"inLanguage\":\"en-GB\",\"@id\":\"https:\\\/\\\/renatefrotscher.art\\\/wp-content\\\/uploads\\\/2022\\\/10\\\/RF-logo-rond.png\",\"url\":\"https:\\\/\\\/renatefrotscher.art\\\/wp-content\\\/uploads\\\/2022\\\/10\\\/RF-logo-rond.png\",\"contentUrl\":\"https:\\\/\\\/renatefrotscher.art\\\/wp-content\\\/uploads\\\/2022\\\/10\\\/RF-logo-rond.png\",\"width\":300,\"height\":300,\"caption\":\"Renate Frotscher\"},\"logo\":{\"@id\":\"https:\\\/\\\/renatefrotscher.art\\\/wp-content\\\/uploads\\\/2022\\\/10\\\/RF-logo-rond.png\"},\"sameAs\":[\"https:\\\/\\\/www.facebook.com\\\/studiorenate\",\"https:\\\/\\\/www.instagram.com\\\/studiorenate\\\/\",\"https:\\\/\\\/www.linkedin.com\\\/in\\\/renatefrotscher\\\/\",\"https:\\\/\\\/www.pinterest.fr\\\/renatefr\\\/renate-frotscher-ceramics\\\/\",\"https:\\\/\\\/x.com\\\/https:\\\/\\\/twitter.com\\\/renatefrotscher\"]}]}<\/script>\n<!-- \/ Yoast SEO plugin. -->","yoast_head_json":{"title":"Mirrors - Renate Frotscher","description":"Artiste c\u00e9ramiste bas\u00e9 en France cr\u00e9ant des jouets d'art fantastiques et uniques pour d\u00e9corer votre espace r\u00e9el et virtuel.","robots":{"index":"index","follow":"follow","max-snippet":"max-snippet:-1","max-image-preview":"max-image-preview:large","max-video-preview":"max-video-preview:-1"},"canonical":"https:\/\/renatefrotscher.art\/en_gb\/mirrors\/","og_locale":"en_GB","og_type":"article","og_title":"Mirrors - Renate Frotscher","og_description":"Artiste c\u00e9ramiste bas\u00e9 en France cr\u00e9ant des jouets d'art fantastiques et uniques pour d\u00e9corer votre espace r\u00e9el et virtuel.","og_url":"https:\/\/renatefrotscher.art\/en_gb\/mirrors\/","og_site_name":"Renate Frotscher","article_publisher":"https:\/\/www.facebook.com\/studiorenate","article_modified_time":"2025-11-20T16:58:43+00:00","og_image":[{"width":2560,"height":2560,"url":"https:\/\/renatefrotscher.art\/wp-content\/uploads\/2023\/12\/Teddie_14_03-scaled.webp","type":"image\/jpeg"}],"twitter_misc":{"Estimated reading time":"1 minute"},"schema":{"@context":"https:\/\/schema.org","@graph":[{"@type":"WebPage","@id":"https:\/\/renatefrotscher.art\/mirrors","url":"https:\/\/renatefrotscher.art\/mirrors","name":"Mirrors - Renate Frotscher","isPartOf":{"@id":"https:\/\/renatefrotscher.art\/#website"},"datePublished":"2025-11-20T16:57:35+00:00","dateModified":"2025-11-20T16:58:43+00:00","description":"Artiste c\u00e9ramiste bas\u00e9 en France cr\u00e9ant des jouets d'art fantastiques et uniques pour d\u00e9corer votre espace r\u00e9el et virtuel.","breadcrumb":{"@id":"https:\/\/renatefrotscher.art\/mirrors#breadcrumb"},"inLanguage":"en-GB","potentialAction":[{"@type":"ReadAction","target":["https:\/\/renatefrotscher.art\/mirrors"]}]},{"@type":"BreadcrumbList","@id":"https:\/\/renatefrotscher.art\/mirrors#breadcrumb","itemListElement":[{"@type":"ListItem","position":1,"name":"Home","item":"https:\/\/renatefrotscher.art\/"},{"@type":"ListItem","position":2,"name":"Mirrors"}]},{"@type":"WebSite","@id":"https:\/\/renatefrotscher.art\/#website","url":"https:\/\/renatefrotscher.art\/","name":"Renate Frotscher Artiste C\u00e9ramiste","description":"ARTIST C\u00c9RAMIST","publisher":{"@id":"https:\/\/renatefrotscher.art\/#\/schema\/person\/2df712b6d2d9cd5cf6de91832d12ed2d"},"alternateName":"Studio Renate","potentialAction":[{"@type":"SearchAction","target":{"@type":"EntryPoint","urlTemplate":"https:\/\/renatefrotscher.art\/?s={search_term_string}"},"query-input":{"@type":"PropertyValueSpecification","valueRequired":true,"valueName":"search_term_string"}}],"inLanguage":"en-GB"},{"@type":["Person","Organization"],"@id":"https:\/\/renatefrotscher.art\/#\/schema\/person\/2df712b6d2d9cd5cf6de91832d12ed2d","name":"Renate Frotscher","image":{"@type":"ImageObject","inLanguage":"en-GB","@id":"https:\/\/renatefrotscher.art\/wp-content\/uploads\/2022\/10\/RF-logo-rond.png","url":"https:\/\/renatefrotscher.art\/wp-content\/uploads\/2022\/10\/RF-logo-rond.png","contentUrl":"https:\/\/renatefrotscher.art\/wp-content\/uploads\/2022\/10\/RF-logo-rond.png","width":300,"height":300,"caption":"Renate Frotscher"},"logo":{"@id":"https:\/\/renatefrotscher.art\/wp-content\/uploads\/2022\/10\/RF-logo-rond.png"},"sameAs":["https:\/\/www.facebook.com\/studiorenate","https:\/\/www.instagram.com\/studiorenate\/","https:\/\/www.linkedin.com\/in\/renatefrotscher\/","https:\/\/www.pinterest.fr\/renatefr\/renate-frotscher-ceramics\/","https:\/\/x.com\/https:\/\/twitter.com\/renatefrotscher"]}]}},"_links":{"self":[{"href":"https:\/\/renatefrotscher.art\/en_gb\/wp-json\/wp\/v2\/pages\/9366","targetHints":{"allow":["GET"]}}],"collection":[{"href":"https:\/\/renatefrotscher.art\/en_gb\/wp-json\/wp\/v2\/pages"}],"about":[{"href":"https:\/\/renatefrotscher.art\/en_gb\/wp-json\/wp\/v2\/types\/page"}],"author":[{"embeddable":true,"href":"https:\/\/renatefrotscher.art\/en_gb\/wp-json\/wp\/v2\/users\/1"}],"replies":[{"embeddable":true,"href":"https:\/\/renatefrotscher.art\/en_gb\/wp-json\/wp\/v2\/comments?post=9366"}],"version-history":[{"count":2,"href":"https:\/\/renatefrotscher.art\/en_gb\/wp-json\/wp\/v2\/pages\/9366\/revisions"}],"predecessor-version":[{"id":9368,"href":"https:\/\/renatefrotscher.art\/en_gb\/wp-json\/wp\/v2\/pages\/9366\/revisions\/9368"}],"wp:attachment":[{"href":"https:\/\/renatefrotscher.art\/en_gb\/wp-json\/wp\/v2\/media?parent=9366"}],"curies":[{"name":"wp","href":"https:\/\/api.w.org\/{rel}","templated":true}]}}