{"id":9461,"date":"2025-11-27T14:32:07","date_gmt":"2025-11-27T14:32:07","guid":{"rendered":"https:\/\/renatefrotscher.art\/?page_id=9461"},"modified":"2026-03-31T15:56:34","modified_gmt":"2026-03-31T15:56:34","slug":"contact","status":"publish","type":"page","link":"https:\/\/renatefrotscher.art\/en_gb\/contact","title":{"rendered":"Contact"},"content":{"rendered":"\n<div class=\"wp-block-group alignfull tw-backdrop-blur tw-md-justify-center tw-md-justify-start has-background-background-color has-background\"><div class=\"wp-block-group__inner-container is-layout-constrained wp-block-group-is-layout-constrained\">\n<div class=\"wp-block-cover alignfull is-light is-style-tw-border-inner wp-duotone-grayscale\" style=\"margin-top:0;padding-top:48px;padding-right:48px;padding-bottom:48px;padding-left:48px;min-height:66vh;aspect-ratio:unset;\"><img loading=\"lazy\" decoding=\"async\" width=\"768\" height=\"1024\" sizes=\"auto, (max-width: 799px) 200vw, (max-width: 1920px) 100vw, 1920px\" class=\"wp-block-cover__image-background wp-image-7842 size-large\" alt=\"\" src=\"https:\/\/renatefrotscher.art\/wp-content\/uploads\/2025\/05\/IMG_0057-768x1024.jpeg\" style=\"object-position:56% 80%\" data-object-fit=\"cover\" data-object-position=\"56% 80%\" srcset=\"https:\/\/renatefrotscher.art\/wp-content\/uploads\/2025\/05\/IMG_0057-768x1024.jpeg 768w, https:\/\/renatefrotscher.art\/wp-content\/uploads\/2025\/05\/IMG_0057-225x300.jpeg 225w, https:\/\/renatefrotscher.art\/wp-content\/uploads\/2025\/05\/IMG_0057-1152x1536.jpeg 1152w, https:\/\/renatefrotscher.art\/wp-content\/uploads\/2025\/05\/IMG_0057-1536x2048.jpeg 1536w, https:\/\/renatefrotscher.art\/wp-content\/uploads\/2025\/05\/IMG_0057-1200x1600.jpeg 1200w, https:\/\/renatefrotscher.art\/wp-content\/uploads\/2025\/05\/IMG_0057-1980x2640.jpeg 1980w, https:\/\/renatefrotscher.art\/wp-content\/uploads\/2025\/05\/IMG_0057-scaled.jpeg 1920w\" \/><span aria-hidden=\"true\" class=\"wp-block-cover__background has-background-background-color has-background-dim-30 has-background-dim\"><\/span><div class=\"wp-block-cover__inner-container is-layout-flow wp-block-cover-is-layout-flow\">\n<div class=\"wp-block-buttons alignwide is-content-justification-right is-nowrap is-layout-flex wp-container-core-buttons-is-layout-5355fa85 wp-block-buttons-is-layout-flex\">\n<div class=\"wp-block-button is-style-outline is-style-outline--1\"><a class=\"wp-block-button__link has-secondary-color has-text-color has-large-font-size has-custom-font-size wp-element-button\" href=\"http:\/\/renatefrotscher.art\" style=\"border-style:none;border-width:0px;padding-top:10px;padding-right:10px;padding-bottom:10px;padding-left:10px;font-style:normal;font-weight:600;letter-spacing:0px;text-transform:uppercase\">x Close<\/a><\/div>\n<\/div>\n\n\n\n<div class=\"wp-block-group alignwide\"><div class=\"wp-block-group__inner-container is-layout-constrained wp-container-core-group-is-layout-4582f6a7 wp-block-group-is-layout-constrained\">\n<h2 class=\"wp-block-heading alignwide has-text-align-center tw-mb-0 has-secondary-color has-text-color has-link-color wp-elements-9ae2f3c37968cf128e6332f54e3ce4e4\"><br><br>Go ahead&#8230; <br>interrupt my creative chaos.<\/h2>\n\n\n\n<p class=\"has-text-align-center tw-mt-0 has-secondary-color has-text-color has-link-color wp-elements-738af309f8b818c78426c70e981702b8\"><br>&#8230;This is probably good for me.<\/p>\n\n\n<style id=\"wpforms-css-vars-9463\">\n\t\t\t\t#wpforms-9463 {\n\t\t\t\t--wpforms-label-sublabel-color: #61c9c6;\n--wpforms-button-background-color: #61c9c6;\n--wpforms-container-padding: 0px;\n--wpforms-container-border-width: 1px;\n--wpforms-container-border-radius: 3px;\n--wpforms-background-color: rgba(0, 0, 0, 0);\n--wpforms-field-size-input-height: 43px;\n--wpforms-field-size-input-spacing: 15px;\n--wpforms-field-size-font-size: 16px;\n--wpforms-field-size-line-height: 19px;\n--wpforms-field-size-padding-h: 14px;\n--wpforms-field-size-checkbox-size: 16px;\n--wpforms-field-size-sublabel-spacing: 5px;\n--wpforms-field-size-icon-size: 1;\n--wpforms-label-size-font-size: 16px;\n--wpforms-label-size-line-height: 19px;\n--wpforms-label-size-sublabel-font-size: 14px;\n--wpforms-label-size-sublabel-line-height: 17px;\n--wpforms-button-size-font-size: 17px;\n--wpforms-button-size-height: 41px;\n--wpforms-button-size-padding-h: 15px;\n--wpforms-button-size-margin-top: 10px;\n--wpforms-container-shadow-size-box-shadow: none;\n\t\t\t}\n\t\t\t<\/style><div class=\"wpforms-container wpforms-container-full wpforms-render-modern\" id=\"wpforms-9463\"><form id=\"wpforms-form-9463\" class=\"wpforms-validate wpforms-form wpforms-ajax-form\" data-formid=\"9463\" method=\"post\" enctype=\"multipart\/form-data\" action=\"\/en_gb\/wp-json\/wp\/v2\/pages\/9461\" data-token=\"dbf368f5394c3c39ba7251287a1a5de7\" data-token-time=\"1775406803\"><noscript class=\"wpforms-error-noscript\">Please enable JavaScript in your browser to complete this form.<\/noscript><div id=\"wpforms-error-noscript\" style=\"display: none;\">Please enable JavaScript in your browser to complete this form.<\/div><div class=\"wpforms-field-container\">\t\t<div id=\"wpforms-9463-field_4-container\"\n\t\t\tclass=\"wpforms-field wpforms-field-text\"\n\t\t\tdata-field-type=\"text\"\n\t\t\tdata-field-id=\"4\"\n\t\t\t>\n\t\t\t<label class=\"wpforms-field-label\" for=\"wpforms-9463-field_4\" >or Comment Name<\/label>\n\t\t\t<input type=\"text\" id=\"wpforms-9463-field_4\" class=\"wpforms-field-medium\" name=\"wpforms[fields][4]\" >\n\t\t<\/div>\n\t\t<div id=\"wpforms-9463-field_1-container\" class=\"wpforms-field wpforms-field-name\" data-field-id=\"1\"><fieldset><legend class=\"wpforms-field-label\">Name <span class=\"wpforms-required-label\" aria-hidden=\"true\">*<\/span><\/legend><div class=\"wpforms-field-row wpforms-field-medium\"><div class=\"wpforms-field-row-block wpforms-first wpforms-one-half\"><input type=\"text\" id=\"wpforms-9463-field_1\" class=\"wpforms-field-name-first wpforms-field-required\" name=\"wpforms[fields][1][first]\" aria-errormessage=\"wpforms-9463-field_1-error\" required><label for=\"wpforms-9463-field_1\" class=\"wpforms-field-sublabel after\">First<\/label><\/div><div class=\"wpforms-field-row-block wpforms-one-half\"><input type=\"text\" id=\"wpforms-9463-field_1-last\" class=\"wpforms-field-name-last wpforms-field-required\" name=\"wpforms[fields][1][last]\" aria-errormessage=\"wpforms-9463-field_1-last-error\" required><label for=\"wpforms-9463-field_1-last\" class=\"wpforms-field-sublabel after\">Last<\/label><\/div><\/div><\/fieldset><\/div><div id=\"wpforms-9463-field_2-container\" class=\"wpforms-field wpforms-field-email\" data-field-id=\"2\"><label class=\"wpforms-field-label\" for=\"wpforms-9463-field_2\">Email <span class=\"wpforms-required-label\" aria-hidden=\"true\">*<\/span><\/label><input type=\"email\" id=\"wpforms-9463-field_2\" class=\"wpforms-field-medium wpforms-field-required\" name=\"wpforms[fields][2]\" spellcheck=\"false\" aria-errormessage=\"wpforms-9463-field_2-error\" required><\/div><div id=\"wpforms-9463-field_3-container\" class=\"wpforms-field wpforms-field-textarea\" data-field-id=\"3\"><label class=\"wpforms-field-label\" for=\"wpforms-9463-field_3\">Comment or Message<\/label><textarea id=\"wpforms-9463-field_3\" class=\"wpforms-field-medium\" name=\"wpforms[fields][3]\" aria-errormessage=\"wpforms-9463-field_3-error\" ><\/textarea><\/div><script>\n\t\t\t\t( function() {\n\t\t\t\t\tconst style = document.createElement( 'style' );\n\t\t\t\t\tstyle.appendChild( document.createTextNode( '#wpforms-9463-field_4-container { position: absolute !important; overflow: hidden !important; display: inline !important; height: 1px !important; width: 1px !important; z-index: -1000 !important; padding: 0 !important; } #wpforms-9463-field_4-container input { visibility: hidden; } #wpforms-conversational-form-page #wpforms-9463-field_4-container label { counter-increment: none; }' ) );\n\t\t\t\t\tdocument.head.appendChild( style );\n\t\t\t\t\tdocument.currentScript?.remove();\n\t\t\t\t} )();\n\t\t\t<\/script><\/div><!-- .wpforms-field-container --><div class=\"wpforms-submit-container\" ><input type=\"hidden\" name=\"wpforms[id]\" value=\"9463\"><input type=\"hidden\" name=\"page_title\" value=\"\"><input type=\"hidden\" name=\"page_url\" value=\"https:\/\/renatefrotscher.art\/en_gb\/wp-json\/wp\/v2\/pages\/9461\"><input type=\"hidden\" name=\"url_referer\" value=\"\"><button type=\"submit\" name=\"wpforms[submit]\" id=\"wpforms-submit-9463\" class=\"wpforms-submit\" data-alt-text=\"Sending...\" data-submit-text=\"Submit\" aria-live=\"assertive\" value=\"wpforms-submit\">Submit<\/button><img loading=\"lazy\" decoding=\"async\" src=\"https:\/\/renatefrotscher.art\/wp-content\/plugins\/wpforms-lite\/assets\/images\/submit-spin.svg\" class=\"wpforms-submit-spinner\" style=\"display: none;\" width=\"26\" height=\"26\" alt=\"Loading\"><\/div><\/form><\/div>  <!-- .wpforms-container -->\n<\/div><\/div>\n\n\n\n<div style=\"height:72px\" aria-hidden=\"true\" class=\"wp-block-spacer\"><\/div>\n<\/div><\/div>\n<\/div><\/div>\n","protected":false},"excerpt":{"rendered":"","protected":false},"author":1,"featured_media":9274,"parent":0,"menu_order":0,"comment_status":"closed","ping_status":"closed","template":"tw-no-header-footer.php","meta":{"footnotes":""},"class_list":["post-9461","page","type-page","status-publish","has-post-thumbnail","hentry"],"yoast_head":"<!-- This site is optimized with the Yoast SEO plugin v27.3 - https:\/\/yoast.com\/product\/yoast-seo-wordpress\/ -->\n<title>Contact - Renate Frotscher<\/title>\n<meta name=\"description\" content=\"Artiste c\u00e9ramiste bas\u00e9 en France cr\u00e9ant des jouets d&#039;art fantastiques et uniques pour d\u00e9corer votre espace r\u00e9el et virtuel.\" \/>\n<meta name=\"robots\" content=\"index, follow, max-snippet:-1, max-image-preview:large, max-video-preview:-1\" \/>\n<link rel=\"canonical\" href=\"https:\/\/renatefrotscher.art\/en_gb\/contact\/\" \/>\n<meta property=\"og:locale\" content=\"en_GB\" \/>\n<meta property=\"og:type\" content=\"article\" \/>\n<meta property=\"og:title\" content=\"Contact - Renate Frotscher\" \/>\n<meta property=\"og:description\" content=\"Artiste c\u00e9ramiste bas\u00e9 en France cr\u00e9ant des jouets d&#039;art fantastiques et uniques pour d\u00e9corer votre espace r\u00e9el et virtuel.\" \/>\n<meta property=\"og:url\" content=\"https:\/\/renatefrotscher.art\/en_gb\/contact\/\" \/>\n<meta property=\"og:site_name\" content=\"Renate Frotscher\" \/>\n<meta property=\"article:publisher\" content=\"https:\/\/www.facebook.com\/studiorenate\" \/>\n<meta property=\"article:modified_time\" content=\"2026-03-31T15:56:34+00:00\" \/>\n<meta property=\"og:image\" content=\"https:\/\/renatefrotscher.art\/wp-content\/uploads\/2025\/11\/IMG_1688-1-scaled.jpeg\" \/>\n\t<meta property=\"og:image:width\" content=\"2048\" \/>\n\t<meta property=\"og:image:height\" content=\"2560\" \/>\n\t<meta property=\"og:image:type\" content=\"image\/jpeg\" \/>\n<meta name=\"twitter:label1\" content=\"Estimated reading time\" \/>\n\t<meta name=\"twitter:data1\" content=\"1 minute\" \/>\n<script type=\"application\/ld+json\" class=\"yoast-schema-graph\">{\"@context\":\"https:\\\/\\\/schema.org\",\"@graph\":[{\"@type\":\"WebPage\",\"@id\":\"https:\\\/\\\/renatefrotscher.art\\\/contact\",\"url\":\"https:\\\/\\\/renatefrotscher.art\\\/contact\",\"name\":\"Contact - Renate Frotscher\",\"isPartOf\":{\"@id\":\"https:\\\/\\\/renatefrotscher.art\\\/#website\"},\"primaryImageOfPage\":{\"@id\":\"https:\\\/\\\/renatefrotscher.art\\\/contact#primaryimage\"},\"image\":{\"@id\":\"https:\\\/\\\/renatefrotscher.art\\\/contact#primaryimage\"},\"thumbnailUrl\":\"https:\\\/\\\/renatefrotscher.art\\\/wp-content\\\/uploads\\\/2025\\\/11\\\/IMG_1688-1-scaled.jpeg\",\"datePublished\":\"2025-11-27T14:32:07+00:00\",\"dateModified\":\"2026-03-31T15:56:34+00:00\",\"description\":\"Artiste c\u00e9ramiste bas\u00e9 en France cr\u00e9ant des jouets d'art fantastiques et uniques pour d\u00e9corer votre espace r\u00e9el et virtuel.\",\"breadcrumb\":{\"@id\":\"https:\\\/\\\/renatefrotscher.art\\\/contact#breadcrumb\"},\"inLanguage\":\"en-GB\",\"potentialAction\":[{\"@type\":\"ReadAction\",\"target\":[\"https:\\\/\\\/renatefrotscher.art\\\/contact\"]}]},{\"@type\":\"ImageObject\",\"inLanguage\":\"en-GB\",\"@id\":\"https:\\\/\\\/renatefrotscher.art\\\/contact#primaryimage\",\"url\":\"https:\\\/\\\/renatefrotscher.art\\\/wp-content\\\/uploads\\\/2025\\\/11\\\/IMG_1688-1-scaled.jpeg\",\"contentUrl\":\"https:\\\/\\\/renatefrotscher.art\\\/wp-content\\\/uploads\\\/2025\\\/11\\\/IMG_1688-1-scaled.jpeg\",\"width\":2048,\"height\":2560},{\"@type\":\"BreadcrumbList\",\"@id\":\"https:\\\/\\\/renatefrotscher.art\\\/contact#breadcrumb\",\"itemListElement\":[{\"@type\":\"ListItem\",\"position\":1,\"name\":\"Home\",\"item\":\"https:\\\/\\\/renatefrotscher.art\\\/\"},{\"@type\":\"ListItem\",\"position\":2,\"name\":\"Contact\"}]},{\"@type\":\"WebSite\",\"@id\":\"https:\\\/\\\/renatefrotscher.art\\\/#website\",\"url\":\"https:\\\/\\\/renatefrotscher.art\\\/\",\"name\":\"Renate Frotscher Artiste C\u00e9ramiste\",\"description\":\"ARTIST C\u00c9RAMIST\",\"publisher\":{\"@id\":\"https:\\\/\\\/renatefrotscher.art\\\/#\\\/schema\\\/person\\\/2df712b6d2d9cd5cf6de91832d12ed2d\"},\"alternateName\":\"Studio Renate\",\"potentialAction\":[{\"@type\":\"SearchAction\",\"target\":{\"@type\":\"EntryPoint\",\"urlTemplate\":\"https:\\\/\\\/renatefrotscher.art\\\/?s={search_term_string}\"},\"query-input\":{\"@type\":\"PropertyValueSpecification\",\"valueRequired\":true,\"valueName\":\"search_term_string\"}}],\"inLanguage\":\"en-GB\"},{\"@type\":[\"Person\",\"Organization\"],\"@id\":\"https:\\\/\\\/renatefrotscher.art\\\/#\\\/schema\\\/person\\\/2df712b6d2d9cd5cf6de91832d12ed2d\",\"name\":\"Renate Frotscher\",\"image\":{\"@type\":\"ImageObject\",\"inLanguage\":\"en-GB\",\"@id\":\"https:\\\/\\\/renatefrotscher.art\\\/wp-content\\\/uploads\\\/2022\\\/10\\\/RF-logo-rond.png\",\"url\":\"https:\\\/\\\/renatefrotscher.art\\\/wp-content\\\/uploads\\\/2022\\\/10\\\/RF-logo-rond.png\",\"contentUrl\":\"https:\\\/\\\/renatefrotscher.art\\\/wp-content\\\/uploads\\\/2022\\\/10\\\/RF-logo-rond.png\",\"width\":300,\"height\":300,\"caption\":\"Renate Frotscher\"},\"logo\":{\"@id\":\"https:\\\/\\\/renatefrotscher.art\\\/wp-content\\\/uploads\\\/2022\\\/10\\\/RF-logo-rond.png\"},\"sameAs\":[\"https:\\\/\\\/www.facebook.com\\\/studiorenate\",\"https:\\\/\\\/www.instagram.com\\\/studiorenate\\\/\",\"https:\\\/\\\/www.linkedin.com\\\/in\\\/renatefrotscher\\\/\",\"https:\\\/\\\/www.pinterest.fr\\\/renatefr\\\/renate-frotscher-ceramics\\\/\",\"https:\\\/\\\/x.com\\\/https:\\\/\\\/twitter.com\\\/renatefrotscher\"]}]}<\/script>\n<!-- \/ Yoast SEO plugin. -->","yoast_head_json":{"title":"Contact - Renate Frotscher","description":"Artiste c\u00e9ramiste bas\u00e9 en France cr\u00e9ant des jouets d'art fantastiques et uniques pour d\u00e9corer votre espace r\u00e9el et virtuel.","robots":{"index":"index","follow":"follow","max-snippet":"max-snippet:-1","max-image-preview":"max-image-preview:large","max-video-preview":"max-video-preview:-1"},"canonical":"https:\/\/renatefrotscher.art\/en_gb\/contact\/","og_locale":"en_GB","og_type":"article","og_title":"Contact - Renate Frotscher","og_description":"Artiste c\u00e9ramiste bas\u00e9 en France cr\u00e9ant des jouets d'art fantastiques et uniques pour d\u00e9corer votre espace r\u00e9el et virtuel.","og_url":"https:\/\/renatefrotscher.art\/en_gb\/contact\/","og_site_name":"Renate Frotscher","article_publisher":"https:\/\/www.facebook.com\/studiorenate","article_modified_time":"2026-03-31T15:56:34+00:00","og_image":[{"width":2048,"height":2560,"url":"https:\/\/renatefrotscher.art\/wp-content\/uploads\/2025\/11\/IMG_1688-1-scaled.jpeg","type":"image\/jpeg"}],"twitter_misc":{"Estimated reading time":"1 minute"},"schema":{"@context":"https:\/\/schema.org","@graph":[{"@type":"WebPage","@id":"https:\/\/renatefrotscher.art\/contact","url":"https:\/\/renatefrotscher.art\/contact","name":"Contact - Renate Frotscher","isPartOf":{"@id":"https:\/\/renatefrotscher.art\/#website"},"primaryImageOfPage":{"@id":"https:\/\/renatefrotscher.art\/contact#primaryimage"},"image":{"@id":"https:\/\/renatefrotscher.art\/contact#primaryimage"},"thumbnailUrl":"https:\/\/renatefrotscher.art\/wp-content\/uploads\/2025\/11\/IMG_1688-1-scaled.jpeg","datePublished":"2025-11-27T14:32:07+00:00","dateModified":"2026-03-31T15:56:34+00:00","description":"Artiste c\u00e9ramiste bas\u00e9 en France cr\u00e9ant des jouets d'art fantastiques et uniques pour d\u00e9corer votre espace r\u00e9el et virtuel.","breadcrumb":{"@id":"https:\/\/renatefrotscher.art\/contact#breadcrumb"},"inLanguage":"en-GB","potentialAction":[{"@type":"ReadAction","target":["https:\/\/renatefrotscher.art\/contact"]}]},{"@type":"ImageObject","inLanguage":"en-GB","@id":"https:\/\/renatefrotscher.art\/contact#primaryimage","url":"https:\/\/renatefrotscher.art\/wp-content\/uploads\/2025\/11\/IMG_1688-1-scaled.jpeg","contentUrl":"https:\/\/renatefrotscher.art\/wp-content\/uploads\/2025\/11\/IMG_1688-1-scaled.jpeg","width":2048,"height":2560},{"@type":"BreadcrumbList","@id":"https:\/\/renatefrotscher.art\/contact#breadcrumb","itemListElement":[{"@type":"ListItem","position":1,"name":"Home","item":"https:\/\/renatefrotscher.art\/"},{"@type":"ListItem","position":2,"name":"Contact"}]},{"@type":"WebSite","@id":"https:\/\/renatefrotscher.art\/#website","url":"https:\/\/renatefrotscher.art\/","name":"Renate Frotscher Artiste C\u00e9ramiste","description":"ARTIST C\u00c9RAMIST","publisher":{"@id":"https:\/\/renatefrotscher.art\/#\/schema\/person\/2df712b6d2d9cd5cf6de91832d12ed2d"},"alternateName":"Studio Renate","potentialAction":[{"@type":"SearchAction","target":{"@type":"EntryPoint","urlTemplate":"https:\/\/renatefrotscher.art\/?s={search_term_string}"},"query-input":{"@type":"PropertyValueSpecification","valueRequired":true,"valueName":"search_term_string"}}],"inLanguage":"en-GB"},{"@type":["Person","Organization"],"@id":"https:\/\/renatefrotscher.art\/#\/schema\/person\/2df712b6d2d9cd5cf6de91832d12ed2d","name":"Renate Frotscher","image":{"@type":"ImageObject","inLanguage":"en-GB","@id":"https:\/\/renatefrotscher.art\/wp-content\/uploads\/2022\/10\/RF-logo-rond.png","url":"https:\/\/renatefrotscher.art\/wp-content\/uploads\/2022\/10\/RF-logo-rond.png","contentUrl":"https:\/\/renatefrotscher.art\/wp-content\/uploads\/2022\/10\/RF-logo-rond.png","width":300,"height":300,"caption":"Renate Frotscher"},"logo":{"@id":"https:\/\/renatefrotscher.art\/wp-content\/uploads\/2022\/10\/RF-logo-rond.png"},"sameAs":["https:\/\/www.facebook.com\/studiorenate","https:\/\/www.instagram.com\/studiorenate\/","https:\/\/www.linkedin.com\/in\/renatefrotscher\/","https:\/\/www.pinterest.fr\/renatefr\/renate-frotscher-ceramics\/","https:\/\/x.com\/https:\/\/twitter.com\/renatefrotscher"]}]}},"_links":{"self":[{"href":"https:\/\/renatefrotscher.art\/en_gb\/wp-json\/wp\/v2\/pages\/9461","targetHints":{"allow":["GET"]}}],"collection":[{"href":"https:\/\/renatefrotscher.art\/en_gb\/wp-json\/wp\/v2\/pages"}],"about":[{"href":"https:\/\/renatefrotscher.art\/en_gb\/wp-json\/wp\/v2\/types\/page"}],"author":[{"embeddable":true,"href":"https:\/\/renatefrotscher.art\/en_gb\/wp-json\/wp\/v2\/users\/1"}],"replies":[{"embeddable":true,"href":"https:\/\/renatefrotscher.art\/en_gb\/wp-json\/wp\/v2\/comments?post=9461"}],"version-history":[{"count":28,"href":"https:\/\/renatefrotscher.art\/en_gb\/wp-json\/wp\/v2\/pages\/9461\/revisions"}],"predecessor-version":[{"id":10252,"href":"https:\/\/renatefrotscher.art\/en_gb\/wp-json\/wp\/v2\/pages\/9461\/revisions\/10252"}],"wp:featuredmedia":[{"embeddable":true,"href":"https:\/\/renatefrotscher.art\/en_gb\/wp-json\/wp\/v2\/media\/9274"}],"wp:attachment":[{"href":"https:\/\/renatefrotscher.art\/en_gb\/wp-json\/wp\/v2\/media?parent=9461"}],"curies":[{"name":"wp","href":"https:\/\/api.w.org\/{rel}","templated":true}]}}