{"id":9676,"date":"2026-02-18T11:47:31","date_gmt":"2026-02-18T11:47:31","guid":{"rendered":"https:\/\/renatefrotscher.art\/?page_id=9676"},"modified":"2026-02-18T13:32:45","modified_gmt":"2026-02-18T13:32:45","slug":"events","status":"publish","type":"page","link":"https:\/\/renatefrotscher.art\/en_gb\/events","title":{"rendered":"Events"},"content":{"rendered":"<nav class=\"has-normal-font-size is-responsive  no-wrap alignwide wp-block-navigation is-nowrap is-layout-flex wp-container-core-navigation-is-layout-6c531013 wp-block-navigation-is-layout-flex tw-nav-hover-primary-color tw-nav-active-primary-color\" aria-label=\"Social Links Menu\" \n\t\t data-wp-interactive=\"core\/navigation\" data-wp-context='{\"overlayOpenedBy\":{\"click\":false,\"hover\":false,\"focus\":false},\"type\":\"overlay\",\"roleAttribute\":\"\",\"ariaLabel\":\"Menu\"}'><button aria-haspopup=\"dialog\" aria-label=\"Open menu\" class=\"wp-block-navigation__responsive-container-open\" \n\t\t\t\tdata-wp-on--click=\"actions.openMenuOnClick\"\n\t\t\t\tdata-wp-on--keydown=\"actions.handleMenuKeydown\"\n\t\t\t><svg width=\"24\" height=\"24\" xmlns=\"http:\/\/www.w3.org\/2000\/svg\" viewBox=\"0 0 24 24\" aria-hidden=\"true\" focusable=\"false\"><path d=\"M4 7.5h16v1.5H4z\"><\/path><path d=\"M4 15h16v1.5H4z\"><\/path><\/svg><\/button>\n\t\t\t\t<div class=\"wp-block-navigation__responsive-container\"  id=\"modal-2\" \n\t\t\t\tdata-wp-class--has-modal-open=\"state.isMenuOpen\"\n\t\t\t\tdata-wp-class--is-menu-open=\"state.isMenuOpen\"\n\t\t\t\tdata-wp-watch=\"callbacks.initMenu\"\n\t\t\t\tdata-wp-on--keydown=\"actions.handleMenuKeydown\"\n\t\t\t\tdata-wp-on--focusout=\"actions.handleMenuFocusout\"\n\t\t\t\ttabindex=\"-1\"\n\t\t\t>\n\t\t\t\t\t<div class=\"wp-block-navigation__responsive-close\" tabindex=\"-1\">\n\t\t\t\t\t\t<div class=\"wp-block-navigation__responsive-dialog\" \n\t\t\t\tdata-wp-bind--aria-modal=\"state.ariaModal\"\n\t\t\t\tdata-wp-bind--aria-label=\"state.ariaLabel\"\n\t\t\t\tdata-wp-bind--role=\"state.roleAttribute\"\n\t\t\t>\n\t\t\t\t\t\t\t<button aria-label=\"Close menu\" class=\"wp-block-navigation__responsive-container-close\" \n\t\t\t\tdata-wp-on--click=\"actions.closeMenuOnClick\"\n\t\t\t><svg xmlns=\"http:\/\/www.w3.org\/2000\/svg\" viewBox=\"0 0 24 24\" width=\"24\" height=\"24\" aria-hidden=\"true\" focusable=\"false\"><path d=\"m13.06 12 6.47-6.47-1.06-1.06L12 10.94 5.53 4.47 4.47 5.53 10.94 12l-6.47 6.47 1.06 1.06L12 13.06l6.47 6.47 1.06-1.06L13.06 12Z\"><\/path><\/svg><\/button>\n\t\t\t\t\t\t\t<div class=\"wp-block-navigation__responsive-container-content\" \n\t\t\t\tdata-wp-watch=\"callbacks.focusFirstElement\"\n\t\t\t id=\"modal-2-content\">\n\t\t\t\t\t\t\t\t<ul class=\"wp-block-navigation__container has-normal-font-size is-responsive  no-wrap alignwide wp-block-navigation has-normal-font-size\"><li class=\"has-normal-font-size wp-block-navigation-item wp-block-navigation-link\"><a class=\"wp-block-navigation-item__content\"  href=\"https:\/\/renatefrotscher.art\/CLSTR#archive\"><span class=\"wp-block-navigation-item__label\">The archive<\/span><span class=\"wp-block-navigation-item__description\">About the Modular Installation System<\/span><\/a><\/li><li class=\"has-normal-font-size wp-block-navigation-item wp-block-navigation-link\"><a class=\"wp-block-navigation-item__content\"  href=\"https:\/\/renatefrotscher.art\/CLSTR#about\"><span class=\"wp-block-navigation-item__label\">About<\/span><span class=\"wp-block-navigation-item__description\">How the System Works: Patch &amp; Field Installations<\/span><\/a><\/li><li class=\"has-normal-font-size wp-block-navigation-item wp-block-navigation-link\"><a class=\"wp-block-navigation-item__content\"  href=\"https:\/\/CLSTR.art\" target=\"_blank\"  ><span class=\"wp-block-navigation-item__label\">Available<\/span><span class=\"wp-block-navigation-item__description\">Where to Buy and Install Ceramic Elements<\/span><\/a><\/li><li class=\"has-normal-font-size wp-block-navigation-item wp-block-navigation-link\"><a class=\"wp-block-navigation-item__content\"  href=\"http:\/\/renatefrotscher.art\/events\" target=\"_blank\"  ><span class=\"wp-block-navigation-item__label\">Events<\/span><\/a><\/li><li class=\"has-normal-font-size wp-block-navigation-item wp-block-navigation-link\"><a class=\"wp-block-navigation-item__content\"  href=\"https:\/\/renatefrotscher.art\/community\" target=\"_blank\"  ><span class=\"wp-block-navigation-item__label\">Community<\/span><span class=\"wp-block-navigation-item__description\">Living Gallery of Ceramic Wall Configurations<\/span><\/a><\/li><\/ul><form role=\"search\" method=\"get\" action=\"https:\/\/renatefrotscher.art\/en_gb\/\" class=\"wp-block-search__no-button alignleft wp-block-search\"    ><label class=\"wp-block-search__label screen-reader-text\" for=\"wp-block-search__input-1\" >Find your GSTR<\/label><div class=\"wp-block-search__inside-wrapper\" ><input class=\"wp-block-search__input has-small-font-size\" id=\"wp-block-search__input-1\" placeholder=\"Find your GSTR\" value=\"\" type=\"search\" name=\"s\" required  style=\"border-top-left-radius: 5px;border-top-right-radius: 5px;border-bottom-left-radius: 5px;border-bottom-right-radius: 5px\"\/><input type=\"hidden\" name=\"post_type\" value=\"portfolio\" \/><\/div><\/form>\n\t\t\t\t\t\t\t<\/div>\n\t\t\t\t\t\t<\/div>\n\t\t\t\t\t<\/div>\n\t\t\t\t<\/div><\/nav>\n\n\n<h3 class=\"wp-block-heading\"><strong>Upcoming<\/strong><\/h3>\n\n\n<ul class=\"wp-block-latest-posts__list wp-block-latest-posts\"><li><div class=\"wp-block-latest-posts__featured-image alignright\"><a href=\"https:\/\/renatefrotscher.art\/en_gb\/4eme-salon-talents-femmes-aurillac-5-7-decembre\" aria-label=\"5\u00e8me salon Talents Femmes &#8211; Aurillac &#8211; 5-7 decembre 2025\"><img loading=\"lazy\" decoding=\"async\" width=\"150\" height=\"150\" src=\"https:\/\/renatefrotscher.art\/wp-content\/uploads\/2025\/10\/Story-150x150.png\" class=\"attachment-thumbnail size-thumbnail wp-post-image\" alt=\"\" style=\"\" \/><\/a><\/div><a class=\"wp-block-latest-posts__post-title\" href=\"https:\/\/renatefrotscher.art\/en_gb\/4eme-salon-talents-femmes-aurillac-5-7-decembre\">5\u00e8me salon Talents Femmes &#8211; Aurillac &#8211; 5-7 decembre 2025<\/a><div class=\"wp-block-latest-posts__post-excerpt\">La cinqiemme \u00e9dition du salon Talents de femmes se d\u00e9roulera le 5 a 7 d\u00e9cembre, dans les salles d\u2019exposition des \u00c9curie, \u00e0 Aurillac.<\/div><\/li>\n<li><div class=\"wp-block-latest-posts__featured-image alignright\"><a href=\"https:\/\/renatefrotscher.art\/en_gb\/biaf-antwerpen-11-and-12-october-2025\" aria-label=\"BIAF Antwerpen 11 and 12 october 2025\"><img loading=\"lazy\" decoding=\"async\" width=\"150\" height=\"150\" src=\"https:\/\/renatefrotscher.art\/wp-content\/uploads\/2025\/07\/IMG_1551-150x150.jpeg\" class=\"attachment-thumbnail size-thumbnail wp-post-image\" alt=\"\" style=\"\" \/><\/a><\/div><a class=\"wp-block-latest-posts__post-title\" href=\"https:\/\/renatefrotscher.art\/en_gb\/biaf-antwerpen-11-and-12-october-2025\">BIAF Antwerpen 11 and 12 october 2025<\/a><div class=\"wp-block-latest-posts__post-excerpt\">13 &#8211; 14 SEPTEMBER 2025 \ud83c\uddeb\ud83c\uddf7 Fran\u00e7ais Renate Frotscher expose \u00e0 la Biaf Anvers les 11 et 12 octobre 2025. Cette foire s\u00e9lective r\u00e9unit plus&hellip;<\/div><\/li>\n<li><div class=\"wp-block-latest-posts__featured-image alignright\"><a href=\"https:\/\/renatefrotscher.art\/en_gb\/europe-art-fair-maastricht\" aria-label=\"EUROPE ART FAIR &#8211; Maastricht &#8211; 13-14 september 2025\"><img loading=\"lazy\" decoding=\"async\" width=\"150\" height=\"150\" src=\"https:\/\/renatefrotscher.art\/wp-content\/uploads\/2025\/07\/IMG_1374-150x150.jpeg\" class=\"attachment-thumbnail size-thumbnail wp-post-image\" alt=\"\" style=\"\" \/><\/a><\/div><a class=\"wp-block-latest-posts__post-title\" href=\"https:\/\/renatefrotscher.art\/en_gb\/europe-art-fair-maastricht\">EUROPE ART FAIR &#8211; Maastricht &#8211; 13-14 september 2025<\/a><div class=\"wp-block-latest-posts__post-excerpt\">13 &#8211; 14 SEPTEMBER 2025 \ud83c\uddeb\ud83c\uddf7 Fran\u00e7ais Renate Frotscher expose \u00e0 la Europe Art Fair Maastricht les 13 et 14 septembre 2025. Cette foire s\u00e9lective&hellip;<\/div><\/li>\n<li><div class=\"wp-block-latest-posts__featured-image alignright\"><a href=\"https:\/\/renatefrotscher.art\/en_gb\/siac-avignon-4-6-octobre\" aria-label=\"SIAC Avignon 4-6 octobre\"><img loading=\"lazy\" decoding=\"async\" width=\"150\" height=\"150\" src=\"https:\/\/renatefrotscher.art\/wp-content\/uploads\/2025\/08\/E2DCDB64-EDDE-4297-B6D0-ADEE22E9F6E6_1_105_c-150x150.jpeg\" class=\"attachment-thumbnail size-thumbnail wp-post-image\" alt=\"\" style=\"\" \/><\/a><\/div><a class=\"wp-block-latest-posts__post-title\" href=\"https:\/\/renatefrotscher.art\/en_gb\/siac-avignon-4-6-octobre\">SIAC Avignon 4-6 octobre<\/a><div class=\"wp-block-latest-posts__post-excerpt\">Venez d\u00e9couvrir Retrouvez nous lors de notre prochain \u00e9v\u00e9nement SIAC AVIGNON 2024 du 04 au 06 octobre 2024 Stand no 9 Ce week-end a \u00e9t\u00e9&hellip;<\/div><\/li>\n<li><div class=\"wp-block-latest-posts__featured-image alignright\"><a href=\"https:\/\/renatefrotscher.art\/en_gb\/art-3f-toulouse-13-mars-2024\" aria-label=\"Art 3F Toulouse 1&gt;3 Mars 2024\"><img loading=\"lazy\" decoding=\"async\" width=\"150\" height=\"150\" src=\"https:\/\/renatefrotscher.art\/wp-content\/uploads\/2023\/08\/ED4EE9F5-1E27-4714-9821-808D293324CC-150x150.webp\" class=\"attachment-thumbnail size-thumbnail wp-post-image\" alt=\"Salon art 3F toulouse\" style=\"\" \/><\/a><\/div><a class=\"wp-block-latest-posts__post-title\" href=\"https:\/\/renatefrotscher.art\/en_gb\/art-3f-toulouse-13-mars-2024\">Art 3F Toulouse 1>3 Mars 2024<\/a><div class=\"wp-block-latest-posts__post-excerpt\">1 &gt;3 Mars | Parc des Expositions MEETT : ART 3F Salon international d&#8217;art contemporain<\/div><\/li>\n<\/ul>\n\n\n<h3 class=\"wp-block-heading\"><strong>Past<\/strong><\/h3>\n\n\n<div class=\"wp-block-archives-dropdown wp-block-archives\"><label for=\"wp-block-archives-3\" class=\"wp-block-archives__label\">Archives<\/label>\n\t\t<select id=\"wp-block-archives-3\" name=\"archive-dropdown\">\n\t\t<option value=\"\">Select Year<\/option>\t<option value='https:\/\/renatefrotscher.art\/en_gb\/2025'> 2025 &nbsp;(4)<\/option>\n\t<option value='https:\/\/renatefrotscher.art\/en_gb\/2024'> 2024 &nbsp;(1)<\/option>\n\t<option value='https:\/\/renatefrotscher.art\/en_gb\/2023'> 2023 &nbsp;(8)<\/option>\n\t<option value='https:\/\/renatefrotscher.art\/en_gb\/2022'> 2022 &nbsp;(44)<\/option>\n\t<option value='https:\/\/renatefrotscher.art\/en_gb\/2021'> 2021 &nbsp;(10)<\/option>\n<\/select><script>\n( ( [ dropdownId, homeUrl ] ) => {\n\t\tconst dropdown = document.getElementById( dropdownId );\n\t\tfunction onSelectChange() {\n\t\t\tsetTimeout( () => {\n\t\t\t\tif ( 'escape' === dropdown.dataset.lastkey ) {\n\t\t\t\t\treturn;\n\t\t\t\t}\n\t\t\t\tif ( dropdown.value ) {\n\t\t\t\t\tlocation.href = dropdown.value;\n\t\t\t\t}\n\t\t\t}, 250 );\n\t\t}\n\t\tfunction onKeyUp( event ) {\n\t\t\tif ( 'Escape' === event.key ) {\n\t\t\t\tdropdown.dataset.lastkey = 'escape';\n\t\t\t} else {\n\t\t\t\tdelete dropdown.dataset.lastkey;\n\t\t\t}\n\t\t}\n\t\tfunction onClick() {\n\t\t\tdelete dropdown.dataset.lastkey;\n\t\t}\n\t\tdropdown.addEventListener( 'keyup', onKeyUp );\n\t\tdropdown.addEventListener( 'click', onClick );\n\t\tdropdown.addEventListener( 'change', onSelectChange );\n\t} )( [\"wp-block-archives-3\",\"https:\/\/renatefrotscher.art\/en_gb\"] );\n\/\/# sourceURL=block_core_archives_build_dropdown_script\n<\/script>\n<\/div>\n\n\n<p><\/p>\n","protected":false},"excerpt":{"rendered":"<p>Upcoming Past<\/p>\n","protected":false},"author":1,"featured_media":0,"parent":0,"menu_order":0,"comment_status":"closed","ping_status":"closed","template":"","meta":{"footnotes":""},"class_list":["post-9676","page","type-page","status-publish","hentry"],"yoast_head":"<!-- This site is optimized with the Yoast SEO plugin v27.3 - https:\/\/yoast.com\/product\/yoast-seo-wordpress\/ -->\n<title>Events - Renate Frotscher<\/title>\n<meta name=\"description\" content=\"Artiste c\u00e9ramiste bas\u00e9 en France cr\u00e9ant des jouets d&#039;art fantastiques et uniques pour d\u00e9corer votre espace r\u00e9el et virtuel.\" \/>\n<meta name=\"robots\" content=\"index, follow, max-snippet:-1, max-image-preview:large, max-video-preview:-1\" \/>\n<link rel=\"canonical\" href=\"https:\/\/renatefrotscher.art\/en_gb\/events\/\" \/>\n<meta property=\"og:locale\" content=\"en_GB\" \/>\n<meta property=\"og:type\" content=\"article\" \/>\n<meta property=\"og:title\" content=\"Events - Renate Frotscher\" \/>\n<meta property=\"og:description\" content=\"Artiste c\u00e9ramiste bas\u00e9 en France cr\u00e9ant des jouets d&#039;art fantastiques et uniques pour d\u00e9corer votre espace r\u00e9el et virtuel.\" \/>\n<meta property=\"og:url\" content=\"https:\/\/renatefrotscher.art\/en_gb\/events\/\" \/>\n<meta property=\"og:site_name\" content=\"Renate Frotscher\" \/>\n<meta property=\"article:publisher\" content=\"https:\/\/www.facebook.com\/studiorenate\" \/>\n<meta property=\"article:modified_time\" content=\"2026-02-18T13:32:45+00:00\" \/>\n<meta property=\"og:image\" content=\"https:\/\/renatefrotscher.art\/wp-content\/uploads\/2023\/12\/Teddie_14_03-scaled.webp\" \/>\n\t<meta property=\"og:image:width\" content=\"2560\" \/>\n\t<meta property=\"og:image:height\" content=\"2560\" \/>\n\t<meta property=\"og:image:type\" content=\"image\/jpeg\" \/>\n<meta name=\"twitter:label1\" content=\"Estimated reading time\" \/>\n\t<meta name=\"twitter:data1\" content=\"1 minute\" \/>\n<script type=\"application\/ld+json\" class=\"yoast-schema-graph\">{\"@context\":\"https:\\\/\\\/schema.org\",\"@graph\":[{\"@type\":\"WebPage\",\"@id\":\"https:\\\/\\\/renatefrotscher.art\\\/events\",\"url\":\"https:\\\/\\\/renatefrotscher.art\\\/events\",\"name\":\"Events - Renate Frotscher\",\"isPartOf\":{\"@id\":\"https:\\\/\\\/renatefrotscher.art\\\/#website\"},\"datePublished\":\"2026-02-18T11:47:31+00:00\",\"dateModified\":\"2026-02-18T13:32:45+00:00\",\"description\":\"Artiste c\u00e9ramiste bas\u00e9 en France cr\u00e9ant des jouets d'art fantastiques et uniques pour d\u00e9corer votre espace r\u00e9el et virtuel.\",\"breadcrumb\":{\"@id\":\"https:\\\/\\\/renatefrotscher.art\\\/events#breadcrumb\"},\"inLanguage\":\"en-GB\",\"potentialAction\":[{\"@type\":\"ReadAction\",\"target\":[\"https:\\\/\\\/renatefrotscher.art\\\/events\"]}]},{\"@type\":\"BreadcrumbList\",\"@id\":\"https:\\\/\\\/renatefrotscher.art\\\/events#breadcrumb\",\"itemListElement\":[{\"@type\":\"ListItem\",\"position\":1,\"name\":\"Home\",\"item\":\"https:\\\/\\\/renatefrotscher.art\\\/\"},{\"@type\":\"ListItem\",\"position\":2,\"name\":\"Events\"}]},{\"@type\":\"WebSite\",\"@id\":\"https:\\\/\\\/renatefrotscher.art\\\/#website\",\"url\":\"https:\\\/\\\/renatefrotscher.art\\\/\",\"name\":\"Renate Frotscher Artiste C\u00e9ramiste\",\"description\":\"ARTIST C\u00c9RAMIST\",\"publisher\":{\"@id\":\"https:\\\/\\\/renatefrotscher.art\\\/#\\\/schema\\\/person\\\/2df712b6d2d9cd5cf6de91832d12ed2d\"},\"alternateName\":\"Studio Renate\",\"potentialAction\":[{\"@type\":\"SearchAction\",\"target\":{\"@type\":\"EntryPoint\",\"urlTemplate\":\"https:\\\/\\\/renatefrotscher.art\\\/?s={search_term_string}\"},\"query-input\":{\"@type\":\"PropertyValueSpecification\",\"valueRequired\":true,\"valueName\":\"search_term_string\"}}],\"inLanguage\":\"en-GB\"},{\"@type\":[\"Person\",\"Organization\"],\"@id\":\"https:\\\/\\\/renatefrotscher.art\\\/#\\\/schema\\\/person\\\/2df712b6d2d9cd5cf6de91832d12ed2d\",\"name\":\"Renate Frotscher\",\"image\":{\"@type\":\"ImageObject\",\"inLanguage\":\"en-GB\",\"@id\":\"https:\\\/\\\/renatefrotscher.art\\\/wp-content\\\/uploads\\\/2022\\\/10\\\/RF-logo-rond.png\",\"url\":\"https:\\\/\\\/renatefrotscher.art\\\/wp-content\\\/uploads\\\/2022\\\/10\\\/RF-logo-rond.png\",\"contentUrl\":\"https:\\\/\\\/renatefrotscher.art\\\/wp-content\\\/uploads\\\/2022\\\/10\\\/RF-logo-rond.png\",\"width\":300,\"height\":300,\"caption\":\"Renate Frotscher\"},\"logo\":{\"@id\":\"https:\\\/\\\/renatefrotscher.art\\\/wp-content\\\/uploads\\\/2022\\\/10\\\/RF-logo-rond.png\"},\"sameAs\":[\"https:\\\/\\\/www.facebook.com\\\/studiorenate\",\"https:\\\/\\\/www.instagram.com\\\/studiorenate\\\/\",\"https:\\\/\\\/www.linkedin.com\\\/in\\\/renatefrotscher\\\/\",\"https:\\\/\\\/www.pinterest.fr\\\/renatefr\\\/renate-frotscher-ceramics\\\/\",\"https:\\\/\\\/x.com\\\/https:\\\/\\\/twitter.com\\\/renatefrotscher\"]}]}<\/script>\n<!-- \/ Yoast SEO plugin. -->","yoast_head_json":{"title":"Events - Renate Frotscher","description":"Artiste c\u00e9ramiste bas\u00e9 en France cr\u00e9ant des jouets d'art fantastiques et uniques pour d\u00e9corer votre espace r\u00e9el et virtuel.","robots":{"index":"index","follow":"follow","max-snippet":"max-snippet:-1","max-image-preview":"max-image-preview:large","max-video-preview":"max-video-preview:-1"},"canonical":"https:\/\/renatefrotscher.art\/en_gb\/events\/","og_locale":"en_GB","og_type":"article","og_title":"Events - Renate Frotscher","og_description":"Artiste c\u00e9ramiste bas\u00e9 en France cr\u00e9ant des jouets d'art fantastiques et uniques pour d\u00e9corer votre espace r\u00e9el et virtuel.","og_url":"https:\/\/renatefrotscher.art\/en_gb\/events\/","og_site_name":"Renate Frotscher","article_publisher":"https:\/\/www.facebook.com\/studiorenate","article_modified_time":"2026-02-18T13:32:45+00:00","og_image":[{"width":2560,"height":2560,"url":"https:\/\/renatefrotscher.art\/wp-content\/uploads\/2023\/12\/Teddie_14_03-scaled.webp","type":"image\/jpeg"}],"twitter_misc":{"Estimated reading time":"1 minute"},"schema":{"@context":"https:\/\/schema.org","@graph":[{"@type":"WebPage","@id":"https:\/\/renatefrotscher.art\/events","url":"https:\/\/renatefrotscher.art\/events","name":"Events - Renate Frotscher","isPartOf":{"@id":"https:\/\/renatefrotscher.art\/#website"},"datePublished":"2026-02-18T11:47:31+00:00","dateModified":"2026-02-18T13:32:45+00:00","description":"Artiste c\u00e9ramiste bas\u00e9 en France cr\u00e9ant des jouets d'art fantastiques et uniques pour d\u00e9corer votre espace r\u00e9el et virtuel.","breadcrumb":{"@id":"https:\/\/renatefrotscher.art\/events#breadcrumb"},"inLanguage":"en-GB","potentialAction":[{"@type":"ReadAction","target":["https:\/\/renatefrotscher.art\/events"]}]},{"@type":"BreadcrumbList","@id":"https:\/\/renatefrotscher.art\/events#breadcrumb","itemListElement":[{"@type":"ListItem","position":1,"name":"Home","item":"https:\/\/renatefrotscher.art\/"},{"@type":"ListItem","position":2,"name":"Events"}]},{"@type":"WebSite","@id":"https:\/\/renatefrotscher.art\/#website","url":"https:\/\/renatefrotscher.art\/","name":"Renate Frotscher Artiste C\u00e9ramiste","description":"ARTIST C\u00c9RAMIST","publisher":{"@id":"https:\/\/renatefrotscher.art\/#\/schema\/person\/2df712b6d2d9cd5cf6de91832d12ed2d"},"alternateName":"Studio Renate","potentialAction":[{"@type":"SearchAction","target":{"@type":"EntryPoint","urlTemplate":"https:\/\/renatefrotscher.art\/?s={search_term_string}"},"query-input":{"@type":"PropertyValueSpecification","valueRequired":true,"valueName":"search_term_string"}}],"inLanguage":"en-GB"},{"@type":["Person","Organization"],"@id":"https:\/\/renatefrotscher.art\/#\/schema\/person\/2df712b6d2d9cd5cf6de91832d12ed2d","name":"Renate Frotscher","image":{"@type":"ImageObject","inLanguage":"en-GB","@id":"https:\/\/renatefrotscher.art\/wp-content\/uploads\/2022\/10\/RF-logo-rond.png","url":"https:\/\/renatefrotscher.art\/wp-content\/uploads\/2022\/10\/RF-logo-rond.png","contentUrl":"https:\/\/renatefrotscher.art\/wp-content\/uploads\/2022\/10\/RF-logo-rond.png","width":300,"height":300,"caption":"Renate Frotscher"},"logo":{"@id":"https:\/\/renatefrotscher.art\/wp-content\/uploads\/2022\/10\/RF-logo-rond.png"},"sameAs":["https:\/\/www.facebook.com\/studiorenate","https:\/\/www.instagram.com\/studiorenate\/","https:\/\/www.linkedin.com\/in\/renatefrotscher\/","https:\/\/www.pinterest.fr\/renatefr\/renate-frotscher-ceramics\/","https:\/\/x.com\/https:\/\/twitter.com\/renatefrotscher"]}]}},"_links":{"self":[{"href":"https:\/\/renatefrotscher.art\/en_gb\/wp-json\/wp\/v2\/pages\/9676","targetHints":{"allow":["GET"]}}],"collection":[{"href":"https:\/\/renatefrotscher.art\/en_gb\/wp-json\/wp\/v2\/pages"}],"about":[{"href":"https:\/\/renatefrotscher.art\/en_gb\/wp-json\/wp\/v2\/types\/page"}],"author":[{"embeddable":true,"href":"https:\/\/renatefrotscher.art\/en_gb\/wp-json\/wp\/v2\/users\/1"}],"replies":[{"embeddable":true,"href":"https:\/\/renatefrotscher.art\/en_gb\/wp-json\/wp\/v2\/comments?post=9676"}],"version-history":[{"count":11,"href":"https:\/\/renatefrotscher.art\/en_gb\/wp-json\/wp\/v2\/pages\/9676\/revisions"}],"predecessor-version":[{"id":9803,"href":"https:\/\/renatefrotscher.art\/en_gb\/wp-json\/wp\/v2\/pages\/9676\/revisions\/9803"}],"wp:attachment":[{"href":"https:\/\/renatefrotscher.art\/en_gb\/wp-json\/wp\/v2\/media?parent=9676"}],"curies":[{"name":"wp","href":"https:\/\/api.w.org\/{rel}","templated":true}]}}