{"id":9684,"date":"2026-02-18T11:56:42","date_gmt":"2026-02-18T11:56:42","guid":{"rendered":"https:\/\/renatefrotscher.art\/?page_id=9684"},"modified":"2026-02-18T13:26:22","modified_gmt":"2026-02-18T13:26:22","slug":"community","status":"publish","type":"page","link":"https:\/\/renatefrotscher.art\/en_gb\/community","title":{"rendered":"Community"},"content":{"rendered":"\n<div class=\"wp-block-group alignfull tw-mb-0 tw-mt-0 has-background-color has-text-color has-link-color wp-elements-6284785812b980f013b4d50f211924ac\" style=\"padding-top:20px;padding-right:0px;padding-bottom:20px;padding-left:0px\"><div class=\"wp-block-group__inner-container is-layout-flow wp-block-group-is-layout-flow\">\n<h1 data-wp-context---core-fit-text=\"core\/fit-text::{&quot;fontSize&quot;:&quot;&quot;}\" data-wp-init---core-fit-text=\"core\/fit-text::callbacks.init\" data-wp-interactive data-wp-style--font-size=\"core\/fit-text::context.fontSize\" class=\"wp-block-heading has-text-align-center tw-mt-7 has-fit-text has-secondary-color has-text-color has-link-color wp-elements-98dfa22ab2fc46440a1d8dd73465aaa3\">CLSTR lives in many spaces.<\/h1>\n\n\n\n<div class=\"wp-block-cover alignfull is-light tw-mb-0 tw-mt-0\"><span aria-hidden=\"true\" class=\"wp-block-cover__background has-background-dim-0 has-background-dim\"><\/span><div class=\"wp-block-cover__inner-container is-layout-flow wp-block-cover-is-layout-flow\">\n<p class=\"has-text-align-center has-secondary-color has-text-color has-link-color wp-elements-99e544639ef29c619e4fb4914a8f4b25\">This page shows how individual GSTRs grow into Patches and Fields across different walls and environments.<\/p>\n\n\n\n<!-- Elfsight Instagram Feed | #CLSTR -->\n<script src=\"https:\/\/elfsightcdn.com\/platform.js\" async><\/script>\n<div class=\"elfsight-app-14b0b393-b4de-45f1-9665-4ee5affb8980\" data-elfsight-app-lazy><\/div>\n\n\n\n<p class=\"has-text-align-center has-secondary-color has-text-color has-link-color wp-elements-df1384f5d6e8bcdd039db245c3918795\">Share yours using <strong>#CLSTR<\/strong>.<\/p>\n<\/div><\/div>\n<\/div><\/div>\n\n\n<nav class=\"has-normal-font-size is-responsive  no-wrap alignwide wp-block-navigation is-nowrap is-layout-flex wp-container-core-navigation-is-layout-6c531013 wp-block-navigation-is-layout-flex tw-nav-hover-primary-color tw-nav-active-primary-color tw-gap-small\" aria-label=\"Social Links Menu\" \n\t\t data-wp-interactive=\"core\/navigation\" data-wp-context='{\"overlayOpenedBy\":{\"click\":false,\"hover\":false,\"focus\":false},\"type\":\"overlay\",\"roleAttribute\":\"\",\"ariaLabel\":\"Menu\"}'><button aria-haspopup=\"dialog\" aria-label=\"Open menu\" class=\"wp-block-navigation__responsive-container-open\" \n\t\t\t\tdata-wp-on--click=\"actions.openMenuOnClick\"\n\t\t\t\tdata-wp-on--keydown=\"actions.handleMenuKeydown\"\n\t\t\t><svg width=\"24\" height=\"24\" xmlns=\"http:\/\/www.w3.org\/2000\/svg\" viewBox=\"0 0 24 24\" aria-hidden=\"true\" focusable=\"false\"><path d=\"M4 7.5h16v1.5H4z\"><\/path><path d=\"M4 15h16v1.5H4z\"><\/path><\/svg><\/button>\n\t\t\t\t<div class=\"wp-block-navigation__responsive-container\"  id=\"modal-2\" \n\t\t\t\tdata-wp-class--has-modal-open=\"state.isMenuOpen\"\n\t\t\t\tdata-wp-class--is-menu-open=\"state.isMenuOpen\"\n\t\t\t\tdata-wp-watch=\"callbacks.initMenu\"\n\t\t\t\tdata-wp-on--keydown=\"actions.handleMenuKeydown\"\n\t\t\t\tdata-wp-on--focusout=\"actions.handleMenuFocusout\"\n\t\t\t\ttabindex=\"-1\"\n\t\t\t>\n\t\t\t\t\t<div class=\"wp-block-navigation__responsive-close\" tabindex=\"-1\">\n\t\t\t\t\t\t<div class=\"wp-block-navigation__responsive-dialog\" \n\t\t\t\tdata-wp-bind--aria-modal=\"state.ariaModal\"\n\t\t\t\tdata-wp-bind--aria-label=\"state.ariaLabel\"\n\t\t\t\tdata-wp-bind--role=\"state.roleAttribute\"\n\t\t\t>\n\t\t\t\t\t\t\t<button aria-label=\"Close menu\" class=\"wp-block-navigation__responsive-container-close\" \n\t\t\t\tdata-wp-on--click=\"actions.closeMenuOnClick\"\n\t\t\t><svg xmlns=\"http:\/\/www.w3.org\/2000\/svg\" viewBox=\"0 0 24 24\" width=\"24\" height=\"24\" aria-hidden=\"true\" focusable=\"false\"><path d=\"m13.06 12 6.47-6.47-1.06-1.06L12 10.94 5.53 4.47 4.47 5.53 10.94 12l-6.47 6.47 1.06 1.06L12 13.06l6.47 6.47 1.06-1.06L13.06 12Z\"><\/path><\/svg><\/button>\n\t\t\t\t\t\t\t<div class=\"wp-block-navigation__responsive-container-content\" \n\t\t\t\tdata-wp-watch=\"callbacks.focusFirstElement\"\n\t\t\t id=\"modal-2-content\">\n\t\t\t\t\t\t\t\t<ul class=\"wp-block-navigation__container has-normal-font-size is-responsive  no-wrap alignwide wp-block-navigation has-normal-font-size\"><li class=\"has-normal-font-size wp-block-navigation-item wp-block-navigation-link\"><a class=\"wp-block-navigation-item__content\"  href=\"https:\/\/renatefrotscher.art\/CLSTR#archive\"><span class=\"wp-block-navigation-item__label\">The archive<\/span><span class=\"wp-block-navigation-item__description\">About the Modular Installation System<\/span><\/a><\/li><li class=\"has-normal-font-size wp-block-navigation-item wp-block-navigation-link\"><a class=\"wp-block-navigation-item__content\"  href=\"https:\/\/renatefrotscher.art\/CLSTR#about\"><span class=\"wp-block-navigation-item__label\">About<\/span><span class=\"wp-block-navigation-item__description\">How the System Works: Patch &amp; Field Installations<\/span><\/a><\/li><li class=\"has-normal-font-size wp-block-navigation-item wp-block-navigation-link\"><a class=\"wp-block-navigation-item__content\"  href=\"https:\/\/CLSTR.art\" target=\"_blank\"  ><span class=\"wp-block-navigation-item__label\">Available<\/span><span class=\"wp-block-navigation-item__description\">Where to Buy and Install Ceramic Elements<\/span><\/a><\/li><li class=\"has-normal-font-size wp-block-navigation-item wp-block-navigation-link\"><a class=\"wp-block-navigation-item__content\"  href=\"http:\/\/renatefrotscher.art\/events\" target=\"_blank\"  ><span class=\"wp-block-navigation-item__label\">Events<\/span><\/a><\/li><li class=\"has-normal-font-size wp-block-navigation-item wp-block-navigation-link\"><a class=\"wp-block-navigation-item__content\"  href=\"https:\/\/renatefrotscher.art\/community\" target=\"_blank\"  ><span class=\"wp-block-navigation-item__label\">Community<\/span><span class=\"wp-block-navigation-item__description\">Living Gallery of Ceramic Wall Configurations<\/span><\/a><\/li><\/ul><form role=\"search\" method=\"get\" action=\"https:\/\/renatefrotscher.art\/en_gb\/\" class=\"wp-block-search__no-button alignleft wp-block-search\"    ><label class=\"wp-block-search__label screen-reader-text\" for=\"wp-block-search__input-1\" >Find your GSTR<\/label><div class=\"wp-block-search__inside-wrapper\" ><input class=\"wp-block-search__input has-small-font-size\" id=\"wp-block-search__input-1\" placeholder=\"Find your GSTR\" value=\"\" type=\"search\" name=\"s\" required  style=\"border-top-left-radius: 5px;border-top-right-radius: 5px;border-bottom-left-radius: 5px;border-bottom-right-radius: 5px\"\/><input type=\"hidden\" name=\"post_type\" value=\"portfolio\" \/><\/div><\/form>\n\t\t\t\t\t\t\t<\/div>\n\t\t\t\t\t\t<\/div>\n\t\t\t\t\t<\/div>\n\t\t\t\t<\/div><\/nav>\n\n\n<div class=\"wp-block-group alignfull tw-mb-10\"><div class=\"wp-block-group__inner-container is-layout-constrained wp-block-group-is-layout-constrained\">\n<p><\/p>\n<\/div><\/div>\n","protected":false},"excerpt":{"rendered":"<p>This page shows how individual GSTRs grow into Patches and Fields across different walls and environments.<\/p>\n<p>Every shared configuration reveals a new rhythm, density, and context.<\/p>\n","protected":false},"author":1,"featured_media":0,"parent":0,"menu_order":0,"comment_status":"closed","ping_status":"closed","template":"tw-no-header-footer.php","meta":{"footnotes":""},"class_list":["post-9684","page","type-page","status-publish","hentry"],"yoast_head":"<!-- This site is optimized with the Yoast SEO plugin v27.3 - https:\/\/yoast.com\/product\/yoast-seo-wordpress\/ -->\n<title>Community - Renate Frotscher<\/title>\n<meta name=\"description\" content=\"Artiste c\u00e9ramiste bas\u00e9 en France cr\u00e9ant des jouets d&#039;art fantastiques et uniques pour d\u00e9corer votre espace r\u00e9el et virtuel.\" \/>\n<meta name=\"robots\" content=\"index, follow, max-snippet:-1, max-image-preview:large, max-video-preview:-1\" \/>\n<link rel=\"canonical\" href=\"https:\/\/renatefrotscher.art\/en_gb\/community\/\" \/>\n<meta property=\"og:locale\" content=\"en_GB\" \/>\n<meta property=\"og:type\" content=\"article\" \/>\n<meta property=\"og:title\" content=\"Community - Renate Frotscher\" \/>\n<meta property=\"og:description\" content=\"Artiste c\u00e9ramiste bas\u00e9 en France cr\u00e9ant des jouets d&#039;art fantastiques et uniques pour d\u00e9corer votre espace r\u00e9el et virtuel.\" \/>\n<meta property=\"og:url\" content=\"https:\/\/renatefrotscher.art\/en_gb\/community\/\" \/>\n<meta property=\"og:site_name\" content=\"Renate Frotscher\" \/>\n<meta property=\"article:publisher\" content=\"https:\/\/www.facebook.com\/studiorenate\" \/>\n<meta property=\"article:modified_time\" content=\"2026-02-18T13:26:22+00:00\" \/>\n<meta property=\"og:image\" content=\"https:\/\/renatefrotscher.art\/wp-content\/uploads\/2023\/12\/Teddie_14_03-scaled.webp\" \/>\n\t<meta property=\"og:image:width\" content=\"2560\" \/>\n\t<meta property=\"og:image:height\" content=\"2560\" \/>\n\t<meta property=\"og:image:type\" content=\"image\/jpeg\" \/>\n<meta name=\"twitter:label1\" content=\"Estimated reading time\" \/>\n\t<meta name=\"twitter:data1\" content=\"1 minute\" \/>\n<script type=\"application\/ld+json\" class=\"yoast-schema-graph\">{\"@context\":\"https:\\\/\\\/schema.org\",\"@graph\":[{\"@type\":\"WebPage\",\"@id\":\"https:\\\/\\\/renatefrotscher.art\\\/community\",\"url\":\"https:\\\/\\\/renatefrotscher.art\\\/community\",\"name\":\"Community - Renate Frotscher\",\"isPartOf\":{\"@id\":\"https:\\\/\\\/renatefrotscher.art\\\/#website\"},\"datePublished\":\"2026-02-18T11:56:42+00:00\",\"dateModified\":\"2026-02-18T13:26:22+00:00\",\"description\":\"Artiste c\u00e9ramiste bas\u00e9 en France cr\u00e9ant des jouets d'art fantastiques et uniques pour d\u00e9corer votre espace r\u00e9el et virtuel.\",\"breadcrumb\":{\"@id\":\"https:\\\/\\\/renatefrotscher.art\\\/community#breadcrumb\"},\"inLanguage\":\"en-GB\",\"potentialAction\":[{\"@type\":\"ReadAction\",\"target\":[\"https:\\\/\\\/renatefrotscher.art\\\/community\"]}]},{\"@type\":\"BreadcrumbList\",\"@id\":\"https:\\\/\\\/renatefrotscher.art\\\/community#breadcrumb\",\"itemListElement\":[{\"@type\":\"ListItem\",\"position\":1,\"name\":\"Home\",\"item\":\"https:\\\/\\\/renatefrotscher.art\\\/\"},{\"@type\":\"ListItem\",\"position\":2,\"name\":\"Community\"}]},{\"@type\":\"WebSite\",\"@id\":\"https:\\\/\\\/renatefrotscher.art\\\/#website\",\"url\":\"https:\\\/\\\/renatefrotscher.art\\\/\",\"name\":\"Renate Frotscher Artiste C\u00e9ramiste\",\"description\":\"ARTIST C\u00c9RAMIST\",\"publisher\":{\"@id\":\"https:\\\/\\\/renatefrotscher.art\\\/#\\\/schema\\\/person\\\/2df712b6d2d9cd5cf6de91832d12ed2d\"},\"alternateName\":\"Studio Renate\",\"potentialAction\":[{\"@type\":\"SearchAction\",\"target\":{\"@type\":\"EntryPoint\",\"urlTemplate\":\"https:\\\/\\\/renatefrotscher.art\\\/?s={search_term_string}\"},\"query-input\":{\"@type\":\"PropertyValueSpecification\",\"valueRequired\":true,\"valueName\":\"search_term_string\"}}],\"inLanguage\":\"en-GB\"},{\"@type\":[\"Person\",\"Organization\"],\"@id\":\"https:\\\/\\\/renatefrotscher.art\\\/#\\\/schema\\\/person\\\/2df712b6d2d9cd5cf6de91832d12ed2d\",\"name\":\"Renate Frotscher\",\"image\":{\"@type\":\"ImageObject\",\"inLanguage\":\"en-GB\",\"@id\":\"https:\\\/\\\/renatefrotscher.art\\\/wp-content\\\/uploads\\\/2022\\\/10\\\/RF-logo-rond.png\",\"url\":\"https:\\\/\\\/renatefrotscher.art\\\/wp-content\\\/uploads\\\/2022\\\/10\\\/RF-logo-rond.png\",\"contentUrl\":\"https:\\\/\\\/renatefrotscher.art\\\/wp-content\\\/uploads\\\/2022\\\/10\\\/RF-logo-rond.png\",\"width\":300,\"height\":300,\"caption\":\"Renate Frotscher\"},\"logo\":{\"@id\":\"https:\\\/\\\/renatefrotscher.art\\\/wp-content\\\/uploads\\\/2022\\\/10\\\/RF-logo-rond.png\"},\"sameAs\":[\"https:\\\/\\\/www.facebook.com\\\/studiorenate\",\"https:\\\/\\\/www.instagram.com\\\/studiorenate\\\/\",\"https:\\\/\\\/www.linkedin.com\\\/in\\\/renatefrotscher\\\/\",\"https:\\\/\\\/www.pinterest.fr\\\/renatefr\\\/renate-frotscher-ceramics\\\/\",\"https:\\\/\\\/x.com\\\/https:\\\/\\\/twitter.com\\\/renatefrotscher\"]}]}<\/script>\n<!-- \/ Yoast SEO plugin. -->","yoast_head_json":{"title":"Community - Renate Frotscher","description":"Artiste c\u00e9ramiste bas\u00e9 en France cr\u00e9ant des jouets d'art fantastiques et uniques pour d\u00e9corer votre espace r\u00e9el et virtuel.","robots":{"index":"index","follow":"follow","max-snippet":"max-snippet:-1","max-image-preview":"max-image-preview:large","max-video-preview":"max-video-preview:-1"},"canonical":"https:\/\/renatefrotscher.art\/en_gb\/community\/","og_locale":"en_GB","og_type":"article","og_title":"Community - Renate Frotscher","og_description":"Artiste c\u00e9ramiste bas\u00e9 en France cr\u00e9ant des jouets d'art fantastiques et uniques pour d\u00e9corer votre espace r\u00e9el et virtuel.","og_url":"https:\/\/renatefrotscher.art\/en_gb\/community\/","og_site_name":"Renate Frotscher","article_publisher":"https:\/\/www.facebook.com\/studiorenate","article_modified_time":"2026-02-18T13:26:22+00:00","og_image":[{"width":2560,"height":2560,"url":"https:\/\/renatefrotscher.art\/wp-content\/uploads\/2023\/12\/Teddie_14_03-scaled.webp","type":"image\/jpeg"}],"twitter_misc":{"Estimated reading time":"1 minute"},"schema":{"@context":"https:\/\/schema.org","@graph":[{"@type":"WebPage","@id":"https:\/\/renatefrotscher.art\/community","url":"https:\/\/renatefrotscher.art\/community","name":"Community - Renate Frotscher","isPartOf":{"@id":"https:\/\/renatefrotscher.art\/#website"},"datePublished":"2026-02-18T11:56:42+00:00","dateModified":"2026-02-18T13:26:22+00:00","description":"Artiste c\u00e9ramiste bas\u00e9 en France cr\u00e9ant des jouets d'art fantastiques et uniques pour d\u00e9corer votre espace r\u00e9el et virtuel.","breadcrumb":{"@id":"https:\/\/renatefrotscher.art\/community#breadcrumb"},"inLanguage":"en-GB","potentialAction":[{"@type":"ReadAction","target":["https:\/\/renatefrotscher.art\/community"]}]},{"@type":"BreadcrumbList","@id":"https:\/\/renatefrotscher.art\/community#breadcrumb","itemListElement":[{"@type":"ListItem","position":1,"name":"Home","item":"https:\/\/renatefrotscher.art\/"},{"@type":"ListItem","position":2,"name":"Community"}]},{"@type":"WebSite","@id":"https:\/\/renatefrotscher.art\/#website","url":"https:\/\/renatefrotscher.art\/","name":"Renate Frotscher Artiste C\u00e9ramiste","description":"ARTIST C\u00c9RAMIST","publisher":{"@id":"https:\/\/renatefrotscher.art\/#\/schema\/person\/2df712b6d2d9cd5cf6de91832d12ed2d"},"alternateName":"Studio Renate","potentialAction":[{"@type":"SearchAction","target":{"@type":"EntryPoint","urlTemplate":"https:\/\/renatefrotscher.art\/?s={search_term_string}"},"query-input":{"@type":"PropertyValueSpecification","valueRequired":true,"valueName":"search_term_string"}}],"inLanguage":"en-GB"},{"@type":["Person","Organization"],"@id":"https:\/\/renatefrotscher.art\/#\/schema\/person\/2df712b6d2d9cd5cf6de91832d12ed2d","name":"Renate Frotscher","image":{"@type":"ImageObject","inLanguage":"en-GB","@id":"https:\/\/renatefrotscher.art\/wp-content\/uploads\/2022\/10\/RF-logo-rond.png","url":"https:\/\/renatefrotscher.art\/wp-content\/uploads\/2022\/10\/RF-logo-rond.png","contentUrl":"https:\/\/renatefrotscher.art\/wp-content\/uploads\/2022\/10\/RF-logo-rond.png","width":300,"height":300,"caption":"Renate Frotscher"},"logo":{"@id":"https:\/\/renatefrotscher.art\/wp-content\/uploads\/2022\/10\/RF-logo-rond.png"},"sameAs":["https:\/\/www.facebook.com\/studiorenate","https:\/\/www.instagram.com\/studiorenate\/","https:\/\/www.linkedin.com\/in\/renatefrotscher\/","https:\/\/www.pinterest.fr\/renatefr\/renate-frotscher-ceramics\/","https:\/\/x.com\/https:\/\/twitter.com\/renatefrotscher"]}]}},"_links":{"self":[{"href":"https:\/\/renatefrotscher.art\/en_gb\/wp-json\/wp\/v2\/pages\/9684","targetHints":{"allow":["GET"]}}],"collection":[{"href":"https:\/\/renatefrotscher.art\/en_gb\/wp-json\/wp\/v2\/pages"}],"about":[{"href":"https:\/\/renatefrotscher.art\/en_gb\/wp-json\/wp\/v2\/types\/page"}],"author":[{"embeddable":true,"href":"https:\/\/renatefrotscher.art\/en_gb\/wp-json\/wp\/v2\/users\/1"}],"replies":[{"embeddable":true,"href":"https:\/\/renatefrotscher.art\/en_gb\/wp-json\/wp\/v2\/comments?post=9684"}],"version-history":[{"count":70,"href":"https:\/\/renatefrotscher.art\/en_gb\/wp-json\/wp\/v2\/pages\/9684\/revisions"}],"predecessor-version":[{"id":9781,"href":"https:\/\/renatefrotscher.art\/en_gb\/wp-json\/wp\/v2\/pages\/9684\/revisions\/9781"}],"wp:attachment":[{"href":"https:\/\/renatefrotscher.art\/en_gb\/wp-json\/wp\/v2\/media?parent=9684"}],"curies":[{"name":"wp","href":"https:\/\/api.w.org\/{rel}","templated":true}]}}