{"id":634,"date":"2021-07-27T10:00:03","date_gmt":"2021-07-27T10:00:03","guid":{"rendered":"https:\/\/ceramic.studiorenate.com\/?page_id=634"},"modified":"2025-11-17T14:46:17","modified_gmt":"2025-11-17T14:46:17","slug":"expositions","status":"publish","type":"page","link":"https:\/\/renatefrotscher.art\/fr\/expositions","title":{"rendered":"Expositions\/Salons d\u2019art"},"content":{"rendered":"<div class=\"wp-block-group is-layout-grid wp-container-core-group-is-layout-e2bd5cb0 wp-block-group-is-layout-grid\">\n<div class=\"wp-block-group alignwide\"><div class=\"wp-block-group__inner-container is-layout-constrained wp-block-group-is-layout-constrained\"><ul class=\"wp-block-latest-posts__list has-dates alignwide tw-mt-8 tw-heading-size-medium tw-img-ratio-16-9 tw-stretched-link is-style-tw-posts-border wp-block-latest-posts\"><li><div class=\"wp-block-latest-posts__featured-image\"><img loading=\"lazy\" decoding=\"async\" width=\"169\" height=\"300\" src=\"https:\/\/renatefrotscher.art\/wp-content\/uploads\/2025\/10\/Story-169x300.png\" class=\"attachment-medium size-medium wp-post-image\" alt=\"\" style=\"\" srcset=\"https:\/\/renatefrotscher.art\/wp-content\/uploads\/2025\/10\/Story-169x300.png 169w, https:\/\/renatefrotscher.art\/wp-content\/uploads\/2025\/10\/Story-576x1024.png 576w, https:\/\/renatefrotscher.art\/wp-content\/uploads\/2025\/10\/Story-768x1365.png 768w, https:\/\/renatefrotscher.art\/wp-content\/uploads\/2025\/10\/Story-864x1536.png 864w, https:\/\/renatefrotscher.art\/wp-content\/uploads\/2025\/10\/Story-1152x2048.png 1152w, https:\/\/renatefrotscher.art\/wp-content\/uploads\/2025\/10\/Story-1200x2133.png 1200w, https:\/\/renatefrotscher.art\/wp-content\/uploads\/2025\/10\/Story-1980x3519.png 1980w, https:\/\/renatefrotscher.art\/wp-content\/uploads\/2025\/10\/Story-scaled.png 1440w\" sizes=\"auto, (max-width: 169px) 100vw, 169px\" \/><\/div><a class=\"wp-block-latest-posts__post-title\" href=\"https:\/\/renatefrotscher.art\/fr\/4eme-salon-talents-femmes-aurillac-5-7-decembre\">5\u00e8me salon Talents Femmes &#8211; Aurillac &#8211; 5-7 decembre 2025<\/a><time datetime=\"2025-10-01T11:54:59+00:00\" class=\"wp-block-latest-posts__post-date\">octobre 1, 2025<\/time><\/li>\n<li><div class=\"wp-block-latest-posts__featured-image\"><img loading=\"lazy\" decoding=\"async\" width=\"300\" height=\"225\" src=\"https:\/\/renatefrotscher.art\/wp-content\/uploads\/2025\/07\/IMG_1551-300x225.jpeg\" class=\"attachment-medium size-medium wp-post-image\" alt=\"\" style=\"\" srcset=\"https:\/\/renatefrotscher.art\/wp-content\/uploads\/2025\/07\/IMG_1551-300x225.jpeg 300w, https:\/\/renatefrotscher.art\/wp-content\/uploads\/2025\/07\/IMG_1551-1024x768.jpeg 1024w, https:\/\/renatefrotscher.art\/wp-content\/uploads\/2025\/07\/IMG_1551-768x576.jpeg 768w, https:\/\/renatefrotscher.art\/wp-content\/uploads\/2025\/07\/IMG_1551-1536x1152.jpeg 1536w, https:\/\/renatefrotscher.art\/wp-content\/uploads\/2025\/07\/IMG_1551-2048x1536.jpeg 2048w, https:\/\/renatefrotscher.art\/wp-content\/uploads\/2025\/07\/IMG_1551-1200x900.jpeg 1200w, https:\/\/renatefrotscher.art\/wp-content\/uploads\/2025\/07\/IMG_1551-1980x1485.jpeg 1980w\" sizes=\"auto, (max-width: 300px) 100vw, 300px\" \/><\/div><a class=\"wp-block-latest-posts__post-title\" href=\"https:\/\/renatefrotscher.art\/fr\/biaf-antwerpen-11-and-12-october-2025\">BIAF Antwerpen 11 and 12 october 2025<\/a><time datetime=\"2025-07-11T09:48:44+00:00\" class=\"wp-block-latest-posts__post-date\">juillet 11, 2025<\/time><\/li>\n<li><div class=\"wp-block-latest-posts__featured-image\"><img loading=\"lazy\" decoding=\"async\" width=\"225\" height=\"300\" src=\"https:\/\/renatefrotscher.art\/wp-content\/uploads\/2025\/07\/IMG_1374-225x300.jpeg\" class=\"attachment-medium size-medium wp-post-image\" alt=\"\" style=\"\" srcset=\"https:\/\/renatefrotscher.art\/wp-content\/uploads\/2025\/07\/IMG_1374-225x300.jpeg 225w, https:\/\/renatefrotscher.art\/wp-content\/uploads\/2025\/07\/IMG_1374-768x1024.jpeg 768w, https:\/\/renatefrotscher.art\/wp-content\/uploads\/2025\/07\/IMG_1374-1152x1536.jpeg 1152w, https:\/\/renatefrotscher.art\/wp-content\/uploads\/2025\/07\/IMG_1374-1536x2048.jpeg 1536w, https:\/\/renatefrotscher.art\/wp-content\/uploads\/2025\/07\/IMG_1374-1200x1600.jpeg 1200w, https:\/\/renatefrotscher.art\/wp-content\/uploads\/2025\/07\/IMG_1374-1980x2640.jpeg 1980w, https:\/\/renatefrotscher.art\/wp-content\/uploads\/2025\/07\/IMG_1374-scaled.jpeg 1920w\" sizes=\"auto, (max-width: 225px) 100vw, 225px\" \/><\/div><a class=\"wp-block-latest-posts__post-title\" href=\"https:\/\/renatefrotscher.art\/fr\/europe-art-fair-maastricht\">EUROPE ART FAIR &#8211; Maastricht &#8211; 13-14 september 2025<\/a><time datetime=\"2025-07-10T14:39:03+00:00\" class=\"wp-block-latest-posts__post-date\">juillet 10, 2025<\/time><\/li>\n<li><div class=\"wp-block-latest-posts__featured-image\"><img loading=\"lazy\" decoding=\"async\" width=\"169\" height=\"300\" src=\"https:\/\/renatefrotscher.art\/wp-content\/uploads\/2025\/08\/E2DCDB64-EDDE-4297-B6D0-ADEE22E9F6E6_1_105_c-169x300.jpeg\" class=\"attachment-medium size-medium wp-post-image\" alt=\"\" style=\"\" srcset=\"https:\/\/renatefrotscher.art\/wp-content\/uploads\/2025\/08\/E2DCDB64-EDDE-4297-B6D0-ADEE22E9F6E6_1_105_c-169x300.jpeg 169w, https:\/\/renatefrotscher.art\/wp-content\/uploads\/2025\/08\/E2DCDB64-EDDE-4297-B6D0-ADEE22E9F6E6_1_105_c-576x1024.jpeg 576w, https:\/\/renatefrotscher.art\/wp-content\/uploads\/2025\/08\/E2DCDB64-EDDE-4297-B6D0-ADEE22E9F6E6_1_105_c.jpeg 665w\" sizes=\"auto, (max-width: 169px) 100vw, 169px\" \/><\/div><a class=\"wp-block-latest-posts__post-title\" href=\"https:\/\/renatefrotscher.art\/fr\/siac-avignon-4-6-octobre\">SIAC Avignon 4-6 octobre<\/a><time datetime=\"2024-03-04T15:50:39+00:00\" class=\"wp-block-latest-posts__post-date\">mars 4, 2024<\/time><\/li>\n<li><div class=\"wp-block-latest-posts__featured-image\"><img loading=\"lazy\" decoding=\"async\" width=\"225\" height=\"300\" src=\"https:\/\/renatefrotscher.art\/wp-content\/uploads\/2023\/08\/ED4EE9F5-1E27-4714-9821-808D293324CC-225x300.webp\" class=\"attachment-medium size-medium wp-post-image\" alt=\"Salon art 3F toulouse\" style=\"\" srcset=\"https:\/\/renatefrotscher.art\/wp-content\/uploads\/2023\/08\/ED4EE9F5-1E27-4714-9821-808D293324CC-225x300.webp 225w, https:\/\/renatefrotscher.art\/wp-content\/uploads\/2023\/08\/ED4EE9F5-1E27-4714-9821-808D293324CC-768x1024.webp 768w, https:\/\/renatefrotscher.art\/wp-content\/uploads\/2023\/08\/ED4EE9F5-1E27-4714-9821-808D293324CC-1152x1536.webp 1152w, https:\/\/renatefrotscher.art\/wp-content\/uploads\/2023\/08\/ED4EE9F5-1E27-4714-9821-808D293324CC-1536x2048.webp 1536w, https:\/\/renatefrotscher.art\/wp-content\/uploads\/2023\/08\/ED4EE9F5-1E27-4714-9821-808D293324CC-1200x1600.webp 1200w, https:\/\/renatefrotscher.art\/wp-content\/uploads\/2023\/08\/ED4EE9F5-1E27-4714-9821-808D293324CC-1980x2640.webp 1980w, https:\/\/renatefrotscher.art\/wp-content\/uploads\/2023\/08\/ED4EE9F5-1E27-4714-9821-808D293324CC-scaled.webp 1920w\" sizes=\"auto, (max-width: 225px) 100vw, 225px\" \/><\/div><a class=\"wp-block-latest-posts__post-title\" href=\"https:\/\/renatefrotscher.art\/fr\/art-3f-toulouse-13-mars-2024\">Art 3F Toulouse 1>3 Mars 2024<\/a><time datetime=\"2023-08-29T08:37:53+00:00\" class=\"wp-block-latest-posts__post-date\">ao\u00fbt 29, 2023<\/time><\/li>\n<li><div class=\"wp-block-latest-posts__featured-image\"><img loading=\"lazy\" decoding=\"async\" width=\"300\" height=\"225\" src=\"https:\/\/renatefrotscher.art\/wp-content\/uploads\/2023\/01\/TOULOUSE_23_4x3FR-1-1024x768-1-300x225.jpg\" class=\"attachment-medium size-medium wp-post-image\" alt=\"\" style=\"\" srcset=\"https:\/\/renatefrotscher.art\/wp-content\/uploads\/2023\/01\/TOULOUSE_23_4x3FR-1-1024x768-1-300x225.jpg 300w, https:\/\/renatefrotscher.art\/wp-content\/uploads\/2023\/01\/TOULOUSE_23_4x3FR-1-1024x768-1-768x576.jpg 768w, https:\/\/renatefrotscher.art\/wp-content\/uploads\/2023\/01\/TOULOUSE_23_4x3FR-1-1024x768-1.jpg 1024w\" sizes=\"auto, (max-width: 300px) 100vw, 300px\" \/><\/div><a class=\"wp-block-latest-posts__post-title\" href=\"https:\/\/renatefrotscher.art\/fr\/arts-3f-toulouse\">Arts 3F Toulouse 10 > 12 f\u00e9vrier<\/a><time datetime=\"2023-01-06T15:51:07+00:00\" class=\"wp-block-latest-posts__post-date\">janvier 6, 2023<\/time><\/li>\n<li><div class=\"wp-block-latest-posts__featured-image\"><img loading=\"lazy\" decoding=\"async\" width=\"169\" height=\"300\" src=\"https:\/\/renatefrotscher.art\/wp-content\/uploads\/2022\/12\/CDDE8254-31B1-4172-9ED4-50107DDEDC91-169x300.jpeg\" class=\"attachment-medium size-medium wp-post-image\" alt=\"\" style=\"\" srcset=\"https:\/\/renatefrotscher.art\/wp-content\/uploads\/2022\/12\/CDDE8254-31B1-4172-9ED4-50107DDEDC91-169x300.jpeg 169w, https:\/\/renatefrotscher.art\/wp-content\/uploads\/2022\/12\/CDDE8254-31B1-4172-9ED4-50107DDEDC91-576x1024.jpeg 576w, https:\/\/renatefrotscher.art\/wp-content\/uploads\/2022\/12\/CDDE8254-31B1-4172-9ED4-50107DDEDC91-768x1365.jpeg 768w, https:\/\/renatefrotscher.art\/wp-content\/uploads\/2022\/12\/CDDE8254-31B1-4172-9ED4-50107DDEDC91-864x1536.jpeg 864w, https:\/\/renatefrotscher.art\/wp-content\/uploads\/2022\/12\/CDDE8254-31B1-4172-9ED4-50107DDEDC91-1152x2048.jpeg 1152w, https:\/\/renatefrotscher.art\/wp-content\/uploads\/2022\/12\/CDDE8254-31B1-4172-9ED4-50107DDEDC91-1200x2133.jpeg 1200w, https:\/\/renatefrotscher.art\/wp-content\/uploads\/2022\/12\/CDDE8254-31B1-4172-9ED4-50107DDEDC91-1980x3520.jpeg 1980w, https:\/\/renatefrotscher.art\/wp-content\/uploads\/2022\/12\/CDDE8254-31B1-4172-9ED4-50107DDEDC91-scaled.jpeg 1440w\" sizes=\"auto, (max-width: 169px) 100vw, 169px\" \/><\/div><a class=\"wp-block-latest-posts__post-title\" href=\"https:\/\/renatefrotscher.art\/fr\/trouve-nous-a-la-fabrique-du-pere-noel\">La Fabrique du p\u00e9re No\u00ebl 8 > 15 decembre<\/a><time datetime=\"2022-12-08T09:37:41+00:00\" class=\"wp-block-latest-posts__post-date\">d\u00e9cembre 8, 2022<\/time><\/li>\n<\/ul><\/div><\/div>\n<\/div>\n\n\n\n<div class=\"wp-block-media-text alignwide is-stacked-on-mobile\"><figure class=\"wp-block-media-text__media\"><img loading=\"lazy\" decoding=\"async\" width=\"1024\" height=\"768\" src=\"https:\/\/renatefrotscher.art\/wp-content\/uploads\/2022\/06\/IMG_5056-1024x768.jpeg\" alt=\"\" class=\"wp-image-2270 size-full\" srcset=\"https:\/\/renatefrotscher.art\/wp-content\/uploads\/2022\/06\/IMG_5056-1024x768.jpeg 1024w, https:\/\/renatefrotscher.art\/wp-content\/uploads\/2022\/06\/IMG_5056-scaled-600x450.jpeg 600w, https:\/\/renatefrotscher.art\/wp-content\/uploads\/2022\/06\/IMG_5056-300x225.jpeg 300w, https:\/\/renatefrotscher.art\/wp-content\/uploads\/2022\/06\/IMG_5056-768x576.jpeg 768w, https:\/\/renatefrotscher.art\/wp-content\/uploads\/2022\/06\/IMG_5056-1536x1152.jpeg 1536w, https:\/\/renatefrotscher.art\/wp-content\/uploads\/2022\/06\/IMG_5056-2048x1536.jpeg 2048w, https:\/\/renatefrotscher.art\/wp-content\/uploads\/2022\/06\/IMG_5056-1200x900.jpeg 1200w, https:\/\/renatefrotscher.art\/wp-content\/uploads\/2022\/06\/IMG_5056-1980x1485.jpeg 1980w\" sizes=\"auto, (max-width: 1024px) 100vw, 1024px\" \/><\/figure><div class=\"wp-block-media-text__content\">\n<p><strong>June &gt; Sept :<\/strong> mon atelier\/expo<\/p>\n\n\n\n<p>W6 Galerie<\/p>\n\n\n\n<p>10 rue de la Martinelle<\/p>\n\n\n\n<p>Maurs, France<\/p>\n\n\n\n<p>Contact: 06 66 10 68 06<\/p>\n<\/div><\/div>","protected":false},"excerpt":{"rendered":"<p>June &gt; Sept : mon atelier\/expo W6 Galerie 10 rue de la Martinelle Maurs, France Contact: 06 66 10 68 06<\/p>","protected":false},"author":1,"featured_media":0,"parent":0,"menu_order":0,"comment_status":"closed","ping_status":"closed","template":"","meta":{"footnotes":""},"class_list":["post-634","page","type-page","status-publish","hentry"],"yoast_head":"<!-- This site is optimized with the Yoast SEO plugin v27.3 - https:\/\/yoast.com\/product\/yoast-seo-wordpress\/ -->\n<title>Expositions\/Salons d\u2019art - Renate Frotscher<\/title>\n<meta name=\"description\" content=\"Artiste c\u00e9ramiste bas\u00e9 en France cr\u00e9ant des jouets d&#039;art fantastiques et uniques pour d\u00e9corer votre espace r\u00e9el et virtuel.\" \/>\n<meta name=\"robots\" content=\"index, follow, max-snippet:-1, max-image-preview:large, max-video-preview:-1\" \/>\n<link rel=\"canonical\" href=\"https:\/\/renatefrotscher.art\/fr\/expositions\/\" \/>\n<meta property=\"og:locale\" content=\"fr_FR\" \/>\n<meta property=\"og:type\" content=\"article\" \/>\n<meta property=\"og:title\" content=\"Expositions\/Salons d\u2019art - Renate Frotscher\" \/>\n<meta property=\"og:description\" content=\"Artiste c\u00e9ramiste bas\u00e9 en France cr\u00e9ant des jouets d&#039;art fantastiques et uniques pour d\u00e9corer votre espace r\u00e9el et virtuel.\" \/>\n<meta property=\"og:url\" content=\"https:\/\/renatefrotscher.art\/fr\/expositions\/\" \/>\n<meta property=\"og:site_name\" content=\"Renate Frotscher\" \/>\n<meta property=\"article:publisher\" content=\"https:\/\/www.facebook.com\/studiorenate\" \/>\n<meta property=\"article:modified_time\" content=\"2025-11-17T14:46:17+00:00\" \/>\n<meta property=\"og:image\" content=\"https:\/\/renatefrotscher.art\/wp-content\/uploads\/2022\/06\/IMG_5056-1024x768.jpeg\" \/>\n<meta name=\"twitter:label1\" content=\"Dur\u00e9e de lecture estim\u00e9e\" \/>\n\t<meta name=\"twitter:data1\" content=\"1 minute\" \/>\n<script type=\"application\/ld+json\" class=\"yoast-schema-graph\">{\"@context\":\"https:\\\/\\\/schema.org\",\"@graph\":[{\"@type\":\"WebPage\",\"@id\":\"https:\\\/\\\/renatefrotscher.art\\\/expositions\",\"url\":\"https:\\\/\\\/renatefrotscher.art\\\/expositions\",\"name\":\"Expositions\\\/Salons d\u2019art - Renate Frotscher\",\"isPartOf\":{\"@id\":\"https:\\\/\\\/renatefrotscher.art\\\/#website\"},\"primaryImageOfPage\":{\"@id\":\"https:\\\/\\\/renatefrotscher.art\\\/expositions#primaryimage\"},\"image\":{\"@id\":\"https:\\\/\\\/renatefrotscher.art\\\/expositions#primaryimage\"},\"thumbnailUrl\":\"https:\\\/\\\/renatefrotscher.art\\\/wp-content\\\/uploads\\\/2022\\\/06\\\/IMG_5056-1024x768.jpeg\",\"datePublished\":\"2021-07-27T10:00:03+00:00\",\"dateModified\":\"2025-11-17T14:46:17+00:00\",\"description\":\"Artiste c\u00e9ramiste bas\u00e9 en France cr\u00e9ant des jouets d'art fantastiques et uniques pour d\u00e9corer votre espace r\u00e9el et virtuel.\",\"breadcrumb\":{\"@id\":\"https:\\\/\\\/renatefrotscher.art\\\/expositions#breadcrumb\"},\"inLanguage\":\"fr-FR\",\"potentialAction\":[{\"@type\":\"ReadAction\",\"target\":[\"https:\\\/\\\/renatefrotscher.art\\\/expositions\"]}]},{\"@type\":\"ImageObject\",\"inLanguage\":\"fr-FR\",\"@id\":\"https:\\\/\\\/renatefrotscher.art\\\/expositions#primaryimage\",\"url\":\"https:\\\/\\\/renatefrotscher.art\\\/wp-content\\\/uploads\\\/2022\\\/06\\\/IMG_5056-1024x768.jpeg\",\"contentUrl\":\"https:\\\/\\\/renatefrotscher.art\\\/wp-content\\\/uploads\\\/2022\\\/06\\\/IMG_5056-1024x768.jpeg\"},{\"@type\":\"BreadcrumbList\",\"@id\":\"https:\\\/\\\/renatefrotscher.art\\\/expositions#breadcrumb\",\"itemListElement\":[{\"@type\":\"ListItem\",\"position\":1,\"name\":\"Home\",\"item\":\"https:\\\/\\\/renatefrotscher.art\\\/\"},{\"@type\":\"ListItem\",\"position\":2,\"name\":\"Expositions\\\/Salons d\u2019art\"}]},{\"@type\":\"WebSite\",\"@id\":\"https:\\\/\\\/renatefrotscher.art\\\/#website\",\"url\":\"https:\\\/\\\/renatefrotscher.art\\\/\",\"name\":\"Renate Frotscher Artiste C\u00e9ramiste\",\"description\":\"ARTIST C\u00c9RAMIST\",\"publisher\":{\"@id\":\"https:\\\/\\\/renatefrotscher.art\\\/#\\\/schema\\\/person\\\/2df712b6d2d9cd5cf6de91832d12ed2d\"},\"alternateName\":\"Studio Renate\",\"potentialAction\":[{\"@type\":\"SearchAction\",\"target\":{\"@type\":\"EntryPoint\",\"urlTemplate\":\"https:\\\/\\\/renatefrotscher.art\\\/?s={search_term_string}\"},\"query-input\":{\"@type\":\"PropertyValueSpecification\",\"valueRequired\":true,\"valueName\":\"search_term_string\"}}],\"inLanguage\":\"fr-FR\"},{\"@type\":[\"Person\",\"Organization\"],\"@id\":\"https:\\\/\\\/renatefrotscher.art\\\/#\\\/schema\\\/person\\\/2df712b6d2d9cd5cf6de91832d12ed2d\",\"name\":\"Renate Frotscher\",\"image\":{\"@type\":\"ImageObject\",\"inLanguage\":\"fr-FR\",\"@id\":\"https:\\\/\\\/renatefrotscher.art\\\/wp-content\\\/uploads\\\/2022\\\/10\\\/RF-logo-rond.png\",\"url\":\"https:\\\/\\\/renatefrotscher.art\\\/wp-content\\\/uploads\\\/2022\\\/10\\\/RF-logo-rond.png\",\"contentUrl\":\"https:\\\/\\\/renatefrotscher.art\\\/wp-content\\\/uploads\\\/2022\\\/10\\\/RF-logo-rond.png\",\"width\":300,\"height\":300,\"caption\":\"Renate Frotscher\"},\"logo\":{\"@id\":\"https:\\\/\\\/renatefrotscher.art\\\/wp-content\\\/uploads\\\/2022\\\/10\\\/RF-logo-rond.png\"},\"sameAs\":[\"https:\\\/\\\/www.facebook.com\\\/studiorenate\",\"https:\\\/\\\/www.instagram.com\\\/studiorenate\\\/\",\"https:\\\/\\\/www.linkedin.com\\\/in\\\/renatefrotscher\\\/\",\"https:\\\/\\\/www.pinterest.fr\\\/renatefr\\\/renate-frotscher-ceramics\\\/\",\"https:\\\/\\\/x.com\\\/https:\\\/\\\/twitter.com\\\/renatefrotscher\"]}]}<\/script>\n<!-- \/ Yoast SEO plugin. -->","yoast_head_json":{"title":"Expositions\/Salons d\u2019art - Renate Frotscher","description":"Artiste c\u00e9ramiste bas\u00e9 en France cr\u00e9ant des jouets d'art fantastiques et uniques pour d\u00e9corer votre espace r\u00e9el et virtuel.","robots":{"index":"index","follow":"follow","max-snippet":"max-snippet:-1","max-image-preview":"max-image-preview:large","max-video-preview":"max-video-preview:-1"},"canonical":"https:\/\/renatefrotscher.art\/fr\/expositions\/","og_locale":"fr_FR","og_type":"article","og_title":"Expositions\/Salons d\u2019art - Renate Frotscher","og_description":"Artiste c\u00e9ramiste bas\u00e9 en France cr\u00e9ant des jouets d'art fantastiques et uniques pour d\u00e9corer votre espace r\u00e9el et virtuel.","og_url":"https:\/\/renatefrotscher.art\/fr\/expositions\/","og_site_name":"Renate Frotscher","article_publisher":"https:\/\/www.facebook.com\/studiorenate","article_modified_time":"2025-11-17T14:46:17+00:00","og_image":[{"url":"https:\/\/renatefrotscher.art\/wp-content\/uploads\/2022\/06\/IMG_5056-1024x768.jpeg","type":"","width":"","height":""}],"twitter_misc":{"Dur\u00e9e de lecture estim\u00e9e":"1 minute"},"schema":{"@context":"https:\/\/schema.org","@graph":[{"@type":"WebPage","@id":"https:\/\/renatefrotscher.art\/expositions","url":"https:\/\/renatefrotscher.art\/expositions","name":"Expositions\/Salons d\u2019art - Renate Frotscher","isPartOf":{"@id":"https:\/\/renatefrotscher.art\/#website"},"primaryImageOfPage":{"@id":"https:\/\/renatefrotscher.art\/expositions#primaryimage"},"image":{"@id":"https:\/\/renatefrotscher.art\/expositions#primaryimage"},"thumbnailUrl":"https:\/\/renatefrotscher.art\/wp-content\/uploads\/2022\/06\/IMG_5056-1024x768.jpeg","datePublished":"2021-07-27T10:00:03+00:00","dateModified":"2025-11-17T14:46:17+00:00","description":"Artiste c\u00e9ramiste bas\u00e9 en France cr\u00e9ant des jouets d'art fantastiques et uniques pour d\u00e9corer votre espace r\u00e9el et virtuel.","breadcrumb":{"@id":"https:\/\/renatefrotscher.art\/expositions#breadcrumb"},"inLanguage":"fr-FR","potentialAction":[{"@type":"ReadAction","target":["https:\/\/renatefrotscher.art\/expositions"]}]},{"@type":"ImageObject","inLanguage":"fr-FR","@id":"https:\/\/renatefrotscher.art\/expositions#primaryimage","url":"https:\/\/renatefrotscher.art\/wp-content\/uploads\/2022\/06\/IMG_5056-1024x768.jpeg","contentUrl":"https:\/\/renatefrotscher.art\/wp-content\/uploads\/2022\/06\/IMG_5056-1024x768.jpeg"},{"@type":"BreadcrumbList","@id":"https:\/\/renatefrotscher.art\/expositions#breadcrumb","itemListElement":[{"@type":"ListItem","position":1,"name":"Home","item":"https:\/\/renatefrotscher.art\/"},{"@type":"ListItem","position":2,"name":"Expositions\/Salons d\u2019art"}]},{"@type":"WebSite","@id":"https:\/\/renatefrotscher.art\/#website","url":"https:\/\/renatefrotscher.art\/","name":"Renate Frotscher Artiste C\u00e9ramiste","description":"ARTIST C\u00c9RAMIST","publisher":{"@id":"https:\/\/renatefrotscher.art\/#\/schema\/person\/2df712b6d2d9cd5cf6de91832d12ed2d"},"alternateName":"Studio Renate","potentialAction":[{"@type":"SearchAction","target":{"@type":"EntryPoint","urlTemplate":"https:\/\/renatefrotscher.art\/?s={search_term_string}"},"query-input":{"@type":"PropertyValueSpecification","valueRequired":true,"valueName":"search_term_string"}}],"inLanguage":"fr-FR"},{"@type":["Person","Organization"],"@id":"https:\/\/renatefrotscher.art\/#\/schema\/person\/2df712b6d2d9cd5cf6de91832d12ed2d","name":"Renate Frotscher","image":{"@type":"ImageObject","inLanguage":"fr-FR","@id":"https:\/\/renatefrotscher.art\/wp-content\/uploads\/2022\/10\/RF-logo-rond.png","url":"https:\/\/renatefrotscher.art\/wp-content\/uploads\/2022\/10\/RF-logo-rond.png","contentUrl":"https:\/\/renatefrotscher.art\/wp-content\/uploads\/2022\/10\/RF-logo-rond.png","width":300,"height":300,"caption":"Renate Frotscher"},"logo":{"@id":"https:\/\/renatefrotscher.art\/wp-content\/uploads\/2022\/10\/RF-logo-rond.png"},"sameAs":["https:\/\/www.facebook.com\/studiorenate","https:\/\/www.instagram.com\/studiorenate\/","https:\/\/www.linkedin.com\/in\/renatefrotscher\/","https:\/\/www.pinterest.fr\/renatefr\/renate-frotscher-ceramics\/","https:\/\/x.com\/https:\/\/twitter.com\/renatefrotscher"]}]}},"_links":{"self":[{"href":"https:\/\/renatefrotscher.art\/fr\/wp-json\/wp\/v2\/pages\/634","targetHints":{"allow":["GET"]}}],"collection":[{"href":"https:\/\/renatefrotscher.art\/fr\/wp-json\/wp\/v2\/pages"}],"about":[{"href":"https:\/\/renatefrotscher.art\/fr\/wp-json\/wp\/v2\/types\/page"}],"author":[{"embeddable":true,"href":"https:\/\/renatefrotscher.art\/fr\/wp-json\/wp\/v2\/users\/1"}],"replies":[{"embeddable":true,"href":"https:\/\/renatefrotscher.art\/fr\/wp-json\/wp\/v2\/comments?post=634"}],"version-history":[{"count":3,"href":"https:\/\/renatefrotscher.art\/fr\/wp-json\/wp\/v2\/pages\/634\/revisions"}],"predecessor-version":[{"id":8980,"href":"https:\/\/renatefrotscher.art\/fr\/wp-json\/wp\/v2\/pages\/634\/revisions\/8980"}],"wp:attachment":[{"href":"https:\/\/renatefrotscher.art\/fr\/wp-json\/wp\/v2\/media?parent=634"}],"curies":[{"name":"wp","href":"https:\/\/api.w.org\/{rel}","templated":true}]}}