{"id":9209,"date":"2025-11-19T07:59:06","date_gmt":"2025-11-19T07:59:06","guid":{"rendered":"https:\/\/renatefrotscher.art\/?page_id=9209"},"modified":"2025-11-27T15:11:11","modified_gmt":"2025-11-27T15:11:11","slug":"design-objects","status":"publish","type":"page","link":"https:\/\/renatefrotscher.art\/fr\/design-objects","title":{"rendered":"Objects"},"content":{"rendered":"<p class=\"has-text-align-center\"><br><em>Hand-built objects that bring playfulness and raw material texture into daily life.<\/em><\/p>\n\n\n\n<div class=\"wp-block-group alignwide is-layout-grid wp-container-core-group-is-layout-71863cb6 wp-block-group-is-layout-grid\">\n<div class=\"wp-block-cover is-light has-secondary-color has-text-color has-link-color tw-stretched-link tw-hover-show-text tw-ratio-1-1 wp-elements-65d334395f65a84ce9215b84621cc91f\"><img loading=\"lazy\" decoding=\"async\" width=\"1024\" height=\"1024\" sizes=\"auto, (max-width: 799px) 200vw, (max-width: 1920px) 100vw, 1920px\" class=\"wp-block-cover__image-background wp-image-9377 size-large\" alt=\"\" src=\"https:\/\/renatefrotscher.art\/wp-content\/uploads\/2025\/11\/vulcanic-lamp-1024x1024.webp\" style=\"object-position:53% 41%\" data-object-fit=\"cover\" data-object-position=\"53% 41%\" srcset=\"https:\/\/renatefrotscher.art\/wp-content\/uploads\/2025\/11\/vulcanic-lamp-1024x1024.webp 1024w, https:\/\/renatefrotscher.art\/wp-content\/uploads\/2025\/11\/vulcanic-lamp-300x300.webp 300w, https:\/\/renatefrotscher.art\/wp-content\/uploads\/2025\/11\/vulcanic-lamp-150x150.webp 150w, https:\/\/renatefrotscher.art\/wp-content\/uploads\/2025\/11\/vulcanic-lamp-768x768.webp 768w, https:\/\/renatefrotscher.art\/wp-content\/uploads\/2025\/11\/vulcanic-lamp-1536x1536.webp 1536w, https:\/\/renatefrotscher.art\/wp-content\/uploads\/2025\/11\/vulcanic-lamp-1200x1200.webp 1200w, https:\/\/renatefrotscher.art\/wp-content\/uploads\/2025\/11\/vulcanic-lamp.webp 1920w\" \/><span aria-hidden=\"true\" class=\"wp-block-cover__background has-background-background-color has-background-dim\"><\/span><div class=\"wp-block-cover__inner-container is-layout-constrained wp-block-cover-is-layout-constrained\">\n<h6 class=\"wp-block-heading has-text-align-center has-primary-color has-text-color has-link-color has-large-font-size wp-elements-cefd92d8ef6e5bfd3e6ef226ed22efe6\"><a href=\"https:\/\/renatefrotscher.art\/fr\/luminaires\/\">luminaires<\/a><\/h6>\n<\/div><\/div>\n\n\n\n<div class=\"wp-block-cover is-light has-secondary-color has-text-color has-link-color tw-stretched-link tw-hover-show-text tw-ratio-1-1 wp-elements-1f45dab32ef8414ae9c6e04a64c78a0a\"><img loading=\"lazy\" decoding=\"async\" width=\"1024\" height=\"1024\" sizes=\"auto, (max-width: 799px) 200vw, (max-width: 1920px) 100vw, 1920px\" class=\"wp-block-cover__image-background wp-image-9425 size-large\" alt=\"\" src=\"https:\/\/renatefrotscher.art\/wp-content\/uploads\/2025\/11\/coffee-table-1-1024x1024.webp\" data-object-fit=\"cover\" srcset=\"https:\/\/renatefrotscher.art\/wp-content\/uploads\/2025\/11\/coffee-table-1-1024x1024.webp 1024w, https:\/\/renatefrotscher.art\/wp-content\/uploads\/2025\/11\/coffee-table-1-300x300.webp 300w, https:\/\/renatefrotscher.art\/wp-content\/uploads\/2025\/11\/coffee-table-1-150x150.webp 150w, https:\/\/renatefrotscher.art\/wp-content\/uploads\/2025\/11\/coffee-table-1-768x768.webp 768w, https:\/\/renatefrotscher.art\/wp-content\/uploads\/2025\/11\/coffee-table-1-1536x1536.webp 1536w, https:\/\/renatefrotscher.art\/wp-content\/uploads\/2025\/11\/coffee-table-1-1200x1200.webp 1200w, https:\/\/renatefrotscher.art\/wp-content\/uploads\/2025\/11\/coffee-table-1.webp 1920w\" \/><span aria-hidden=\"true\" class=\"wp-block-cover__background has-background-background-color has-background-dim\"><\/span><div class=\"wp-block-cover__inner-container is-layout-constrained wp-block-cover-is-layout-constrained\">\n<h6 class=\"wp-block-heading has-text-align-center has-primary-color has-text-color has-link-color has-large-font-size wp-elements-6a9c2fc155872bd273f219d668489bac\"><a href=\"https:\/\/renatefrotscher.art\/fr\/coffee-tables\/\">coffee tables<\/a><\/h6>\n<\/div><\/div>\n\n\n\n<div class=\"wp-block-cover is-light has-secondary-color has-text-color has-link-color tw-stretched-link tw-hover-show-text tw-ratio-1-1 wp-elements-7ee1609d76a8a1f49b455b0de67c1c6c\"><img loading=\"lazy\" decoding=\"async\" width=\"1024\" height=\"1024\" sizes=\"auto, (max-width: 799px) 200vw, (max-width: 1920px) 100vw, 1920px\" class=\"wp-block-cover__image-background wp-image-9485 size-large\" alt=\"\" src=\"https:\/\/renatefrotscher.art\/wp-content\/uploads\/2025\/11\/vulcanic-rococo-mirror-1024x1024.webp\" data-object-fit=\"cover\" srcset=\"https:\/\/renatefrotscher.art\/wp-content\/uploads\/2025\/11\/vulcanic-rococo-mirror-1024x1024.webp 1024w, https:\/\/renatefrotscher.art\/wp-content\/uploads\/2025\/11\/vulcanic-rococo-mirror-300x300.webp 300w, https:\/\/renatefrotscher.art\/wp-content\/uploads\/2025\/11\/vulcanic-rococo-mirror-150x150.webp 150w, https:\/\/renatefrotscher.art\/wp-content\/uploads\/2025\/11\/vulcanic-rococo-mirror-768x768.webp 768w, https:\/\/renatefrotscher.art\/wp-content\/uploads\/2025\/11\/vulcanic-rococo-mirror-1536x1536.webp 1536w, https:\/\/renatefrotscher.art\/wp-content\/uploads\/2025\/11\/vulcanic-rococo-mirror-1200x1200.webp 1200w, https:\/\/renatefrotscher.art\/wp-content\/uploads\/2025\/11\/vulcanic-rococo-mirror.webp 1920w\" \/><span aria-hidden=\"true\" class=\"wp-block-cover__background has-background-background-color has-background-dim\"><\/span><div class=\"wp-block-cover__inner-container is-layout-constrained wp-block-cover-is-layout-constrained\">\n<h6 class=\"wp-block-heading has-text-align-center has-primary-color has-text-color has-link-color has-large-font-size wp-elements-f2cfa05545c0729ae71acacead87e8bc\"><a href=\"https:\/\/renatefrotscher.art\/fr\/mirrors\/\">Mirrors<\/a><\/h6>\n<\/div><\/div>\n<\/div>\n\n\n\n<h2 class=\"wp-block-heading alignwide\">Featured<\/h2>\n\n\n\n<div class=\"wp-block-query alignwide is-layout-flow wp-block-query-is-layout-flow\"><ul class=\"columns-2 wp-block-post-template is-layout-grid wp-container-core-post-template-is-layout-bc42f68f wp-block-post-template-is-layout-grid\"><li class=\"wp-block-post post-9521 portfolio type-portfolio status-publish has-post-thumbnail hentry portfolio_category-89 portfolio_category-mirrors\">\n\n<div class=\"wp-block-group tw-mb-4 tw-stretched-link\"><div class=\"wp-block-group__inner-container is-layout-flow wp-block-group-is-layout-flow\"><figure style=\"aspect-ratio:4\/3;\" class=\"tw-mb-4 wp-block-post-featured-image\"><img loading=\"lazy\" decoding=\"async\" width=\"580\" height=\"580\" src=\"https:\/\/renatefrotscher.art\/wp-content\/uploads\/2025\/11\/vulcanic-rococo-mirror-1024x1024.webp\" class=\"attachment-large size-large wp-post-image\" alt=\"\" style=\"width:100%;height:100%;object-fit:cover;\" srcset=\"https:\/\/renatefrotscher.art\/wp-content\/uploads\/2025\/11\/vulcanic-rococo-mirror-1024x1024.webp 1024w, https:\/\/renatefrotscher.art\/wp-content\/uploads\/2025\/11\/vulcanic-rococo-mirror-300x300.webp 300w, https:\/\/renatefrotscher.art\/wp-content\/uploads\/2025\/11\/vulcanic-rococo-mirror-150x150.webp 150w, https:\/\/renatefrotscher.art\/wp-content\/uploads\/2025\/11\/vulcanic-rococo-mirror-768x768.webp 768w, https:\/\/renatefrotscher.art\/wp-content\/uploads\/2025\/11\/vulcanic-rococo-mirror-1536x1536.webp 1536w, https:\/\/renatefrotscher.art\/wp-content\/uploads\/2025\/11\/vulcanic-rococo-mirror-1200x1200.webp 1200w, https:\/\/renatefrotscher.art\/wp-content\/uploads\/2025\/11\/vulcanic-rococo-mirror.webp 1920w\" sizes=\"auto, (max-width: 580px) 100vw, 580px\" \/><\/figure>\n\n<h2 class=\"tw-mt-0 wp-block-post-title has-h-5-font-size\"><a href=\"https:\/\/renatefrotscher.art\/fr\/collection\/small-rococo-mirror\" target=\"_self\" >Small rococo mirror<\/a><\/h2><\/div><\/div>\n\n<\/li><li class=\"wp-block-post post-9361 portfolio type-portfolio status-publish has-post-thumbnail hentry portfolio_category-89 portfolio_category-design-objects portfolio_category-mirrors\">\n\n<div class=\"wp-block-group tw-mb-4 tw-stretched-link\"><div class=\"wp-block-group__inner-container is-layout-flow wp-block-group-is-layout-flow\"><figure style=\"aspect-ratio:4\/3;\" class=\"tw-mb-4 wp-block-post-featured-image\"><img loading=\"lazy\" decoding=\"async\" width=\"580\" height=\"773\" src=\"https:\/\/renatefrotscher.art\/wp-content\/uploads\/2024\/09\/mirror-1-3-768x1024.webp\" class=\"attachment-large size-large wp-post-image\" alt=\"\" style=\"width:100%;height:100%;object-fit:cover;\" srcset=\"https:\/\/renatefrotscher.art\/wp-content\/uploads\/2024\/09\/mirror-1-3-768x1024.webp 768w, https:\/\/renatefrotscher.art\/wp-content\/uploads\/2024\/09\/mirror-1-3-225x300.webp 225w, https:\/\/renatefrotscher.art\/wp-content\/uploads\/2024\/09\/mirror-1-3-1152x1536.webp 1152w, https:\/\/renatefrotscher.art\/wp-content\/uploads\/2024\/09\/mirror-1-3-1536x2048.webp 1536w, https:\/\/renatefrotscher.art\/wp-content\/uploads\/2024\/09\/mirror-1-3-1200x1600.webp 1200w, https:\/\/renatefrotscher.art\/wp-content\/uploads\/2024\/09\/mirror-1-3-1980x2640.webp 1980w, https:\/\/renatefrotscher.art\/wp-content\/uploads\/2024\/09\/mirror-1-3-scaled.webp 1920w\" sizes=\"auto, (max-width: 580px) 100vw, 580px\" \/><\/figure>\n\n<h2 class=\"tw-mt-0 wp-block-post-title has-h-5-font-size\"><a href=\"https:\/\/renatefrotscher.art\/fr\/collection\/medium-mirror\" target=\"_self\" >Medium Mirror &#8211; SOLD &#8211;<\/a><\/h2><\/div><\/div>\n\n<\/li><li class=\"wp-block-post post-9355 portfolio type-portfolio status-publish has-post-thumbnail hentry portfolio_category-89 portfolio_category-candle-holder portfolio_category-design-objects portfolio_category-luminaires portfolio_category-ceramics-vulcanic-rococo\">\n\n<div class=\"wp-block-group tw-mb-4 tw-stretched-link\"><div class=\"wp-block-group__inner-container is-layout-flow wp-block-group-is-layout-flow\"><figure style=\"aspect-ratio:4\/3;\" class=\"tw-mb-4 wp-block-post-featured-image\"><img loading=\"lazy\" decoding=\"async\" width=\"580\" height=\"580\" src=\"https:\/\/renatefrotscher.art\/wp-content\/uploads\/2025\/11\/vulcanic-lamp-1024x1024.webp\" class=\"attachment-large size-large wp-post-image\" alt=\"\" style=\"width:100%;height:100%;object-fit:cover;\" srcset=\"https:\/\/renatefrotscher.art\/wp-content\/uploads\/2025\/11\/vulcanic-lamp-1024x1024.webp 1024w, https:\/\/renatefrotscher.art\/wp-content\/uploads\/2025\/11\/vulcanic-lamp-300x300.webp 300w, https:\/\/renatefrotscher.art\/wp-content\/uploads\/2025\/11\/vulcanic-lamp-150x150.webp 150w, https:\/\/renatefrotscher.art\/wp-content\/uploads\/2025\/11\/vulcanic-lamp-768x768.webp 768w, https:\/\/renatefrotscher.art\/wp-content\/uploads\/2025\/11\/vulcanic-lamp-1536x1536.webp 1536w, https:\/\/renatefrotscher.art\/wp-content\/uploads\/2025\/11\/vulcanic-lamp-1200x1200.webp 1200w, https:\/\/renatefrotscher.art\/wp-content\/uploads\/2025\/11\/vulcanic-lamp.webp 1920w\" sizes=\"auto, (max-width: 580px) 100vw, 580px\" \/><\/figure>\n\n<h2 class=\"tw-mt-0 wp-block-post-title has-h-5-font-size\"><a href=\"https:\/\/renatefrotscher.art\/fr\/collection\/candle-holder\" target=\"_self\" >Candle holder<\/a><\/h2><\/div><\/div>\n\n<\/li><li class=\"wp-block-post post-9353 portfolio type-portfolio status-publish hentry portfolio_category-89 portfolio_category-design-objects portfolio_category-luminaires\">\n\n<div class=\"wp-block-group tw-mb-4 tw-stretched-link\"><div class=\"wp-block-group__inner-container is-layout-flow wp-block-group-is-layout-flow\">\n\n<h2 class=\"tw-mt-0 wp-block-post-title has-h-5-font-size\"><a href=\"https:\/\/renatefrotscher.art\/fr\/collection\/luminaire\" target=\"_self\" >Luminaire<\/a><\/h2><\/div><\/div>\n\n<\/li><\/ul><\/div>","protected":false},"excerpt":{"rendered":"<p>Hand-built objects that bring playfulness and raw material texture into daily life. Featured<\/p>","protected":false},"author":1,"featured_media":0,"parent":0,"menu_order":0,"comment_status":"closed","ping_status":"closed","template":"","meta":{"footnotes":""},"class_list":["post-9209","page","type-page","status-publish","hentry"],"yoast_head":"<!-- This site is optimized with the Yoast SEO plugin v27.3 - https:\/\/yoast.com\/product\/yoast-seo-wordpress\/ -->\n<title>Design Objects - Renate Frotscher<\/title>\n<meta name=\"description\" content=\"Artiste c\u00e9ramiste bas\u00e9 en France cr\u00e9ant des jouets d&#039;art fantastiques et uniques pour d\u00e9corer votre espace r\u00e9el et virtuel.\" \/>\n<meta name=\"robots\" content=\"index, follow, max-snippet:-1, max-image-preview:large, max-video-preview:-1\" \/>\n<link rel=\"canonical\" href=\"https:\/\/renatefrotscher.art\/fr\/design-objects\/\" \/>\n<meta property=\"og:locale\" content=\"fr_FR\" \/>\n<meta property=\"og:type\" content=\"article\" \/>\n<meta property=\"og:title\" content=\"Design Objects - Renate Frotscher\" \/>\n<meta property=\"og:description\" content=\"Artiste c\u00e9ramiste bas\u00e9 en France cr\u00e9ant des jouets d&#039;art fantastiques et uniques pour d\u00e9corer votre espace r\u00e9el et virtuel.\" \/>\n<meta property=\"og:url\" content=\"https:\/\/renatefrotscher.art\/fr\/design-objects\/\" \/>\n<meta property=\"og:site_name\" content=\"Renate Frotscher\" \/>\n<meta property=\"article:publisher\" content=\"https:\/\/www.facebook.com\/studiorenate\" \/>\n<meta property=\"article:modified_time\" content=\"2025-11-27T15:11:11+00:00\" \/>\n<meta property=\"og:image\" content=\"https:\/\/renatefrotscher.art\/wp-content\/uploads\/2025\/11\/vulcanic-lamp-1024x1024.webp\" \/>\n<meta name=\"twitter:label1\" content=\"Dur\u00e9e de lecture estim\u00e9e\" \/>\n\t<meta name=\"twitter:data1\" content=\"1 minute\" \/>\n<script type=\"application\/ld+json\" class=\"yoast-schema-graph\">{\"@context\":\"https:\\\/\\\/schema.org\",\"@graph\":[{\"@type\":\"WebPage\",\"@id\":\"https:\\\/\\\/renatefrotscher.art\\\/design-objects\",\"url\":\"https:\\\/\\\/renatefrotscher.art\\\/design-objects\",\"name\":\"Design Objects - Renate Frotscher\",\"isPartOf\":{\"@id\":\"https:\\\/\\\/renatefrotscher.art\\\/#website\"},\"primaryImageOfPage\":{\"@id\":\"https:\\\/\\\/renatefrotscher.art\\\/design-objects#primaryimage\"},\"image\":{\"@id\":\"https:\\\/\\\/renatefrotscher.art\\\/design-objects#primaryimage\"},\"thumbnailUrl\":\"https:\\\/\\\/renatefrotscher.art\\\/wp-content\\\/uploads\\\/2025\\\/11\\\/vulcanic-lamp-1024x1024.webp\",\"datePublished\":\"2025-11-19T07:59:06+00:00\",\"dateModified\":\"2025-11-27T15:11:11+00:00\",\"description\":\"Artiste c\u00e9ramiste bas\u00e9 en France cr\u00e9ant des jouets d'art fantastiques et uniques pour d\u00e9corer votre espace r\u00e9el et virtuel.\",\"breadcrumb\":{\"@id\":\"https:\\\/\\\/renatefrotscher.art\\\/design-objects#breadcrumb\"},\"inLanguage\":\"fr-FR\",\"potentialAction\":[{\"@type\":\"ReadAction\",\"target\":[\"https:\\\/\\\/renatefrotscher.art\\\/design-objects\"]}]},{\"@type\":\"ImageObject\",\"inLanguage\":\"fr-FR\",\"@id\":\"https:\\\/\\\/renatefrotscher.art\\\/design-objects#primaryimage\",\"url\":\"https:\\\/\\\/renatefrotscher.art\\\/wp-content\\\/uploads\\\/2025\\\/11\\\/vulcanic-lamp-1024x1024.webp\",\"contentUrl\":\"https:\\\/\\\/renatefrotscher.art\\\/wp-content\\\/uploads\\\/2025\\\/11\\\/vulcanic-lamp-1024x1024.webp\"},{\"@type\":\"BreadcrumbList\",\"@id\":\"https:\\\/\\\/renatefrotscher.art\\\/design-objects#breadcrumb\",\"itemListElement\":[{\"@type\":\"ListItem\",\"position\":1,\"name\":\"Home\",\"item\":\"https:\\\/\\\/renatefrotscher.art\\\/\"},{\"@type\":\"ListItem\",\"position\":2,\"name\":\"Design Objects\"}]},{\"@type\":\"WebSite\",\"@id\":\"https:\\\/\\\/renatefrotscher.art\\\/#website\",\"url\":\"https:\\\/\\\/renatefrotscher.art\\\/\",\"name\":\"Renate Frotscher Artiste C\u00e9ramiste\",\"description\":\"ARTIST C\u00c9RAMIST\",\"publisher\":{\"@id\":\"https:\\\/\\\/renatefrotscher.art\\\/#\\\/schema\\\/person\\\/2df712b6d2d9cd5cf6de91832d12ed2d\"},\"alternateName\":\"Studio Renate\",\"potentialAction\":[{\"@type\":\"SearchAction\",\"target\":{\"@type\":\"EntryPoint\",\"urlTemplate\":\"https:\\\/\\\/renatefrotscher.art\\\/?s={search_term_string}\"},\"query-input\":{\"@type\":\"PropertyValueSpecification\",\"valueRequired\":true,\"valueName\":\"search_term_string\"}}],\"inLanguage\":\"fr-FR\"},{\"@type\":[\"Person\",\"Organization\"],\"@id\":\"https:\\\/\\\/renatefrotscher.art\\\/#\\\/schema\\\/person\\\/2df712b6d2d9cd5cf6de91832d12ed2d\",\"name\":\"Renate Frotscher\",\"image\":{\"@type\":\"ImageObject\",\"inLanguage\":\"fr-FR\",\"@id\":\"https:\\\/\\\/renatefrotscher.art\\\/wp-content\\\/uploads\\\/2022\\\/10\\\/RF-logo-rond.png\",\"url\":\"https:\\\/\\\/renatefrotscher.art\\\/wp-content\\\/uploads\\\/2022\\\/10\\\/RF-logo-rond.png\",\"contentUrl\":\"https:\\\/\\\/renatefrotscher.art\\\/wp-content\\\/uploads\\\/2022\\\/10\\\/RF-logo-rond.png\",\"width\":300,\"height\":300,\"caption\":\"Renate Frotscher\"},\"logo\":{\"@id\":\"https:\\\/\\\/renatefrotscher.art\\\/wp-content\\\/uploads\\\/2022\\\/10\\\/RF-logo-rond.png\"},\"sameAs\":[\"https:\\\/\\\/www.facebook.com\\\/studiorenate\",\"https:\\\/\\\/www.instagram.com\\\/studiorenate\\\/\",\"https:\\\/\\\/www.linkedin.com\\\/in\\\/renatefrotscher\\\/\",\"https:\\\/\\\/www.pinterest.fr\\\/renatefr\\\/renate-frotscher-ceramics\\\/\",\"https:\\\/\\\/x.com\\\/https:\\\/\\\/twitter.com\\\/renatefrotscher\"]}]}<\/script>\n<!-- \/ Yoast SEO plugin. -->","yoast_head_json":{"title":"Design Objects - Renate Frotscher","description":"Artiste c\u00e9ramiste bas\u00e9 en France cr\u00e9ant des jouets d'art fantastiques et uniques pour d\u00e9corer votre espace r\u00e9el et virtuel.","robots":{"index":"index","follow":"follow","max-snippet":"max-snippet:-1","max-image-preview":"max-image-preview:large","max-video-preview":"max-video-preview:-1"},"canonical":"https:\/\/renatefrotscher.art\/fr\/design-objects\/","og_locale":"fr_FR","og_type":"article","og_title":"Design Objects - Renate Frotscher","og_description":"Artiste c\u00e9ramiste bas\u00e9 en France cr\u00e9ant des jouets d'art fantastiques et uniques pour d\u00e9corer votre espace r\u00e9el et virtuel.","og_url":"https:\/\/renatefrotscher.art\/fr\/design-objects\/","og_site_name":"Renate Frotscher","article_publisher":"https:\/\/www.facebook.com\/studiorenate","article_modified_time":"2025-11-27T15:11:11+00:00","og_image":[{"url":"https:\/\/renatefrotscher.art\/wp-content\/uploads\/2025\/11\/vulcanic-lamp-1024x1024.webp","type":"","width":"","height":""}],"twitter_misc":{"Dur\u00e9e de lecture estim\u00e9e":"1 minute"},"schema":{"@context":"https:\/\/schema.org","@graph":[{"@type":"WebPage","@id":"https:\/\/renatefrotscher.art\/design-objects","url":"https:\/\/renatefrotscher.art\/design-objects","name":"Design Objects - Renate Frotscher","isPartOf":{"@id":"https:\/\/renatefrotscher.art\/#website"},"primaryImageOfPage":{"@id":"https:\/\/renatefrotscher.art\/design-objects#primaryimage"},"image":{"@id":"https:\/\/renatefrotscher.art\/design-objects#primaryimage"},"thumbnailUrl":"https:\/\/renatefrotscher.art\/wp-content\/uploads\/2025\/11\/vulcanic-lamp-1024x1024.webp","datePublished":"2025-11-19T07:59:06+00:00","dateModified":"2025-11-27T15:11:11+00:00","description":"Artiste c\u00e9ramiste bas\u00e9 en France cr\u00e9ant des jouets d'art fantastiques et uniques pour d\u00e9corer votre espace r\u00e9el et virtuel.","breadcrumb":{"@id":"https:\/\/renatefrotscher.art\/design-objects#breadcrumb"},"inLanguage":"fr-FR","potentialAction":[{"@type":"ReadAction","target":["https:\/\/renatefrotscher.art\/design-objects"]}]},{"@type":"ImageObject","inLanguage":"fr-FR","@id":"https:\/\/renatefrotscher.art\/design-objects#primaryimage","url":"https:\/\/renatefrotscher.art\/wp-content\/uploads\/2025\/11\/vulcanic-lamp-1024x1024.webp","contentUrl":"https:\/\/renatefrotscher.art\/wp-content\/uploads\/2025\/11\/vulcanic-lamp-1024x1024.webp"},{"@type":"BreadcrumbList","@id":"https:\/\/renatefrotscher.art\/design-objects#breadcrumb","itemListElement":[{"@type":"ListItem","position":1,"name":"Home","item":"https:\/\/renatefrotscher.art\/"},{"@type":"ListItem","position":2,"name":"Design Objects"}]},{"@type":"WebSite","@id":"https:\/\/renatefrotscher.art\/#website","url":"https:\/\/renatefrotscher.art\/","name":"Renate Frotscher Artiste C\u00e9ramiste","description":"ARTIST C\u00c9RAMIST","publisher":{"@id":"https:\/\/renatefrotscher.art\/#\/schema\/person\/2df712b6d2d9cd5cf6de91832d12ed2d"},"alternateName":"Studio Renate","potentialAction":[{"@type":"SearchAction","target":{"@type":"EntryPoint","urlTemplate":"https:\/\/renatefrotscher.art\/?s={search_term_string}"},"query-input":{"@type":"PropertyValueSpecification","valueRequired":true,"valueName":"search_term_string"}}],"inLanguage":"fr-FR"},{"@type":["Person","Organization"],"@id":"https:\/\/renatefrotscher.art\/#\/schema\/person\/2df712b6d2d9cd5cf6de91832d12ed2d","name":"Renate Frotscher","image":{"@type":"ImageObject","inLanguage":"fr-FR","@id":"https:\/\/renatefrotscher.art\/wp-content\/uploads\/2022\/10\/RF-logo-rond.png","url":"https:\/\/renatefrotscher.art\/wp-content\/uploads\/2022\/10\/RF-logo-rond.png","contentUrl":"https:\/\/renatefrotscher.art\/wp-content\/uploads\/2022\/10\/RF-logo-rond.png","width":300,"height":300,"caption":"Renate Frotscher"},"logo":{"@id":"https:\/\/renatefrotscher.art\/wp-content\/uploads\/2022\/10\/RF-logo-rond.png"},"sameAs":["https:\/\/www.facebook.com\/studiorenate","https:\/\/www.instagram.com\/studiorenate\/","https:\/\/www.linkedin.com\/in\/renatefrotscher\/","https:\/\/www.pinterest.fr\/renatefr\/renate-frotscher-ceramics\/","https:\/\/x.com\/https:\/\/twitter.com\/renatefrotscher"]}]}},"_links":{"self":[{"href":"https:\/\/renatefrotscher.art\/fr\/wp-json\/wp\/v2\/pages\/9209","targetHints":{"allow":["GET"]}}],"collection":[{"href":"https:\/\/renatefrotscher.art\/fr\/wp-json\/wp\/v2\/pages"}],"about":[{"href":"https:\/\/renatefrotscher.art\/fr\/wp-json\/wp\/v2\/types\/page"}],"author":[{"embeddable":true,"href":"https:\/\/renatefrotscher.art\/fr\/wp-json\/wp\/v2\/users\/1"}],"replies":[{"embeddable":true,"href":"https:\/\/renatefrotscher.art\/fr\/wp-json\/wp\/v2\/comments?post=9209"}],"version-history":[{"count":27,"href":"https:\/\/renatefrotscher.art\/fr\/wp-json\/wp\/v2\/pages\/9209\/revisions"}],"predecessor-version":[{"id":9486,"href":"https:\/\/renatefrotscher.art\/fr\/wp-json\/wp\/v2\/pages\/9209\/revisions\/9486"}],"wp:attachment":[{"href":"https:\/\/renatefrotscher.art\/fr\/wp-json\/wp\/v2\/media?parent=9209"}],"curies":[{"name":"wp","href":"https:\/\/api.w.org\/{rel}","templated":true}]}}